{"id":50378,"date":"2016-09-12T20:01:42","date_gmt":"2016-09-12T20:01:42","guid":{"rendered":"https:\/\/donaulife-new.ogrisdigital.at\/produkt\/shanti-chillum-doppelkopf-the-twins\/"},"modified":"2025-01-15T07:15:54","modified_gmt":"2025-01-15T07:15:54","slug":"shanti-chillum-doppelkopf-the-twins","status":"publish","type":"product","link":"https:\/\/donaulife-new.ogrisdigital.at\/sv\/shanti-chillum-doppelkopf-the-twins\/","title":{"rendered":"SHANTI Chillum &#8216;The Twins&#8217; mit Doppelkopf 17 cm | 14,5>14,5mm"},"content":{"rendered":"<p>Dieses Shanti Chillum hat einen Schliff von 14,5 mm und kommt in der L\u00e4nge von 17 cm. Das Chillum besitzt einen Doppelkopf mit zhwei 14,5 mm Schliffen f\u00fcr die hartgesottenen Kr\u00e4uterliebhaber unter euch.<\/p>\n","protected":false},"excerpt":{"rendered":"<p>Dieses Shanti Chillum hat einen Schliff von 14,5 mm und kommt in der L\u00e4nge von 17 cm. Das Chillum besitzt<\/p>\n","protected":false},"featured_media":14253,"comment_status":"open","ping_status":"closed","template":"","meta":{"_acf_changed":false},"product_cat":[2536,2459,2530,2460],"product_tag":[],"acf":[],"_links":{"self":[{"href":"https:\/\/donaulife-new.ogrisdigital.at\/sv\/wp-json\/wp\/v2\/product\/50378"}],"collection":[{"href":"https:\/\/donaulife-new.ogrisdigital.at\/sv\/wp-json\/wp\/v2\/product"}],"about":[{"href":"https:\/\/donaulife-new.ogrisdigital.at\/sv\/wp-json\/wp\/v2\/types\/product"}],"replies":[{"embeddable":true,"href":"https:\/\/donaulife-new.ogrisdigital.at\/sv\/wp-json\/wp\/v2\/comments?post=50378"}],"wp:featuredmedia":[{"embeddable":true,"href":"https:\/\/donaulife-new.ogrisdigital.at\/sv\/wp-json\/wp\/v2\/media\/14253"}],"wp:attachment":[{"href":"https:\/\/donaulife-new.ogrisdigital.at\/sv\/wp-json\/wp\/v2\/media?parent=50378"}],"wp:term":[{"taxonomy":"product_cat","embeddable":true,"href":"https:\/\/donaulife-new.ogrisdigital.at\/sv\/wp-json\/wp\/v2\/product_cat?post=50378"},{"taxonomy":"product_tag","embeddable":true,"href":"https:\/\/donaulife-new.ogrisdigital.at\/sv\/wp-json\/wp\/v2\/product_tag?post=50378"}],"curies":[{"name":"wp","href":"https:\/\/api.w.org\/{rel}","templated":true}]}}