{"id":57419,"date":"2024-07-05T04:41:35","date_gmt":"2024-07-05T04:41:35","guid":{"rendered":"https:\/\/donaulife-new.ogrisdigital.at\/heisenberg-diffusorchillum-huell-292188mm\/"},"modified":"2024-07-05T04:41:35","modified_gmt":"2024-07-05T04:41:35","slug":"heisenberg-diffusorchillum-huell-292188mm","status":"publish","type":"product","link":"https:\/\/donaulife-new.ogrisdigital.at\/it\/heisenberg-diffusorchillum-huell-292188mm\/","title":{"rendered":"HEISENBERG Diffusorchillum \u2018Huell\u2019 | 29,2>18,8mm"},"content":{"rendered":"<h2>Heisenberg Diffusorchillum con attacco 29,2 >18,8 mm<\/h2>\n<p>Un Chillum diffusore a matrice con attacco da 29,2 mm a 18,8 mm. Il logo di Heisenberg \u00e8 stampato in nero sul tubo. Huell offre sempre i migliori risultati.<\/p>\n<h3>Informazioni su Heisenberg:<\/h3>\n<div>\n<p>Heisenberg &#8211; non solo un fenomeno grazie a Breaking Bad. Il marchio Heisenberg \u00e8 diventato famoso anche per i suoi bong in vetro. Nessun bong della serie Heisenberg \u00e8 uguale all&#8217;altro. Qui vengono offerti diversi elementi di design, come colori vivaci o funzionalit\u00e0 Glow in the dark, spazi per l&#8217;inserimento di illuminazione a LED e altri extra.<\/p>\n<\/div>\n<p>\u00a0<\/p>\n","protected":false},"excerpt":{"rendered":"<p>Heisenberg Diffusorchillum con attacco 29,2 >18,8 mm Un Chillum diffusore a matrice con attacco da 29,2 mm a 18,8 mm.<\/p>\n","protected":false},"featured_media":41860,"comment_status":"open","ping_status":"closed","template":"","meta":{"_acf_changed":false},"product_cat":[],"product_tag":[],"acf":[],"_links":{"self":[{"href":"https:\/\/donaulife-new.ogrisdigital.at\/it\/wp-json\/wp\/v2\/product\/57419"}],"collection":[{"href":"https:\/\/donaulife-new.ogrisdigital.at\/it\/wp-json\/wp\/v2\/product"}],"about":[{"href":"https:\/\/donaulife-new.ogrisdigital.at\/it\/wp-json\/wp\/v2\/types\/product"}],"replies":[{"embeddable":true,"href":"https:\/\/donaulife-new.ogrisdigital.at\/it\/wp-json\/wp\/v2\/comments?post=57419"}],"wp:featuredmedia":[{"embeddable":true,"href":"https:\/\/donaulife-new.ogrisdigital.at\/it\/wp-json\/wp\/v2\/media\/41860"}],"wp:attachment":[{"href":"https:\/\/donaulife-new.ogrisdigital.at\/it\/wp-json\/wp\/v2\/media?parent=57419"}],"wp:term":[{"taxonomy":"product_cat","embeddable":true,"href":"https:\/\/donaulife-new.ogrisdigital.at\/it\/wp-json\/wp\/v2\/product_cat?post=57419"},{"taxonomy":"product_tag","embeddable":true,"href":"https:\/\/donaulife-new.ogrisdigital.at\/it\/wp-json\/wp\/v2\/product_tag?post=57419"}],"curies":[{"name":"wp","href":"https:\/\/api.w.org\/{rel}","templated":true}]}}