{"id":57344,"date":"2024-07-04T17:07:07","date_gmt":"2024-07-04T17:07:07","guid":{"rendered":"https:\/\/donaulife-new.ogrisdigital.at\/cartine-dlx-deluxe-1-1-4-50-fogli\/"},"modified":"2024-07-04T17:07:07","modified_gmt":"2024-07-04T17:07:07","slug":"cartine-dlx-deluxe-1-1-4-50-fogli","status":"publish","type":"product","link":"https:\/\/donaulife-new.ogrisdigital.at\/it\/cartine-dlx-deluxe-1-1-4-50-fogli\/","title":{"rendered":"Cartine DLX Deluxe 1 1\/4 | 50 Fogli"},"content":{"rendered":"<h2>Cartine DLX Deluxe 1 1\/4<\/h2>\n<p>Sappiamo tutti che una sigaretta \u00e8 buona quanto la carta con cui \u00e8 avvolta. La Carta DLX\u00ae 1 1\/4 non \u00e8 solo realizzata con un particolare tessuto a bruciatura lenta, ma ha anche una chiusura magnetica incorporata.<\/p>\n<h3>Informazioni su DLX<\/h3>\n<div>Le cartine 1 1\/4 misurano 78 mm di lunghezza. Le cartine King Size sono lunghe 110 mm. Ma una sigaretta di dimensioni standard \u00e8 lunga 84 mm! Per anni abbiamo sentito dai fumatori che le 1 1\/4 sono le loro preferite, ma desideravano qualcosa di pi\u00f9 lungo. Dopo aver testato varie misure, abbiamo infine concluso che la maggior parte delle sigarette \u00e8 lunga 84 mm perch\u00e9 \u00e8 la lunghezza perfetta per una sigaretta! Cos\u00ec \u00e8 nata la DLX\u00ae 84 mm.<\/div>\n","protected":false},"excerpt":{"rendered":"<p>Cartine DLX Deluxe 1 1\/4 Sappiamo tutti che una sigaretta \u00e8 buona quanto la carta con cui \u00e8 avvolta. La<\/p>\n","protected":false},"featured_media":35213,"comment_status":"open","ping_status":"closed","template":"","meta":{"_acf_changed":false},"product_cat":[],"product_tag":[],"acf":[],"_links":{"self":[{"href":"https:\/\/donaulife-new.ogrisdigital.at\/it\/wp-json\/wp\/v2\/product\/57344"}],"collection":[{"href":"https:\/\/donaulife-new.ogrisdigital.at\/it\/wp-json\/wp\/v2\/product"}],"about":[{"href":"https:\/\/donaulife-new.ogrisdigital.at\/it\/wp-json\/wp\/v2\/types\/product"}],"replies":[{"embeddable":true,"href":"https:\/\/donaulife-new.ogrisdigital.at\/it\/wp-json\/wp\/v2\/comments?post=57344"}],"wp:featuredmedia":[{"embeddable":true,"href":"https:\/\/donaulife-new.ogrisdigital.at\/it\/wp-json\/wp\/v2\/media\/35213"}],"wp:attachment":[{"href":"https:\/\/donaulife-new.ogrisdigital.at\/it\/wp-json\/wp\/v2\/media?parent=57344"}],"wp:term":[{"taxonomy":"product_cat","embeddable":true,"href":"https:\/\/donaulife-new.ogrisdigital.at\/it\/wp-json\/wp\/v2\/product_cat?post=57344"},{"taxonomy":"product_tag","embeddable":true,"href":"https:\/\/donaulife-new.ogrisdigital.at\/it\/wp-json\/wp\/v2\/product_tag?post=57344"}],"curies":[{"name":"wp","href":"https:\/\/api.w.org\/{rel}","templated":true}]}}