{"id":57311,"date":"2024-07-04T14:48:56","date_gmt":"2024-07-04T14:48:56","guid":{"rendered":"https:\/\/donaulife-new.ogrisdigital.at\/heisenberg-vorkuehler-riddle-con-showerheadperc-188188-mm\/"},"modified":"2024-07-04T14:48:56","modified_gmt":"2024-07-04T14:48:56","slug":"heisenberg-vorkuehler-riddle-con-showerheadperc-188188-mm","status":"publish","type":"product","link":"https:\/\/donaulife-new.ogrisdigital.at\/it\/heisenberg-vorkuehler-riddle-con-showerheadperc-188188-mm\/","title":{"rendered":"HEISENBERG Vork\u00fchler \u2018Riddle\u2019 con Showerheadperc | 18,8>18,8 mm"},"content":{"rendered":"<h2>Heisenberg HNBG Riddle Vork\u00fchler con Showerhead Percolator integrato<\/h2>\n<p>Il Vork\u00fchler HNBG Riddle per bong in vetro ha una dimensione di smerigliatura di 18,8>18,8. La parte di collegamento per i bong bowls \u00e8 femminile (muffa), il collegamento al bong \u00e8 maschio (nucleo). La parte di collegamento maschile \u00e8 angolata verso il basso e quindi \u00e8 adatta per i bong che hanno un angolo di circa 40-45\u00b0 nella zona di collegamento laterale.<\/p>\n<p>La connessione a ciclo aperto e il design compatto della camera dell&#8217;acqua rendono il percolatore adatto a una variet\u00e0 di boccali e bong standard diversi. Raffredda e filtra il fumo in modo affidabile &#8211; il percolatore Showerhead.<\/p>\n<p>Il Vork\u00fchler HNBG Riddle \u00e8 dotato di un percolatore Showerhead. Il percolatore Showerhead conico \u00e8 la struttura ad ampio raggio all&#8217;interno della camera dell&#8217;acqua. La parte inferiore del percolatore presenta piccoli tagli lungo il bordo esterno. Il fumo viene aspirato attraverso i tagli e si divide durante l&#8217;inalazione. Ci\u00f2 garantisce un vortice uniforme e potente all&#8217;interno della camera, catturando precocemente i primi residui e le sostanze nocive e consentendo all&#8217;aroma di svilupparsi completamente durante il fumo. La tirata \u00e8 piacevole e non richiede sforzo durante l&#8217;inalazione.<\/p>\n","protected":false},"excerpt":{"rendered":"<p>Heisenberg HNBG Riddle Vork\u00fchler con Showerhead Percolator integrato Il Vork\u00fchler HNBG Riddle per bong in vetro ha una dimensione di<\/p>\n","protected":false},"featured_media":48878,"comment_status":"open","ping_status":"closed","template":"","meta":{"_acf_changed":false},"product_cat":[],"product_tag":[],"acf":[],"_links":{"self":[{"href":"https:\/\/donaulife-new.ogrisdigital.at\/it\/wp-json\/wp\/v2\/product\/57311"}],"collection":[{"href":"https:\/\/donaulife-new.ogrisdigital.at\/it\/wp-json\/wp\/v2\/product"}],"about":[{"href":"https:\/\/donaulife-new.ogrisdigital.at\/it\/wp-json\/wp\/v2\/types\/product"}],"replies":[{"embeddable":true,"href":"https:\/\/donaulife-new.ogrisdigital.at\/it\/wp-json\/wp\/v2\/comments?post=57311"}],"wp:featuredmedia":[{"embeddable":true,"href":"https:\/\/donaulife-new.ogrisdigital.at\/it\/wp-json\/wp\/v2\/media\/48878"}],"wp:attachment":[{"href":"https:\/\/donaulife-new.ogrisdigital.at\/it\/wp-json\/wp\/v2\/media?parent=57311"}],"wp:term":[{"taxonomy":"product_cat","embeddable":true,"href":"https:\/\/donaulife-new.ogrisdigital.at\/it\/wp-json\/wp\/v2\/product_cat?post=57311"},{"taxonomy":"product_tag","embeddable":true,"href":"https:\/\/donaulife-new.ogrisdigital.at\/it\/wp-json\/wp\/v2\/product_tag?post=57311"}],"curies":[{"name":"wp","href":"https:\/\/api.w.org\/{rel}","templated":true}]}}