{"id":55228,"date":"2023-12-12T10:42:26","date_gmt":"2023-12-12T10:42:26","guid":{"rendered":"https:\/\/donaulife-new.ogrisdigital.at\/produkt\/woodzl-tabaktasche-rolling-bag\/"},"modified":"2024-07-01T01:13:48","modified_gmt":"2024-07-01T01:13:48","slug":"woodzl-tabaktasche-rolling-bag","status":"publish","type":"product","link":"https:\/\/donaulife-new.ogrisdigital.at\/it\/woodzl-tabaktasche-rolling-bag\/","title":{"rendered":"Woodzl Tabaktasche &#8216;Rolling Bag&#8217;"},"content":{"rendered":"<h2>Woodzl Tabaktasche aus Stoff \u2013 die ma\u00dfgeschneiderte Tabaktasche f\u00fcr den Cannaisseur\u200b<\/h2>\n<p>Tabaktasche neu gedacht: mit dem diskreten Cannaisseur-Tray vereint das Woodzl Rolling Bag den allt\u00e4glichen Raucherbedarf mit deinen 420-Utensilien.<\/p>\n<h4>Das wichtigste im \u00dcberblick<\/h4>\n<ul>\n<li aria-level=\"1\"><strong>Cannaisseur Tray<\/strong><br \/>\nEin gro\u00dfes Fach, dass du wie ein Rolling Tray verwenden kannst bietet Platz f\u00fcr deine Grinderkarte, Longpaper, Lieblingskr\u00e4uter und Aktivkohlefilter und dient als Windschutz. Diskret verschlossen wirst du nicht sofort von neugierigen Blicken enttarnt wenn du dir eine Zigarette drehst.<\/li>\n<li aria-level=\"1\"><strong>Festival Strap<\/strong><br \/>\nDer abnehmbare Tragegurt eignet sich besonders z. B. auf Festivals. Einmal die stylische Tasche umgeh\u00e4ngt, sieht das nicht nur schick aus, sondern du hast auch alles n\u00f6tige kompakt verstaut.<\/li>\n<li aria-level=\"1\"><strong>Handmade in Ghana<\/strong><br \/>\nMit jedem Kauf unterst\u00fctzt du einen kleinen Familienbetrieb in Westafrika, der in direkter Zusammenarbeit die Hand geschneiderten Woodzl Rolling Bags produziert.<\/li>\n<li aria-level=\"1\"><strong>Erh\u00e4ltlich in verschiedenen Farben<\/strong><br \/>\nDie Tabakbeutel gibt es in schlichter, einfarbiger Ausf\u00fchrung aber auch in Kombination mit lebendigen, afrikanischen Designs.<\/li>\n<\/ul>\n<h4>Das Cannaisseur-Tray<\/h4>\n<p>Das Woodzl Rolling Bag ist die erste Stoff-Tabaktasche, die neben den \u00fcblichen F\u00e4chern f\u00fcr den Raucherbedarf mit einem extra Cannaisseur-Fach gen\u00e4ht wurde. Dieser diskret und separat verschlie\u00dfbare Bereich kann aufgeklappt wie ein Tray verwendet werden. Neben dem Platz f\u00fcr deine n\u00f6tigen Utensilien bietet er auch Wind- und Sichtschutz. Deine Longpapers k\u00f6nnen ebenso wie die\u00a0Woodzl Grinderkarte\u00a0befestigt werden. In Verbindung mit\u00a0Woodzl Longpapers\u00a0hast du auf deinem Tray eine komfortable Drehablage f\u00fcr unterwegs. Deine Aktivkohlefilter und feinsten Kr\u00e4uter kannst du in einem kleinen Zusatzfach unentdeckt aufbewahren.<\/p>\n<h4>Platz f\u00fcr den allt\u00e4glichen Bedarf<\/h4>\n<p>Die Tabaktasche ist extra etwas breiter ausgef\u00fchrt, damit auch gr\u00f6\u00dfere Verpackungen wie z.B. der Kr\u00e4utertabak von Real Leaf darin Platz finden. Die F\u00e4cher f\u00fcr deinen Tabak und die Zigarettenfilter werden durch das Zusammenfalten sicher verschlossen. Die eingen\u00e4hte \u00d6ffnungsspange fixiert den Tabak und erleichtert dessen Entnahme. Das obligatorische Zigarettenpapier Fach bietet auch Platz f\u00fcr unsere\u00a0Woodzl Sticky Papes. Dein Lieblings Clipper, oder andere Feuerzeuge verstaust du direkt neben dran.<\/p>\n<p>Mit einer Schnur stylisch umwickelt, wird der Woodzl Rolling Bag sicher verschlossen. An kleinen unscheinbaren Laschen kannst du die Tabaktasche bei Bedarf mit dem mitgelieferten Tragegurt verbinden. \u00dcber der Schulter getragen, hast du alles N\u00f6tige auf dem Festival oder drau\u00dfen in der Natur dabei.<\/p>\n<h3>Handmade in Ghana<\/h3>\n<p>Unsere selbst entwickelte Tabaktasche wird in direkter Zusammenarbeit in einem kleinen Familienbetrieb in Ghana speziell f\u00fcr deine Bed\u00fcrfnisse ma\u00dfgeschneidert. Mit dem Kauf unterst\u00fctzt du somit lokale Schneider und schaffst Arbeit und Perspektive. Wir legen viel Wert auf eine faire Kooperation auf Augenh\u00f6he. Alle Materialien werden ebenfalls auf einheimischen M\u00e4rkten erworben. Damit gew\u00e4hrleisten wir, dass der Gro\u00dfteil der Wertsch\u00f6pfung innerhalb des Landes stattfindet und sich nicht, wie so oft, nur auf die Ausbeutung von Rohstoffen konzentriert.<\/p>\n<p><strong>Lieferumfang:<\/strong><\/p>\n<ul>\n<li>1x Rolling Bag Tabaktasche<\/li>\n<li>1x Festival Strap Tragegurt<br \/>\n*Brokkoli, Papers, Grinder und Filter nicht im Lieferumfang enthalten<\/li>\n<\/ul>\n<h3>\u00dcber Woodzl:<\/h3>\n<p>Wir, das Woodzl-Team, sind ein kleines Start-up aus Regensburg, dem Herzen des Bayerischen Waldes.<\/p>\n<p>Wir leben mit und in unserer Umwelt und wollen nachhaltig und bewusst damit umgehen. Wir lieben es, drau\u00dfen unterwegs zu sein und mit guten Freunden das Leben zu genie\u00dfen.<\/p>\n<p>Mit Woodzl hast du immer alles dabei \u2013 kompakt und stilvoll verpackt.<\/p>\n","protected":false},"excerpt":{"rendered":"<p>Woodzl Tabaktasche aus Stoff \u2013 die ma\u00dfgeschneiderte Tabaktasche f\u00fcr den Cannaisseur\u200b Tabaktasche neu gedacht: mit dem diskreten Cannaisseur-Tray vereint das<\/p>\n","protected":false},"featured_media":42884,"comment_status":"open","ping_status":"closed","template":"","meta":{"_acf_changed":false},"product_cat":[2607,2451,3313],"product_tag":[],"acf":[],"_links":{"self":[{"href":"https:\/\/donaulife-new.ogrisdigital.at\/it\/wp-json\/wp\/v2\/product\/55228"}],"collection":[{"href":"https:\/\/donaulife-new.ogrisdigital.at\/it\/wp-json\/wp\/v2\/product"}],"about":[{"href":"https:\/\/donaulife-new.ogrisdigital.at\/it\/wp-json\/wp\/v2\/types\/product"}],"replies":[{"embeddable":true,"href":"https:\/\/donaulife-new.ogrisdigital.at\/it\/wp-json\/wp\/v2\/comments?post=55228"}],"wp:featuredmedia":[{"embeddable":true,"href":"https:\/\/donaulife-new.ogrisdigital.at\/it\/wp-json\/wp\/v2\/media\/42884"}],"wp:attachment":[{"href":"https:\/\/donaulife-new.ogrisdigital.at\/it\/wp-json\/wp\/v2\/media?parent=55228"}],"wp:term":[{"taxonomy":"product_cat","embeddable":true,"href":"https:\/\/donaulife-new.ogrisdigital.at\/it\/wp-json\/wp\/v2\/product_cat?post=55228"},{"taxonomy":"product_tag","embeddable":true,"href":"https:\/\/donaulife-new.ogrisdigital.at\/it\/wp-json\/wp\/v2\/product_tag?post=55228"}],"curies":[{"name":"wp","href":"https:\/\/api.w.org\/{rel}","templated":true}]}}