{"id":55223,"date":"2023-12-12T09:34:22","date_gmt":"2023-12-12T09:34:22","guid":{"rendered":"https:\/\/donaulife-new.ogrisdigital.at\/produkt\/woodzl-brown-kingsize-tips-grindercard-32-blatt\/"},"modified":"2024-07-01T01:13:43","modified_gmt":"2024-07-01T01:13:43","slug":"woodzl-brown-kingsize-tips-grindercard-32-blatt","status":"publish","type":"product","link":"https:\/\/donaulife-new.ogrisdigital.at\/it\/woodzl-brown-kingsize-tips-grindercard-32-blatt\/","title":{"rendered":"WOODZL Brown Kingsize + Tips | 33 Blatt"},"content":{"rendered":"<h2>Woodzl ungebleichte Kingsize Papers inkl Tips und Platz f\u00fcr Grindercard<\/h2>\n<p>Unsere beliebten Longpapers gibt es jetzt auch in der klassischen, ultrad\u00fcnnen und ungebleichten Variante.<\/p>\n<p>Wir pr\u00e4sentieren euch die ersten\u00a0King Size Slim Papers\u00a0Papers mit einer Verpackung, die euch mehr bietet!<\/p>\n<p>Die edle Verpackung l\u00e4sst sich mit einem Handgriff zu einer komfortablen Paper-Ablagefl\u00e4che aufklappen. Die optional erh\u00e4ltliche, hochwertige und wiederverwendbare\u00a0<a href=\"https:\/\/woodzl.de\/shop\/woodzl-grinderkarte\" target=\"_blank\" rel=\"noopener\">Grinderkarte<\/a>\u00a0wird in einem daf\u00fcr vorgesehenen Fach der Paperverpackung sicher aufbewahrt. Trotz ihres funktionalen Umfangs ist die Verpackung zusammengeklappt nicht gr\u00f6\u00dfer als eine herk\u00f6mmliche Kingsize Slim Paper Verpackung.<\/p>\n<p>Die ungebleichten Longpaper brennen sauber, langsam und restlos ab. Auch Inside-out-Fans kommen durch den starken, genfreien Maisst\u00e4rkekleber auf ihre Kosten! Die integrierten Filtertips sind perforiert und \u00fcberzeugen zusammengerollt durch Stabilit\u00e4t und einen perfekten Durchzug.<\/p>\n<p>Filtertips und Verpackung sind aus recyceltem Karton gefertigt. Das Booklet kommt ohne Kunststoff, Gummi oder Magnet aus, weshalb es vom umweltbewussten Raucher direkt im Papierm\u00fcll entsorgt werden kann. Das Paperbooklet besticht mit seinem unauff\u00e4lligem Design.<\/p>\n<h2>Woodzl Papers:<\/h2>\n<ul>\n<li>Verpackung mit aufklappbarer Paperablagefl\u00e4che<\/li>\n<li>Aufbewahrungsfach f\u00fcr die Grinderkarte<\/li>\n<li>Papers aus biologischem und ungebleichtem Hanf<\/li>\n<li>Perforierte Filtertips<\/li>\n<li>Verpackung und Filtertips hergestellt aus recyceltem Karton<\/li>\n<\/ul>\n<p><img fetchpriority=\"high\" decoding=\"async\" class=\"alignnone wp-image-40070\" src=\"https:\/\/www.donaulife.com\/wp-content\/uploads\/2020\/09\/Woodzl-Longpapers_komp-300x200.jpg\" alt=\"\" width=\"600\" height=\"400\" \/><\/p>\n<h2>Woodzl Grinderkarte:<\/h2>\n<ul>\n<li>Spezielle Schneidkantengeometrie f\u00fcr extra feines Zerkleinern<\/li>\n<li>Stopfer zum einfachen Verdichten des Tabaks<\/li>\n<li>Hergestellt aus lebensmittelechtem, hochwertigem Edelstahl (1.4301)<\/li>\n<li>Wir pr\u00e4sentieren euch die ersten Long Papers mit einer Verpackung, die euch mehr bietet!<\/li>\n<\/ul>\n<p>Die edle Verpackung l\u00e4sst sich mit einem Handgriff zu einer komfortablen Paper-Ablagefl\u00e4che aufklappen. Die optional erh\u00e4ltliche, hochwertige und wiederverwendbare Grinderkarte wird in einem daf\u00fcr vorgesehenen Fach der Paperverpackung sicher aufbewahrt. Trotz ihres funktionalen Umfangs ist die Verpackung zusammengeklappt nicht gr\u00f6\u00dfer als eine herk\u00f6mmliche Kingsize Slim Paper Verpackung.<\/p>\n<p>Die aus ungebleichtem, biologischem Hanf gefertigten Papers brennen sauber, langsam und restlos ab. Auch Inside-out-Fans kommen durch den starken, GMO-freien Kleber auf ihre Kosten! Die integrierten Filtertips sind perforiert und \u00fcberzeugen zusammengerollt durch Stabilit\u00e4t und einen perfekten Durchzug.<\/p>\n<p>Filtertips und Verpackung sind aus recyceltem Karton gefertigt. Das Booklet kommt ohne Kunststoff, Gummi oder Magnet aus, weshalb es vom umweltbewussten Raucher direkt im Papierm\u00fcll entsorgt werden kann. Das Paperbooklet besticht mit seinem unauff\u00e4lligem, aber f\u00fcr den Kenner eindeutig identifizierbaren m\u00e4nnlichen Hanfbl\u00fcten-Design.<\/p>\n<p>Der Grinder ist das zentrale Werkzeug f\u00fcr deinen Genuss \u2013 ob zuhause oder unterwegs.<\/p>\n<p>Die Geometrie der Grinderkarte vereint Design und Handlichkeit mit Robustheit und Funktionalit\u00e4t. Die innovative, patentierte Schneidkantengeometrie schneidet Bl\u00fcten besonders fein und sorgt so f\u00fcr eine saubere Verbrennung und vollendetes Aroma.<\/p>\n<p>Der lebensmittelechte Edelstahl 1.4301 wurde wegen seiner hohen G\u00fcte und Abriebfestigkeit ausgew\u00e4hlt. Somit landet kein Aluminium oder Kunststoff in deinen geriebenen Bl\u00fcten, wie bei handels\u00fcblichen Grindern.<\/p>\n<p>Das Markenzeichen \u201eWOODZL\u201c gibt dem Grinder einen unverkennbar edlen Look. Ein weiteres Highlight ist die Form der Grinderkarte: Neben dem integrierten Stopfer hat sie die perfekte Gr\u00f6\u00dfe, um sie in der Woodzl Papers Verpackung zu verstauen. Dort ist sie gut gesch\u00fctzt und stets bereit, dein n\u00e4chstes Abenteuer mit dir zu bestreiten.<\/p>\n<p><iframe title=\"Woodzl \u2013 Natural \u00b7 Rolling \u00b7 Papers : ungebleichte Hanf-Longpapes in revolution\u00e4rer Recyclingpackung\" width=\"500\" height=\"281\" src=\"https:\/\/www.youtube.com\/embed\/jPM2_XmvJIM?feature=oembed\" frameborder=\"0\" allow=\"accelerometer; autoplay; clipboard-write; encrypted-media; gyroscope; picture-in-picture; web-share\" referrerpolicy=\"strict-origin-when-cross-origin\" allowfullscreen><\/iframe><\/p>\n<h3>\u00dcber Woodzl:<\/h3>\n<p>Wir, das Woodzl-Team, sind ein kleines Start-up aus Regensburg, dem Herzen des Bayerischen Waldes.<\/p>\n<p>Wir leben mit und in unserer Umwelt und wollen nachhaltig und bewusst damit umgehen. Wir lieben es, drau\u00dfen unterwegs zu sein und mit guten Freunden das Leben zu genie\u00dfen.<\/p>\n<p>Mit Woodzl hast du immer alles dabei \u2013 kompakt und stilvoll verpackt.<\/p>\n","protected":false},"excerpt":{"rendered":"<p>Woodzl ungebleichte Kingsize Papers inkl Tips und Platz f\u00fcr Grindercard Unsere beliebten Longpapers gibt es jetzt auch in der klassischen,<\/p>\n","protected":false},"featured_media":42858,"comment_status":"open","ping_status":"open","template":"","meta":{"_acf_changed":false},"product_cat":[2566,2451,2453,2452,2492],"product_tag":[3266],"acf":[],"_links":{"self":[{"href":"https:\/\/donaulife-new.ogrisdigital.at\/it\/wp-json\/wp\/v2\/product\/55223"}],"collection":[{"href":"https:\/\/donaulife-new.ogrisdigital.at\/it\/wp-json\/wp\/v2\/product"}],"about":[{"href":"https:\/\/donaulife-new.ogrisdigital.at\/it\/wp-json\/wp\/v2\/types\/product"}],"replies":[{"embeddable":true,"href":"https:\/\/donaulife-new.ogrisdigital.at\/it\/wp-json\/wp\/v2\/comments?post=55223"}],"wp:featuredmedia":[{"embeddable":true,"href":"https:\/\/donaulife-new.ogrisdigital.at\/it\/wp-json\/wp\/v2\/media\/42858"}],"wp:attachment":[{"href":"https:\/\/donaulife-new.ogrisdigital.at\/it\/wp-json\/wp\/v2\/media?parent=55223"}],"wp:term":[{"taxonomy":"product_cat","embeddable":true,"href":"https:\/\/donaulife-new.ogrisdigital.at\/it\/wp-json\/wp\/v2\/product_cat?post=55223"},{"taxonomy":"product_tag","embeddable":true,"href":"https:\/\/donaulife-new.ogrisdigital.at\/it\/wp-json\/wp\/v2\/product_tag?post=55223"}],"curies":[{"name":"wp","href":"https:\/\/api.w.org\/{rel}","templated":true}]}}