{"id":55218,"date":"2023-12-07T10:06:25","date_gmt":"2023-12-07T10:06:25","guid":{"rendered":"https:\/\/donaulife-new.ogrisdigital.at\/produkt\/marie-naturtalent-kingsize-tips-rolling-papers\/"},"modified":"2024-07-01T01:13:38","modified_gmt":"2024-07-01T01:13:38","slug":"marie-naturtalent-kingsize-tips-rolling-papers","status":"publish","type":"product","link":"https:\/\/donaulife-new.ogrisdigital.at\/it\/marie-naturtalent-kingsize-tips-rolling-papers\/","title":{"rendered":"MARIE &#8216;Naturtalent&#8217; Kingsize + Tips Rolling Papers"},"content":{"rendered":"<h2>Marie Kingsize + Tips Papers ungebleicht<\/h2>\n<p><strong>Neuer Name, neue Packung, selbe Paper-Qualit\u00e4t.<\/strong><\/p>\n<p>Unsere\u00a0<strong>nature\u2019s friends King Size Slim Papers<\/strong>\u00a0aus Bio-Hanf und der verganen Gummiarabikum-Klebefl\u00e4che waren ja schon immer besonders nachhaltig. Das Gleiche gilt jetzt auch f\u00fcr die Verpackung, denn diese besteht aus nat\u00fcrlichem Graspapier \u2013 ein Rohstoff, der besonders schnell nachw\u00e4chst. Und weil wir selbst so gro\u00dfe Fans der neuen Verpackung sind, haben wir in jedes B\u00fcchel auch gleich noch 34 Filter Tips aus dem selben nat\u00fcrlichen Material dazugepackt. Ein richtiges\u00a0<strong>NATURTALENT<\/strong>\u00a0eben.<\/p>\n<h2>\u00dcber Marie:<\/h2>\n<h3>\u00dcber Marie:<\/h3>\n<p>Woher der Name MARIE kommt, das kann heute keiner mehr so genau sagen. Vielleicht war es eine gro\u00dfe Pers\u00f6nlichkeit, die so verewigt wurde? Oder ist es doch eine Hommage an die \u201eTanzmarie\u201c? Aber eigentlich ist das gar nicht so wichtig. Wichtig ist nur, dass MARIE schon seit 1984 mit Wuzelpapieren und Filterh\u00fclsen in bester \u201eMade in Austria\u201c-Qualit\u00e4t am heimischen Markt vertreten ist. Und mit dem Wandel der Zeit und der Wuzler-Bed\u00fcrfnisse auch selbst viele Ver\u00e4nderungen durchgemacht hat. War MARIE einst nur in Original erh\u00e4ltlich, gibt es heute auch MARIE Fine und Ultrafine f\u00fcr vielseitigen, unwiderstehlichen Wuzelgenuss.<\/p>\n<p>Hinter der Marke MARIE steht ein Unternehmen mit viel Erfahrung und einem gro\u00dfen Netzwerk: CIMA mit Sitz in St. Peter am Wimberg im ober\u00f6sterreichischen M\u00fchlviertel ist seit 1983 nicht nur f\u00fcr die Produktion von Papers der Marke MARIE verantwortlich, sondern auch f\u00fcr die Marken GIZEH und MASCOTTE.<\/p>\n<p>-Seit 1984 ist MARIE mit MARIE Original Papers und Filterh\u00fclsen auf dem \u00f6sterreichischen Markt.<br \/>\n-Im Jahr 2007 stie\u00dfen MARIE Extra Slim Papers mit der originalen Papierst\u00e4rke sowie Eindrehfilter und Duo Roller zum Sortiment dazu.<br \/>\n-2010 war das Jahr der Fine und Ultrafine Papers im Heftchen mit neuartigem Magnetverschluss.<br \/>\n-Stopfern wurde 2011 durch die Einf\u00fchrung von MARIE Extra Filterh\u00fclsen und dem Vario Stopfer das Sparen beim Stopfen wesentlich erleichtert.<br \/>\n-King Size Verwender konnten sich ab 2012 \u00fcber MARIE King Size Slim und Rolls Slim freuen \u2013 beide in Ultrafine.<br \/>\n-Nachhaltige Wuzler k\u00f6nnen seit 2014 mit der MARIE nature\u2019s friends Serie aus zertifiziertem Bio-Hanf besonders \u201egr\u00fcn\u201c wuzeln.<\/p>\n","protected":false},"excerpt":{"rendered":"<p>Marie Kingsize + Tips Papers ungebleicht Neuer Name, neue Packung, selbe Paper-Qualit\u00e4t. Unsere\u00a0nature\u2019s friends King Size Slim Papers\u00a0aus Bio-Hanf und<\/p>\n","protected":false},"featured_media":27241,"comment_status":"open","ping_status":"open","template":"","meta":{"_acf_changed":false},"product_cat":[2451,2453,2452],"product_tag":[2628],"acf":[],"_links":{"self":[{"href":"https:\/\/donaulife-new.ogrisdigital.at\/it\/wp-json\/wp\/v2\/product\/55218"}],"collection":[{"href":"https:\/\/donaulife-new.ogrisdigital.at\/it\/wp-json\/wp\/v2\/product"}],"about":[{"href":"https:\/\/donaulife-new.ogrisdigital.at\/it\/wp-json\/wp\/v2\/types\/product"}],"replies":[{"embeddable":true,"href":"https:\/\/donaulife-new.ogrisdigital.at\/it\/wp-json\/wp\/v2\/comments?post=55218"}],"wp:featuredmedia":[{"embeddable":true,"href":"https:\/\/donaulife-new.ogrisdigital.at\/it\/wp-json\/wp\/v2\/media\/27241"}],"wp:attachment":[{"href":"https:\/\/donaulife-new.ogrisdigital.at\/it\/wp-json\/wp\/v2\/media?parent=55218"}],"wp:term":[{"taxonomy":"product_cat","embeddable":true,"href":"https:\/\/donaulife-new.ogrisdigital.at\/it\/wp-json\/wp\/v2\/product_cat?post=55218"},{"taxonomy":"product_tag","embeddable":true,"href":"https:\/\/donaulife-new.ogrisdigital.at\/it\/wp-json\/wp\/v2\/product_tag?post=55218"}],"curies":[{"name":"wp","href":"https:\/\/api.w.org\/{rel}","templated":true}]}}