{"id":55149,"date":"2023-10-25T12:42:01","date_gmt":"2023-10-25T12:42:01","guid":{"rendered":"https:\/\/donaulife-new.ogrisdigital.at\/produkt\/herby-roller-wer-rollhilfe\/"},"modified":"2024-07-01T01:12:56","modified_gmt":"2024-07-01T01:12:56","slug":"herby-roller-wer-rollhilfe","status":"publish","type":"product","link":"https:\/\/donaulife-new.ogrisdigital.at\/it\/herby-roller-wer-rollhilfe\/","title":{"rendered":"HERBY Roller weR &#8211; Rollhilfe"},"content":{"rendered":"<h2>Herby Roller &#8211; Rollasistent<\/h2>\n<p>herby ROLLER ist die perfekte All-in-One L\u00f6sung, mit dem du einen perfekt gedrehten Joint rollst.<br \/>\nWind ist kein Thema mehr, und M\u00e4dchen m\u00fcssen nicht mehr mit ihren langen Fingern\u00e4geln k\u00e4mpfen.<br \/>\nTrotz seiner komfortablen Gr\u00f6\u00dfe verf\u00fcgt der herby \u00fcber einen eingebauten Grinder, einen Stauraum f\u00fcr Papers und Tips sowie einen zus\u00e4tzlichen Stauraum f\u00fcr deine Kr\u00e4uter.<\/p>\n<p><img fetchpriority=\"high\" decoding=\"async\" class=\"alignnone wp-image-51199\" src=\"https:\/\/www.donaulife.com\/wp-content\/uploads\/2023\/10\/herby-roller-wer-cone-rullare-intruktioner-800x800-1-300x300.jpg\" alt=\"\" width=\"579\" height=\"579\" \/><\/p>\n<div style=\"width: 1920px;\" class=\"wp-video\"><!--[if lt IE 9]><script>document.createElement('video');<\/script><![endif]-->\n<video class=\"wp-video-shortcode\" id=\"video-55149-1\" width=\"1920\" height=\"1080\" preload=\"metadata\" controls=\"controls\"><source type=\"video\/mp4\" src=\"https:\/\/www.donaulife.com\/wp-content\/uploads\/2023\/10\/6240c34d8a814abf8afc07806121313a.HD-1080p-2.5Mbps-13677942.mp4?_=1\" \/><a href=\"https:\/\/www.donaulife.com\/wp-content\/uploads\/2023\/10\/6240c34d8a814abf8afc07806121313a.HD-1080p-2.5Mbps-13677942.mp4\" target=\"_blank\" rel=\"noopener\">https:\/\/www.donaulife.com\/wp-content\/uploads\/2023\/10\/6240c34d8a814abf8afc07806121313a.HD-1080p-2.5Mbps-13677942.mp4<\/a><\/video><\/div>\n","protected":false},"excerpt":{"rendered":"<p>Herby Roller &#8211; Rollasistent herby ROLLER ist die perfekte All-in-One L\u00f6sung, mit dem du einen perfekt gedrehten Joint rollst. Wind<\/p>\n","protected":false},"featured_media":42298,"comment_status":"open","ping_status":"open","template":"","meta":{"_acf_changed":false},"product_cat":[2607,2763,2480,2451,2452],"product_tag":[],"acf":[],"_links":{"self":[{"href":"https:\/\/donaulife-new.ogrisdigital.at\/it\/wp-json\/wp\/v2\/product\/55149"}],"collection":[{"href":"https:\/\/donaulife-new.ogrisdigital.at\/it\/wp-json\/wp\/v2\/product"}],"about":[{"href":"https:\/\/donaulife-new.ogrisdigital.at\/it\/wp-json\/wp\/v2\/types\/product"}],"replies":[{"embeddable":true,"href":"https:\/\/donaulife-new.ogrisdigital.at\/it\/wp-json\/wp\/v2\/comments?post=55149"}],"wp:featuredmedia":[{"embeddable":true,"href":"https:\/\/donaulife-new.ogrisdigital.at\/it\/wp-json\/wp\/v2\/media\/42298"}],"wp:attachment":[{"href":"https:\/\/donaulife-new.ogrisdigital.at\/it\/wp-json\/wp\/v2\/media?parent=55149"}],"wp:term":[{"taxonomy":"product_cat","embeddable":true,"href":"https:\/\/donaulife-new.ogrisdigital.at\/it\/wp-json\/wp\/v2\/product_cat?post=55149"},{"taxonomy":"product_tag","embeddable":true,"href":"https:\/\/donaulife-new.ogrisdigital.at\/it\/wp-json\/wp\/v2\/product_tag?post=55149"}],"curies":[{"name":"wp","href":"https:\/\/api.w.org\/{rel}","templated":true}]}}