{"id":55142,"date":"2023-10-25T10:05:59","date_gmt":"2023-10-25T10:05:59","guid":{"rendered":"https:\/\/donaulife-new.ogrisdigital.at\/produkt\/scipio-rolling-tray-3d-druck-pla\/"},"modified":"2024-07-01T01:12:51","modified_gmt":"2024-07-01T01:12:51","slug":"scipio-rolling-tray-3d-druck-pla","status":"publish","type":"product","link":"https:\/\/donaulife-new.ogrisdigital.at\/it\/scipio-rolling-tray-3d-druck-pla\/","title":{"rendered":"SCIPIO Rolling Tray 3D Druck | PLA"},"content":{"rendered":"<h2><span style=\"font-family: Arial, serif;\"><span lang=\"en-US\"><b>Scipio Rolling Tray mit Ablage<\/b><\/span><\/span><\/h2>\n<p align=\"justify\"><span style=\"font-family: Arial, serif;\">Das Scipio Rolling Tray ist eine formsch\u00f6ne Bauunterlage mit zwei Funktionen: Zum einen kann w\u00e4hrend des Bauens das Bl\u00e4ttchen in die Rinne gelegt werden, die mittig auf dem Tablett verl\u00e4uft, um es optimal bef\u00fcllen zu k\u00f6nnen und dabei beide H\u00e4nde frei zu haben. Zum anderen dient das Tablett als Unterlage, um w\u00e4hrend des Bauens allerlei Br\u00f6sel aufzufangen.<\/span><\/p>\n<p align=\"justify\"><span style=\"font-family: Arial, serif;\">Die Classic-Version misst 18 x 11 cm, w\u00e4hrend die Slim-Version nur 18 x 8,5 cm misst. Der Hauptunterschied zwischen den beiden Versionen ist, dass bei der Classic-Version das Bl\u00e4ttchen vollst\u00e4ndig in die mittige Rinne hineinpasst, w\u00e4hrend das Bl\u00e4ttchen bei der Slim-Version ein Paar Millimeter \u00fcber die R\u00e4nder der Rinne hinausragt, wodurch es leichter ist das Bl\u00e4ttchen nach dem Bef\u00fcllen aus dem Tray herauszunehmen.<\/span><\/p>\n<p align=\"justify\"><span style=\"font-family: Arial, serif;\">Das Rolling Tray wurde aus Basic PLA der Firma Bambu Lab gedruckt. Der daf\u00fcr genutzte Drucker ist ein Bambu Lab X1 Carbon Drucker.<\/span><\/p>\n<p align=\"justify\"><span style=\"font-family: Arial, serif;\">Das Modell f\u00fcr das Tray kann nat\u00fcrlich auch kostenlos auf Thingiverse heruntergeladen werden:<\/span><\/p>\n<p><span style=\"font-family: Arial, serif;\">Slim-Version: <\/span><span style=\"color: #0563c1;\"><u><a href=\"https:\/\/www.thingiverse.com\/thing:6167909\" target=\"_blank\" rel=\"noopener\"><span style=\"font-family: Arial, serif;\">https:\/\/www.thingiverse.com\/thing:6167909<\/span><\/a><\/u><\/span><\/p>\n<p><span style=\"font-family: Arial, serif;\"><span lang=\"en-US\">Classic-Version: <\/span><\/span><span style=\"color: #0563c1;\"><u><a href=\"https:\/\/www.thingiverse.com\/thing:6167893\" target=\"_blank\" rel=\"noopener\"><span style=\"font-family: Arial, serif;\"><span lang=\"en-US\">https:\/\/www.thingiverse.com\/thing:6167893<\/span><\/span><\/a><\/u><\/span><\/p>\n<p><span style=\"font-family: Arial, serif;\"><span lang=\"en-US\"><b>Features<\/b><\/span><\/span><\/p>\n<ul>\n<li><span style=\"font-family: Arial, serif;\"><span lang=\"en-US\">Aus Bioplastik (PLA)<\/span><\/span><\/li>\n<li><span style=\"font-family: Arial, serif;\"><span lang=\"en-US\">Solides Material<\/span><\/span><\/li>\n<li><span style=\"font-family: Arial, serif;\"><span lang=\"en-US\">Glatte Oberfl\u00e4che<\/span><\/span><\/li>\n<li><span style=\"font-family: Arial, serif;\"><span lang=\"en-US\">Unterlage zum einfachen Bauen<\/span><\/span><\/li>\n<li><span style=\"font-family: Arial, serif;\"><span lang=\"en-US\">Leichtes Gewicht<\/span><\/span><\/li>\n<li><span style=\"font-family: Arial, serif;\"><span lang=\"en-US\">Designt in Deutschland<\/span><\/span><\/li>\n<li><span style=\"font-family: Arial, serif;\"><span lang=\"en-US\">Gedruckt in \u00d6sterreich<\/span><\/span><\/li>\n<\/ul>\n<p><span style=\"font-family: Arial, serif;\"><span lang=\"en-US\"><b>Abmessungen<\/b><\/span><\/span><\/p>\n<p><span style=\"font-family: Arial, serif;\">Gr\u00f6\u00dfe: 18 x 11 cm (Classic-Version), 18 x 8,5 cm (Slim-Version)<\/span><\/p>\n<p><span style=\"font-family: Arial, serif;\"><b>\u00dcber Scipio<\/b><\/span><\/p>\n<p align=\"justify\"><span style=\"font-family: Arial, serif;\">Der Entwickler des Scipio Rolling Trays designte das Tray urspr\u00fcnglich aus einem eigenen Bed\u00fcrfnis heraus: Keines der im Handel erh\u00e4ltlichen Rolling Trays erf\u00fcllte wirklich die Anforderungen, die er selbst an ein solches Tray stellte. Nachdem er einige Prototypen aus verschiedenen Materialien bastelte, setzte er sich also hin und designte das erste Scipio Rolling Tray als 3D-Modell, das er schlie\u00dflich auch im Internet zum Download anbot. Da das Modell dort gro\u00dfen Anklang fand, optimierte er es fortlaufend weiter, sodass ihr es heute bei donaulife kaufen k\u00f6nnt.<\/span><\/p>\n","protected":false},"excerpt":{"rendered":"<p>Scipio Rolling Tray mit Ablage Das Scipio Rolling Tray ist eine formsch\u00f6ne Bauunterlage mit zwei Funktionen: Zum einen kann w\u00e4hrend<\/p>\n","protected":false},"featured_media":42267,"comment_status":"open","ping_status":"closed","template":"","meta":{"_acf_changed":false},"product_cat":[2451,2793],"product_tag":[],"acf":[],"_links":{"self":[{"href":"https:\/\/donaulife-new.ogrisdigital.at\/it\/wp-json\/wp\/v2\/product\/55142"}],"collection":[{"href":"https:\/\/donaulife-new.ogrisdigital.at\/it\/wp-json\/wp\/v2\/product"}],"about":[{"href":"https:\/\/donaulife-new.ogrisdigital.at\/it\/wp-json\/wp\/v2\/types\/product"}],"replies":[{"embeddable":true,"href":"https:\/\/donaulife-new.ogrisdigital.at\/it\/wp-json\/wp\/v2\/comments?post=55142"}],"wp:featuredmedia":[{"embeddable":true,"href":"https:\/\/donaulife-new.ogrisdigital.at\/it\/wp-json\/wp\/v2\/media\/42267"}],"wp:attachment":[{"href":"https:\/\/donaulife-new.ogrisdigital.at\/it\/wp-json\/wp\/v2\/media?parent=55142"}],"wp:term":[{"taxonomy":"product_cat","embeddable":true,"href":"https:\/\/donaulife-new.ogrisdigital.at\/it\/wp-json\/wp\/v2\/product_cat?post=55142"},{"taxonomy":"product_tag","embeddable":true,"href":"https:\/\/donaulife-new.ogrisdigital.at\/it\/wp-json\/wp\/v2\/product_tag?post=55142"}],"curies":[{"name":"wp","href":"https:\/\/api.w.org\/{rel}","templated":true}]}}