{"id":55141,"date":"2023-10-25T09:45:53","date_gmt":"2023-10-25T09:45:53","guid":{"rendered":"https:\/\/donaulife-new.ogrisdigital.at\/produkt\/groove-glass-dab-bong-hourglass-rig-12-cm\/"},"modified":"2025-01-15T07:06:21","modified_gmt":"2025-01-15T07:06:21","slug":"groove-glass-dab-bong-hourglass-rig-12-cm","status":"publish","type":"product","link":"https:\/\/donaulife-new.ogrisdigital.at\/it\/groove-glass-dab-bong-hourglass-rig-12-cm\/","title":{"rendered":"GROOVE GLASS Dab Bong &#8216;Hourglass Rig&#8217; | 12 cm"},"content":{"rendered":"<h2>Groove\u00b4s Hourglass Dab Rig<\/h2>\n<p>Die Hourglass Micro Rig von Groove ist eine tragbare 3-4mm dicke Glas-Rig mit runden Akzenten. Mit schwarzen Percolatoren, Mundst\u00fcck und Basis hat die Hourglass Micro Rig einen sch\u00f6nen klassischen Look. Klein aber Oho trifft auf dieses sch\u00f6ne St\u00fcck wohl am besten. Robust ist sie auch und hat groovy vibes.<\/p>\n<p>Die Produkte von Groove Glass sind einfach, funktionell und zuverl\u00e4ssig. Hergestellt aus hochwertigen Materialien mit einem sauberen, kontrastreichen Stil liefern sie milde, zuverl\u00e4ssige und geschmackvolle Hits mit jedem Zug.<\/p>\n<p><strong>Merkmale:<\/strong><\/p>\n<ul>\n<li>Klarglas mit schwarzen Akzenten<\/li>\n<li>hochwertige Standard Schliffe<\/li>\n<li>Inklusive 10-mm-Schale und 90\u00b0-Banger<\/li>\n<li>3-4mm Glasdicke<\/li>\n<li>5-Schlitze-Percolator<\/li>\n<li>Kompatibel mit Extrakt<\/li>\n<\/ul>\n<h3>\u00dcber Groove Glass:<\/h3>\n<p>Hochwertige Glasprodukte, die einfach, funktionell und zuverl\u00e4ssig sind. Die Groove Glass Line besteht aus hochwertigen Materialien mit einem klaren und klassischen Look. Klares Glas mit schwarzen Akzenten macht diese Produkte zeitlos und auf lange Sicht stilvoll.<\/p>\n","protected":false},"excerpt":{"rendered":"<p>Groove\u00b4s Hourglass Dab Rig Die Hourglass Micro Rig von Groove ist eine tragbare 3-4mm dicke Glas-Rig mit runden Akzenten. Mit<\/p>\n","protected":false},"featured_media":42262,"comment_status":"open","ping_status":"open","template":"","meta":{"_acf_changed":false},"product_cat":[2514,2459,2549,2550,3658,2546,2577,2506,2463,2520,2551],"product_tag":[3659],"acf":[],"_links":{"self":[{"href":"https:\/\/donaulife-new.ogrisdigital.at\/it\/wp-json\/wp\/v2\/product\/55141"}],"collection":[{"href":"https:\/\/donaulife-new.ogrisdigital.at\/it\/wp-json\/wp\/v2\/product"}],"about":[{"href":"https:\/\/donaulife-new.ogrisdigital.at\/it\/wp-json\/wp\/v2\/types\/product"}],"replies":[{"embeddable":true,"href":"https:\/\/donaulife-new.ogrisdigital.at\/it\/wp-json\/wp\/v2\/comments?post=55141"}],"wp:featuredmedia":[{"embeddable":true,"href":"https:\/\/donaulife-new.ogrisdigital.at\/it\/wp-json\/wp\/v2\/media\/42262"}],"wp:attachment":[{"href":"https:\/\/donaulife-new.ogrisdigital.at\/it\/wp-json\/wp\/v2\/media?parent=55141"}],"wp:term":[{"taxonomy":"product_cat","embeddable":true,"href":"https:\/\/donaulife-new.ogrisdigital.at\/it\/wp-json\/wp\/v2\/product_cat?post=55141"},{"taxonomy":"product_tag","embeddable":true,"href":"https:\/\/donaulife-new.ogrisdigital.at\/it\/wp-json\/wp\/v2\/product_tag?post=55141"}],"curies":[{"name":"wp","href":"https:\/\/api.w.org\/{rel}","templated":true}]}}