{"id":55124,"date":"2023-10-18T14:44:30","date_gmt":"2023-10-18T14:44:30","guid":{"rendered":"https:\/\/donaulife-new.ogrisdigital.at\/produkt\/black-leaf-glasdose-silikon-deckel-mini-20ml\/"},"modified":"2024-07-01T01:12:39","modified_gmt":"2024-07-01T01:12:39","slug":"black-leaf-glasdose-silikon-deckel-mini-20ml","status":"publish","type":"product","link":"https:\/\/donaulife-new.ogrisdigital.at\/it\/black-leaf-glasdose-silikon-deckel-mini-20ml\/","title":{"rendered":"BLACK LEAF Glasdose Silikon Deckel &#8216;Mini&#8217; | 20ml"},"content":{"rendered":"<h2>Glasdose mit Silikon Deckel<\/h2>\n<p>Aufbewahrungsdose aus Glas. Mit Silikondeckel. Dies ist die etwas gr\u00f6\u00dfere Version mit einem Fassungsverm\u00f6gen von 20ml.<\/p>\n<div><span style=\"font-size: 20.16px;\">\u00dcber Black Leaf:<\/span><\/div>\n<div>\n<p>In Weed We Trust ? Smoking\u00a0<em>Paraphernalia<\/em> seit 1988: Bongs, Pfeifen, Vaporizer, Grinder, Dabbing Zubeh\u00f6r, Paper &amp; Filter, Lifestyle Produkte. Es gibt viele Innovative Produkte der Marke die auch die ein oder andere Weltneuheit erschaffen haben. Im Shop bieten wir von allen Produkten die beste Auswahl.<\/p>\n<\/div>\n","protected":false},"excerpt":{"rendered":"<p>Glasdose mit Silikon Deckel Aufbewahrungsdose aus Glas. Mit Silikondeckel. Dies ist die etwas gr\u00f6\u00dfere Version mit einem Fassungsverm\u00f6gen von 20ml.<\/p>\n","protected":false},"featured_media":36827,"comment_status":"open","ping_status":"closed","template":"","meta":{"_acf_changed":false},"product_cat":[2607,2549,3142,2451,2608],"product_tag":[2521],"acf":[],"_links":{"self":[{"href":"https:\/\/donaulife-new.ogrisdigital.at\/it\/wp-json\/wp\/v2\/product\/55124"}],"collection":[{"href":"https:\/\/donaulife-new.ogrisdigital.at\/it\/wp-json\/wp\/v2\/product"}],"about":[{"href":"https:\/\/donaulife-new.ogrisdigital.at\/it\/wp-json\/wp\/v2\/types\/product"}],"replies":[{"embeddable":true,"href":"https:\/\/donaulife-new.ogrisdigital.at\/it\/wp-json\/wp\/v2\/comments?post=55124"}],"wp:featuredmedia":[{"embeddable":true,"href":"https:\/\/donaulife-new.ogrisdigital.at\/it\/wp-json\/wp\/v2\/media\/36827"}],"wp:attachment":[{"href":"https:\/\/donaulife-new.ogrisdigital.at\/it\/wp-json\/wp\/v2\/media?parent=55124"}],"wp:term":[{"taxonomy":"product_cat","embeddable":true,"href":"https:\/\/donaulife-new.ogrisdigital.at\/it\/wp-json\/wp\/v2\/product_cat?post=55124"},{"taxonomy":"product_tag","embeddable":true,"href":"https:\/\/donaulife-new.ogrisdigital.at\/it\/wp-json\/wp\/v2\/product_tag?post=55124"}],"curies":[{"name":"wp","href":"https:\/\/api.w.org\/{rel}","templated":true}]}}