{"id":55099,"date":"2023-10-05T09:30:18","date_gmt":"2023-10-05T09:30:18","guid":{"rendered":"https:\/\/donaulife-new.ogrisdigital.at\/produkt\/raw-metall-aschenbecher-regal-schwarz\/"},"modified":"2024-07-01T01:12:23","modified_gmt":"2024-07-01T01:12:23","slug":"raw-metall-aschenbecher-regal-schwarz","status":"publish","type":"product","link":"https:\/\/donaulife-new.ogrisdigital.at\/it\/raw-metall-aschenbecher-regal-schwarz\/","title":{"rendered":"RAW Metall Aschenbecher &#8216;Regal&#8217; | Schwarz"},"content":{"rendered":"<h2>RAW Metall Aschenbecher<\/h2>\n<div class=\"teaser\">Der RAW Metall-Aschenbecher wird der Star deiner n\u00e4chsten Rauchsession sein! Dieser praktische Aschenbecher stoppt auch den Wind. Jetzt neu in der RAW Black Edition &lt;3<\/div>\n<p>Ma\u00dfe: 8 cm Durchmesser<\/p>\n<h3>\u00dcber RAW:<\/h3>\n<p>RAW \u2013 Die nat\u00fcrliche Art zu rollen.<\/p>\n<p>Seit dem 1. Tag hat RAW den Auftrag, die F\u00fchrungsrolle in der Papierrollenindustrie zu \u00fcbernehmen. RAW hat die Welt des Rauchens revolutioniert, indem sie Produkte geschaffen hat, die von Natur aus genial gestaltet sind, um das Raucherlebnis zu verbessern.<\/p>\n<p>RAW stellt nur qualitativ hochwertige und umweltfreundliche Produkte her, die Ihr Raucherlebnis verbessern, und wir werden das wof\u00fcr wir stehen niemals \u00e4ndern. Wir genie\u00dfen es, unser unraffiniertes Papier jeden Tag zu rauchen, und wir werden es immer komplett rein also \u201cRAW\u201d belassen \u2013 f\u00fcr dich und uns!<\/p>\n","protected":false},"excerpt":{"rendered":"<p>RAW Metall Aschenbecher Der RAW Metall-Aschenbecher wird der Star deiner n\u00e4chsten Rauchsession sein! Dieser praktische Aschenbecher stoppt auch den Wind.<\/p>\n","protected":false},"featured_media":42061,"comment_status":"open","ping_status":"open","template":"","meta":{"_acf_changed":false},"product_cat":[2744,2489,2451,2490],"product_tag":[2493],"acf":[],"_links":{"self":[{"href":"https:\/\/donaulife-new.ogrisdigital.at\/it\/wp-json\/wp\/v2\/product\/55099"}],"collection":[{"href":"https:\/\/donaulife-new.ogrisdigital.at\/it\/wp-json\/wp\/v2\/product"}],"about":[{"href":"https:\/\/donaulife-new.ogrisdigital.at\/it\/wp-json\/wp\/v2\/types\/product"}],"replies":[{"embeddable":true,"href":"https:\/\/donaulife-new.ogrisdigital.at\/it\/wp-json\/wp\/v2\/comments?post=55099"}],"wp:featuredmedia":[{"embeddable":true,"href":"https:\/\/donaulife-new.ogrisdigital.at\/it\/wp-json\/wp\/v2\/media\/42061"}],"wp:attachment":[{"href":"https:\/\/donaulife-new.ogrisdigital.at\/it\/wp-json\/wp\/v2\/media?parent=55099"}],"wp:term":[{"taxonomy":"product_cat","embeddable":true,"href":"https:\/\/donaulife-new.ogrisdigital.at\/it\/wp-json\/wp\/v2\/product_cat?post=55099"},{"taxonomy":"product_tag","embeddable":true,"href":"https:\/\/donaulife-new.ogrisdigital.at\/it\/wp-json\/wp\/v2\/product_tag?post=55099"}],"curies":[{"name":"wp","href":"https:\/\/api.w.org\/{rel}","templated":true}]}}