{"id":55022,"date":"2023-09-14T14:45:32","date_gmt":"2023-09-14T14:45:32","guid":{"rendered":"https:\/\/donaulife-new.ogrisdigital.at\/produkt\/budkups-fuer-pax-plus-pax-3-budkit-plus\/"},"modified":"2024-07-01T01:11:31","modified_gmt":"2024-07-01T01:11:31","slug":"budkups-fuer-pax-plus-pax-3-budkit-plus","status":"publish","type":"product","link":"https:\/\/donaulife-new.ogrisdigital.at\/it\/budkups-fuer-pax-plus-pax-3-budkit-plus\/","title":{"rendered":"BUDKUPS f\u00fcr Pax Plus \/ Pax 3 | Budkit Plus"},"content":{"rendered":"<h2 class=\"h-large\"><strong>Budkaps Dosierkapseln f\u00fcr Pax Vaporizer<\/strong><\/h2>\n<p>Komplettes Verpackungs- und Aufbewahrungssystem f\u00fcr BudKups. Vereinfacht das Vaping-Erlebnis und organisiert Ihr BudKups-Zubeh\u00f6r.<\/p>\n<p>Kompatibel mit PAX2\/3\/Plus.<\/p>\n<p>Enth\u00e4lt: 6 BudKups 3.0, das Verpackungssystem, das Bud Case und 2 BudKup-Entnahmewerkzeuge.<\/p>\n<h3>Lieferumfang<\/h3>\n<ul>\n<li>6x Budkaps (passend f\u00fcr Pax 2, Pax 3 oder Pax Plus)<\/li>\n<li>1x Budcase + Boveda Pack (62%)<\/li>\n<li>1x Verpackungssystem<\/li>\n<\/ul>\n<h3>\u00dcber BudKaps:<\/h3>\n<p>Wir sind gerne klein&#8230;<\/p>\n<p>BudKups begann mit zwei Schwestern, einem 70 Jahre alten Familienunternehmen und einer einfachen Idee: K\u00f6nnen wir unser Fachwissen in den Bereichen Technik und Herstellung nutzen, um das verdampfen von Cannabisbl\u00fcten noch einfacher zu machen? Seit der Entwicklung der BudKup-Ladekapsel arbeitet unser in Maryland ans\u00e4ssiges Team weiter an der Entwicklung von L\u00f6sungen f\u00fcr Cannabisbl\u00fcten. Wir sind der Qualit\u00e4t, der Innovation und unseren Kunden verpflichtet.<\/p>\n","protected":false},"excerpt":{"rendered":"<p>Budkaps Dosierkapseln f\u00fcr Pax Vaporizer Komplettes Verpackungs- und Aufbewahrungssystem f\u00fcr BudKups. Vereinfacht das Vaping-Erlebnis und organisiert Ihr BudKups-Zubeh\u00f6r. Kompatibel mit<\/p>\n","protected":false},"featured_media":41619,"comment_status":"open","ping_status":"closed","template":"","meta":{"_acf_changed":false},"product_cat":[2489,2566,2625,3664,2623],"product_tag":[3726,3665],"acf":[],"_links":{"self":[{"href":"https:\/\/donaulife-new.ogrisdigital.at\/it\/wp-json\/wp\/v2\/product\/55022"}],"collection":[{"href":"https:\/\/donaulife-new.ogrisdigital.at\/it\/wp-json\/wp\/v2\/product"}],"about":[{"href":"https:\/\/donaulife-new.ogrisdigital.at\/it\/wp-json\/wp\/v2\/types\/product"}],"replies":[{"embeddable":true,"href":"https:\/\/donaulife-new.ogrisdigital.at\/it\/wp-json\/wp\/v2\/comments?post=55022"}],"wp:featuredmedia":[{"embeddable":true,"href":"https:\/\/donaulife-new.ogrisdigital.at\/it\/wp-json\/wp\/v2\/media\/41619"}],"wp:attachment":[{"href":"https:\/\/donaulife-new.ogrisdigital.at\/it\/wp-json\/wp\/v2\/media?parent=55022"}],"wp:term":[{"taxonomy":"product_cat","embeddable":true,"href":"https:\/\/donaulife-new.ogrisdigital.at\/it\/wp-json\/wp\/v2\/product_cat?post=55022"},{"taxonomy":"product_tag","embeddable":true,"href":"https:\/\/donaulife-new.ogrisdigital.at\/it\/wp-json\/wp\/v2\/product_tag?post=55022"}],"curies":[{"name":"wp","href":"https:\/\/api.w.org\/{rel}","templated":true}]}}