{"id":55014,"date":"2023-09-14T13:05:02","date_gmt":"2023-09-14T13:05:02","guid":{"rendered":"https:\/\/donaulife-new.ogrisdigital.at\/produkt\/pax-plus-pax-3-rundes-multi-tool\/"},"modified":"2025-01-15T07:06:40","modified_gmt":"2025-01-15T07:06:40","slug":"pax-plus-pax-3-rundes-multi-tool","status":"publish","type":"product","link":"https:\/\/donaulife-new.ogrisdigital.at\/it\/pax-plus-pax-3-rundes-multi-tool\/","title":{"rendered":"PAX Plus \/ PAX 3 rundes Multi Tool"},"content":{"rendered":"<h2 class=\"h-large\"><strong>PAX Multi Tool (rund)<\/strong><\/h2>\n<p>Das Pax Multi Tool ist ein praktisches Zubeh\u00f6r f\u00fcr alle, die einen Pax Vaporizer besitzen. Dieses Multi Tool wurde speziell entwickelt, um das Bef\u00fcllen und Reinigen deines Pax Vaporizers m\u00fchelos zu gestalten.<\/p>\n<h3>Lieferumfang<\/h3>\n<ul>\n<li>1x Pax Multi Tool (rund)<\/li>\n<\/ul>\n<h3>\u00dcber Pax Labs:<\/h3>\n<p>UNSERE MISSION IST ES, DAS LEBEN DER MENSCHEN ZU VERBESSERN<\/p>\n<p>Unsere Gemeinschaften sind f\u00fcr ihr Wohlbefinden auf Cannabis angewiesen. Deshalb arbeiten wir jeden Tag daran, das Beste aus der Blume herauszuholen, damit sie das Beste aus uns herausholen kann.<\/p>\n<p>Es treibt unsere unerm\u00fcdliche Innovation und unseren Respekt f\u00fcr die zeitlosen Vorteile von Cannabis an.<\/p>\n<p>Das ist der Grund, warum PAX-Ger\u00e4te erhitzen und niemals verbrennen, damit jede Session, jedes Mal, bl\u00fctengetreu und besser f\u00fcr Sie ist. Und es ist der Grund, warum alles, was wir machen, mit reinem, nat\u00fcrlichem, 100%igem Cannabis beginnt.<\/p>\n","protected":false},"excerpt":{"rendered":"<p>PAX Multi Tool (rund) Das Pax Multi Tool ist ein praktisches Zubeh\u00f6r f\u00fcr alle, die einen Pax Vaporizer besitzen. Dieses<\/p>\n","protected":false},"featured_media":41590,"comment_status":"open","ping_status":"closed","template":"","meta":{"_acf_changed":false},"product_cat":[2489,2566,2625,3664,2623],"product_tag":[3665],"acf":[],"_links":{"self":[{"href":"https:\/\/donaulife-new.ogrisdigital.at\/it\/wp-json\/wp\/v2\/product\/55014"}],"collection":[{"href":"https:\/\/donaulife-new.ogrisdigital.at\/it\/wp-json\/wp\/v2\/product"}],"about":[{"href":"https:\/\/donaulife-new.ogrisdigital.at\/it\/wp-json\/wp\/v2\/types\/product"}],"replies":[{"embeddable":true,"href":"https:\/\/donaulife-new.ogrisdigital.at\/it\/wp-json\/wp\/v2\/comments?post=55014"}],"wp:featuredmedia":[{"embeddable":true,"href":"https:\/\/donaulife-new.ogrisdigital.at\/it\/wp-json\/wp\/v2\/media\/41590"}],"wp:attachment":[{"href":"https:\/\/donaulife-new.ogrisdigital.at\/it\/wp-json\/wp\/v2\/media?parent=55014"}],"wp:term":[{"taxonomy":"product_cat","embeddable":true,"href":"https:\/\/donaulife-new.ogrisdigital.at\/it\/wp-json\/wp\/v2\/product_cat?post=55014"},{"taxonomy":"product_tag","embeddable":true,"href":"https:\/\/donaulife-new.ogrisdigital.at\/it\/wp-json\/wp\/v2\/product_tag?post=55014"}],"curies":[{"name":"wp","href":"https:\/\/api.w.org\/{rel}","templated":true}]}}