{"id":55007,"date":"2023-09-13T13:39:58","date_gmt":"2023-09-13T13:39:58","guid":{"rendered":"https:\/\/donaulife-new.ogrisdigital.at\/produkt\/pax-plus-pax-3-ofen-deckel\/"},"modified":"2024-07-01T01:11:21","modified_gmt":"2024-07-01T01:11:21","slug":"pax-plus-pax-3-ofen-deckel","status":"publish","type":"product","link":"https:\/\/donaulife-new.ogrisdigital.at\/it\/pax-plus-pax-3-ofen-deckel\/","title":{"rendered":"PAX Plus \/ Pax 3 | Ofen Deckel"},"content":{"rendered":"<h2 class=\"h-large\"><strong>PAX Oven Lid<\/strong><\/h2>\n<p>Das Oven Lid dient dazu, den Ofen (die Kammer) des Pax Vaporizers sicher zu verschlie\u00dfen und das Material w\u00e4hrend des Gebrauchs effektiv zu erhitzen. Es sorgt f\u00fcr eine gleichm\u00e4\u00dfige Hitzeverteilung und gew\u00e4hrleistet so eine effiziente Verdampfung deiner Kr\u00e4uter.<\/p>\n<h3>Lieferumfang<\/h3>\n<ul>\n<li>1x Pax Ofen Deckel (halb oder ganz)<\/li>\n<\/ul>\n<h3>\u00dcber Pax Labs:<\/h3>\n<p>UNSERE MISSION IST ES, DAS LEBEN DER MENSCHEN ZU VERBESSERN<\/p>\n<p>Unsere Gemeinschaften sind f\u00fcr ihr Wohlbefinden auf Cannabis angewiesen. Deshalb arbeiten wir jeden Tag daran, das Beste aus der Blume herauszuholen, damit sie das Beste aus uns herausholen kann.<\/p>\n<p>Es treibt unsere unerm\u00fcdliche Innovation und unseren Respekt f\u00fcr die zeitlosen Vorteile von Cannabis an.<\/p>\n<p>Das ist der Grund, warum PAX-Ger\u00e4te erhitzen und niemals verbrennen, damit jede Session, jedes Mal, bl\u00fctengetreu und besser f\u00fcr Sie ist. Und es ist der Grund, warum alles, was wir machen, mit reinem, nat\u00fcrlichem, 100%igem Cannabis beginnt.<\/p>\n","protected":false},"excerpt":{"rendered":"<p>PAX Oven Lid Das Oven Lid dient dazu, den Ofen (die Kammer) des Pax Vaporizers sicher zu verschlie\u00dfen und das<\/p>\n","protected":false},"featured_media":41520,"comment_status":"open","ping_status":"closed","template":"","meta":{"_acf_changed":false},"product_cat":[2489,2566,2625,3664,2623],"product_tag":[3665],"acf":[],"_links":{"self":[{"href":"https:\/\/donaulife-new.ogrisdigital.at\/it\/wp-json\/wp\/v2\/product\/55007"}],"collection":[{"href":"https:\/\/donaulife-new.ogrisdigital.at\/it\/wp-json\/wp\/v2\/product"}],"about":[{"href":"https:\/\/donaulife-new.ogrisdigital.at\/it\/wp-json\/wp\/v2\/types\/product"}],"replies":[{"embeddable":true,"href":"https:\/\/donaulife-new.ogrisdigital.at\/it\/wp-json\/wp\/v2\/comments?post=55007"}],"wp:featuredmedia":[{"embeddable":true,"href":"https:\/\/donaulife-new.ogrisdigital.at\/it\/wp-json\/wp\/v2\/media\/41520"}],"wp:attachment":[{"href":"https:\/\/donaulife-new.ogrisdigital.at\/it\/wp-json\/wp\/v2\/media?parent=55007"}],"wp:term":[{"taxonomy":"product_cat","embeddable":true,"href":"https:\/\/donaulife-new.ogrisdigital.at\/it\/wp-json\/wp\/v2\/product_cat?post=55007"},{"taxonomy":"product_tag","embeddable":true,"href":"https:\/\/donaulife-new.ogrisdigital.at\/it\/wp-json\/wp\/v2\/product_tag?post=55007"}],"curies":[{"name":"wp","href":"https:\/\/api.w.org\/{rel}","templated":true}]}}