{"id":54987,"date":"2023-09-12T14:04:13","date_gmt":"2023-09-12T14:04:13","guid":{"rendered":"https:\/\/donaulife-new.ogrisdigital.at\/produkt\/pax-plus-ladeschale-ahorn-eiche-oder-walnuss\/"},"modified":"2024-07-01T01:11:09","modified_gmt":"2024-07-01T01:11:09","slug":"pax-plus-ladeschale-ahorn-eiche-oder-walnuss","status":"publish","type":"product","link":"https:\/\/donaulife-new.ogrisdigital.at\/it\/pax-plus-ladeschale-ahorn-eiche-oder-walnuss\/","title":{"rendered":"PAX Plus Ladeschale | Ahorn, Eiche oder Walnuss"},"content":{"rendered":"<h2 class=\"h-large\"><strong>PAX Ladeschale<\/strong><\/h2>\n<p>Die Pax Plus Ladeschalen in den Holzarten Ahorn, Eiche und Walnuss sind nicht nur praktisch, sondern auch \u00e4sthetisch ansprechend. Diese hochwertigen Ladeschalen sind speziell f\u00fcr die Pax Plus Vaporizer entwickelt worden und bieten eine elegante L\u00f6sung zum Laden und Aufbewahren Ihres Ger\u00e4ts.<\/p>\n<h3>Lieferumfang<\/h3>\n<ul>\n<li>1x Pax Ladeschale<\/li>\n<\/ul>\n<h3>\u00dcber Pax Labs:<\/h3>\n<p>UNSERE MISSION IST ES, DAS LEBEN DER MENSCHEN ZU VERBESSERN<\/p>\n<p>Unsere Gemeinschaften sind f\u00fcr ihr Wohlbefinden auf Cannabis angewiesen. Deshalb arbeiten wir jeden Tag daran, das Beste aus der Blume herauszuholen, damit sie das Beste aus uns herausholen kann.<\/p>\n<p>Es treibt unsere unerm\u00fcdliche Innovation und unseren Respekt f\u00fcr die zeitlosen Vorteile von Cannabis an.<\/p>\n<p>Das ist der Grund, warum PAX-Ger\u00e4te erhitzen und niemals verbrennen, damit jede Session, jedes Mal, bl\u00fctengetreu und besser f\u00fcr Sie ist. Und es ist der Grund, warum alles, was wir machen, mit reinem, nat\u00fcrlichem, 100%igem Cannabis beginnt.<\/p>\n","protected":false},"excerpt":{"rendered":"<p>PAX Ladeschale Die Pax Plus Ladeschalen in den Holzarten Ahorn, Eiche und Walnuss sind nicht nur praktisch, sondern auch \u00e4sthetisch<\/p>\n","protected":false},"featured_media":41471,"comment_status":"open","ping_status":"closed","template":"","meta":{"_acf_changed":false},"product_cat":[2489,2566,2625,3664,2623],"product_tag":[3665],"acf":[],"_links":{"self":[{"href":"https:\/\/donaulife-new.ogrisdigital.at\/it\/wp-json\/wp\/v2\/product\/54987"}],"collection":[{"href":"https:\/\/donaulife-new.ogrisdigital.at\/it\/wp-json\/wp\/v2\/product"}],"about":[{"href":"https:\/\/donaulife-new.ogrisdigital.at\/it\/wp-json\/wp\/v2\/types\/product"}],"replies":[{"embeddable":true,"href":"https:\/\/donaulife-new.ogrisdigital.at\/it\/wp-json\/wp\/v2\/comments?post=54987"}],"wp:featuredmedia":[{"embeddable":true,"href":"https:\/\/donaulife-new.ogrisdigital.at\/it\/wp-json\/wp\/v2\/media\/41471"}],"wp:attachment":[{"href":"https:\/\/donaulife-new.ogrisdigital.at\/it\/wp-json\/wp\/v2\/media?parent=54987"}],"wp:term":[{"taxonomy":"product_cat","embeddable":true,"href":"https:\/\/donaulife-new.ogrisdigital.at\/it\/wp-json\/wp\/v2\/product_cat?post=54987"},{"taxonomy":"product_tag","embeddable":true,"href":"https:\/\/donaulife-new.ogrisdigital.at\/it\/wp-json\/wp\/v2\/product_tag?post=54987"}],"curies":[{"name":"wp","href":"https:\/\/api.w.org\/{rel}","templated":true}]}}