{"id":54977,"date":"2023-09-12T10:04:46","date_gmt":"2023-09-12T10:04:46","guid":{"rendered":"https:\/\/donaulife-new.ogrisdigital.at\/produkt\/roor-dealers-cup-7-0-gruen-55-cm\/"},"modified":"2025-01-15T07:06:42","modified_gmt":"2025-01-15T07:06:42","slug":"roor-dealers-cup-7-0-gruen-55-cm","status":"publish","type":"product","link":"https:\/\/donaulife-new.ogrisdigital.at\/it\/roor-dealers-cup-7-0-gruen-55-cm\/","title":{"rendered":"ROOR &#8216;Dealer\u00b4s Cup&#8217; 7.0 gr\u00fcn | 55 cm"},"content":{"rendered":"<h2>Roor Beakerbong mit gr\u00fcnem Logo<\/h2>\n<p>Massiv und imposant! Die gr\u00f6\u00dfte und schwerste Pfeife im Sortiment. 7 mm Wandst\u00e4rke und 50 mm Rohrdurchmesser, 55 cm H\u00f6he. Enormes Wasservolumen.<\/p>\n<p>Die ROOR Dealers Cup 7.0 ist zweifellos das Schwergewicht im Sortiment, ein wahrhaft massives und imposantes St\u00fcck Glasdesign. Mit einer beeindruckenden Wandst\u00e4rke von 7 mm und einem gro\u00dfz\u00fcgigen Rohrdurchmesser von 50 mm setzt sie neue Ma\u00dfst\u00e4be in Sachen Robustheit und Leistung.<\/p>\n<p>Mit einer H\u00f6he von 55 cm bietet sie nicht nur eine imposante Erscheinung, sondern auch ein enormes Wasservolumen, das f\u00fcr eine unvergleichliche K\u00fchlung und Filtration des Rauchs sorgt.<\/p>\n<p>Diese Bong ist perfekt f\u00fcr erfahrene Raucher, die nach einem intensiven und kraftvollen Raucherlebnis suchen. Entdecken Sie die Spitze der Qualit\u00e4t und des Handwerks mit der ROOR Dealers Cup 7.0.<\/p>\n<h3>\u00dcber ROOR:<\/h3>\n<div class=\"elementor-element elementor-element-96e4633 elementor-widget elementor-widget-text-editor\" data-id=\"96e4633\" data-element_type=\"widget\" data-widget_type=\"text-editor.default\">\n<div class=\"elementor-widget-container\">\n<div class=\"elementor-text-editor elementor-clearfix\">\n<p>Bereits Mitte der 1990er Jahre widmete sich der Kunsthandwerker Martin Birzle der Glaspfeifenherstellung. Seine Kompetenz im Glasbl\u00e4serhandwerk verbindet sich mit dem Anspruch, keine Massenware, sondern Kunstwerke zu erschaffen. Seine Philosophie: H\u00f6chste Qualit\u00e4t und beste Funktionalit\u00e4t bei individuellem und ansprechendem Design.<\/p>\n<p>Der Erfolg gibt ihm Recht: Die Marke ist in zahlreichen Headshops im In- und Ausland etabliert und hebt sich mehr als deutlich von minderwertigen Billigprodukten ab.<\/p>\n<p>Als 11-facher Gewinner des High-Times-Cup verstehen wir die Auszeichnungen auf internationalen Messen als Motivation, unserer Philosophie treu zu bleiben. Zu Recht hat RooR im Laufe der Jahre jede Menge prominente Fans und Freunde an sich gebunden: B-Real, System of a Down, Howard Marks und viele mehr.<\/p>\n<\/div>\n<\/div>\n<\/div>\n<div class=\"elementor-element elementor-element-dfbf275 elementor-widget elementor-widget-heading\" data-id=\"dfbf275\" data-element_type=\"widget\" data-widget_type=\"heading.default\">\n<div class=\"elementor-widget-container\"><span class=\"elementor-heading-title elementor-size-default\">DIE STORY GEHT WEITER&#8230;<\/span><\/div>\n<\/div>\n","protected":false},"excerpt":{"rendered":"<p>Roor Beakerbong mit gr\u00fcnem Logo Massiv und imposant! Die gr\u00f6\u00dfte und schwerste Pfeife im Sortiment. 7 mm Wandst\u00e4rke und 50<\/p>\n","protected":false},"featured_media":41408,"comment_status":"open","ping_status":"open","template":"","meta":{"_acf_changed":false},"product_cat":[2514,2459,2523,2515,2635,2506,2463,3656],"product_tag":[3320],"acf":[],"_links":{"self":[{"href":"https:\/\/donaulife-new.ogrisdigital.at\/it\/wp-json\/wp\/v2\/product\/54977"}],"collection":[{"href":"https:\/\/donaulife-new.ogrisdigital.at\/it\/wp-json\/wp\/v2\/product"}],"about":[{"href":"https:\/\/donaulife-new.ogrisdigital.at\/it\/wp-json\/wp\/v2\/types\/product"}],"replies":[{"embeddable":true,"href":"https:\/\/donaulife-new.ogrisdigital.at\/it\/wp-json\/wp\/v2\/comments?post=54977"}],"wp:featuredmedia":[{"embeddable":true,"href":"https:\/\/donaulife-new.ogrisdigital.at\/it\/wp-json\/wp\/v2\/media\/41408"}],"wp:attachment":[{"href":"https:\/\/donaulife-new.ogrisdigital.at\/it\/wp-json\/wp\/v2\/media?parent=54977"}],"wp:term":[{"taxonomy":"product_cat","embeddable":true,"href":"https:\/\/donaulife-new.ogrisdigital.at\/it\/wp-json\/wp\/v2\/product_cat?post=54977"},{"taxonomy":"product_tag","embeddable":true,"href":"https:\/\/donaulife-new.ogrisdigital.at\/it\/wp-json\/wp\/v2\/product_tag?post=54977"}],"curies":[{"name":"wp","href":"https:\/\/api.w.org\/{rel}","templated":true}]}}