{"id":54955,"date":"2023-09-11T14:30:44","date_gmt":"2023-09-11T14:30:44","guid":{"rendered":"https:\/\/donaulife-new.ogrisdigital.at\/produkt\/roor-beakerbong-little-sista-rot-weiss-35-cm-2\/"},"modified":"2024-02-27T15:17:10","modified_gmt":"2024-02-27T15:17:10","slug":"roor-beakerbong-little-sista-rot-weiss-35-cm-2","status":"publish","type":"product","link":"https:\/\/donaulife-new.ogrisdigital.at\/it\/roor-beakerbong-little-sista-rot-weiss-35-cm-2\/","title":{"rendered":"ROOR Eisbong &#8216;Little Sista&#8217; 3,2 rot-weiss | 35 cm"},"content":{"rendered":"<h2>Roor Beakerbong mit rot-wei\u00dfer Schrift<\/h2>\n<p>Klassischer Beaker mit rot-wei\u00dfem Logo<\/p>\n<p><strong>Die Little Sista von Roor &#8211; Immer an Ihrer Seite<\/strong><\/p>\n<p>Seit vielen Jahren z\u00e4hlen die Glaswasserpfeifen von Roor nun schon zur Elite. Raucherinnen und Raucher auf der ganzen Welt schw\u00f6ren auf die Qualit\u00e4tsbongs aus deutscher Produktion, und das zu Recht: Alle Pfeifen von Roor sind mundgeblasen und bestehen aus hochwertigem Duranglas. Ein besonders schonender K\u00fchlvorgang in einem sogenannten Temperofen macht das Glas spannungsfrei. So sind die Bongs wesentlich stabiler als herk\u00f6mmliche Modelle, die schockartig abgek\u00fchlt werden, und bersten bei kleineren Gewalteinwirkungen nicht.<\/p>\n<p>Das wohl meistgefragteste Modell aus dem Hause Roor ist die Little Sista. Mit ihrem gro\u00dfen Beaker-Bauch fasst diese Glasbong eine Menge Wasser, was zu einer \u00e4u\u00dferst effektiven K\u00fchlung des Rauchs f\u00fchrt. Da wir alle unsere Vorlieben haben, gibt es die Little Sista in vielen verschiedenen Ausf\u00fchrungen.<\/p>\n<h3>\u00dcber ROOR:<\/h3>\n<div class=\"elementor-element elementor-element-96e4633 elementor-widget elementor-widget-text-editor\" data-id=\"96e4633\" data-element_type=\"widget\" data-widget_type=\"text-editor.default\">\n<div class=\"elementor-widget-container\">\n<div class=\"elementor-text-editor elementor-clearfix\">\n<p>Bereits Mitte der 1990er Jahre widmete sich der Kunsthandwerker Martin Birzle der Glaspfeifenherstellung. Seine Kompetenz im Glasbl\u00e4serhandwerk verbindet sich mit dem Anspruch, keine Massenware, sondern Kunstwerke zu erschaffen. Seine Philosophie: H\u00f6chste Qualit\u00e4t und beste Funktionalit\u00e4t bei individuellem und ansprechendem Design.<\/p>\n<p>Der Erfolg gibt ihm Recht: Die Marke ist in zahlreichen Headshops im In- und Ausland etabliert und hebt sich mehr als deutlich von minderwertigen Billigprodukten ab.<\/p>\n<p>Als 11-facher Gewinner des High-Times-Cup verstehen wir die Auszeichnungen auf internationalen Messen als Motivation, unserer Philosophie treu zu bleiben. Zu Recht hat RooR im Laufe der Jahre jede Menge prominente Fans und Freunde an sich gebunden: B-Real, System of a Down, Howard Marks und viele mehr.<\/p>\n<\/div>\n<\/div>\n<\/div>\n<div class=\"elementor-element elementor-element-dfbf275 elementor-widget elementor-widget-heading\" data-id=\"dfbf275\" data-element_type=\"widget\" data-widget_type=\"heading.default\">\n<div class=\"elementor-widget-container\"><span class=\"elementor-heading-title elementor-size-default\">DIE STORY GEHT WEITER&#8230;<\/span><\/div>\n<\/div>\n","protected":false},"excerpt":{"rendered":"<p>Roor Beakerbong mit rot-wei\u00dfer Schrift Klassischer Beaker mit rot-wei\u00dfem Logo Die Little Sista von Roor &#8211; Immer an Ihrer Seite<\/p>\n","protected":false},"featured_media":41262,"comment_status":"open","ping_status":"open","template":"","meta":{"_acf_changed":false},"product_cat":[2514,2459,2523,2515,2635,2506,2463,3656],"product_tag":[3320],"acf":[],"_links":{"self":[{"href":"https:\/\/donaulife-new.ogrisdigital.at\/it\/wp-json\/wp\/v2\/product\/54955"}],"collection":[{"href":"https:\/\/donaulife-new.ogrisdigital.at\/it\/wp-json\/wp\/v2\/product"}],"about":[{"href":"https:\/\/donaulife-new.ogrisdigital.at\/it\/wp-json\/wp\/v2\/types\/product"}],"replies":[{"embeddable":true,"href":"https:\/\/donaulife-new.ogrisdigital.at\/it\/wp-json\/wp\/v2\/comments?post=54955"}],"wp:featuredmedia":[{"embeddable":true,"href":"https:\/\/donaulife-new.ogrisdigital.at\/it\/wp-json\/wp\/v2\/media\/41262"}],"wp:attachment":[{"href":"https:\/\/donaulife-new.ogrisdigital.at\/it\/wp-json\/wp\/v2\/media?parent=54955"}],"wp:term":[{"taxonomy":"product_cat","embeddable":true,"href":"https:\/\/donaulife-new.ogrisdigital.at\/it\/wp-json\/wp\/v2\/product_cat?post=54955"},{"taxonomy":"product_tag","embeddable":true,"href":"https:\/\/donaulife-new.ogrisdigital.at\/it\/wp-json\/wp\/v2\/product_tag?post=54955"}],"curies":[{"name":"wp","href":"https:\/\/api.w.org\/{rel}","templated":true}]}}