{"id":54930,"date":"2023-09-07T12:27:54","date_gmt":"2023-09-07T12:27:54","guid":{"rendered":"https:\/\/donaulife-new.ogrisdigital.at\/produkt\/black-leaf-percolatorbong-splashmaster-36-cm\/"},"modified":"2024-07-01T01:10:33","modified_gmt":"2024-07-01T01:10:33","slug":"black-leaf-percolatorbong-splashmaster-36-cm","status":"publish","type":"product","link":"https:\/\/donaulife-new.ogrisdigital.at\/it\/black-leaf-percolatorbong-splashmaster-36-cm\/","title":{"rendered":"BLACK LEAF Percolatorbong &#8216;Splashmaster&#8217; | 36 cm"},"content":{"rendered":"<div class=\"std\">\n<div>Eine wundersch\u00f6ne Kreation von &#8216;Black Leaf&#8217;. Inklusive ist ein Diffusorchillum mit einem Kr\u00e4uterkopf, um ein maximale Raucherlebnis zu erzielen. Der Rauch zieht durch das R\u00f6hrchen in die Beaker, wo Asche und Schadstoffe h\u00e4ngen bleiben. Daraufhin geht er durch den sechsarmigen Percolator, wo er zerlegt und aufgeteilt wird.<\/div>\n<div><\/div>\n<div>Die Eis Dornen erm\u00f6glichen es dir, die Bong bis zum Rand mit Eis zu f\u00fcllen. Der Schliff des K\u00f6pfchens hat eine 14,5mm St\u00e4rke und des Sockels der Bong betr\u00e4gt jeweils 18,8 mm.<\/div>\n<div><\/div>\n<div>Es gibt einen Spritzschutz, der daf\u00fcr sorgt, dass das Wasser nicht bis zum Mund spritzen kann.<\/div>\n<div><\/div>\n<div>Diese Bong hat je nach Variante ein Kickloch oder nicht.<\/div>\n<\/div>\n","protected":false},"excerpt":{"rendered":"<p>Eine wundersch\u00f6ne Kreation von &#8216;Black Leaf&#8217;. Inklusive ist ein Diffusorchillum mit einem Kr\u00e4uterkopf, um ein maximale Raucherlebnis zu erzielen. Der<\/p>\n","protected":false},"featured_media":41114,"comment_status":"open","ping_status":"open","template":"","meta":{"_acf_changed":false},"product_cat":[2514,2548,2459,2523,2515,2577,2506,2463,2520],"product_tag":[2521],"acf":[],"_links":{"self":[{"href":"https:\/\/donaulife-new.ogrisdigital.at\/it\/wp-json\/wp\/v2\/product\/54930"}],"collection":[{"href":"https:\/\/donaulife-new.ogrisdigital.at\/it\/wp-json\/wp\/v2\/product"}],"about":[{"href":"https:\/\/donaulife-new.ogrisdigital.at\/it\/wp-json\/wp\/v2\/types\/product"}],"replies":[{"embeddable":true,"href":"https:\/\/donaulife-new.ogrisdigital.at\/it\/wp-json\/wp\/v2\/comments?post=54930"}],"wp:featuredmedia":[{"embeddable":true,"href":"https:\/\/donaulife-new.ogrisdigital.at\/it\/wp-json\/wp\/v2\/media\/41114"}],"wp:attachment":[{"href":"https:\/\/donaulife-new.ogrisdigital.at\/it\/wp-json\/wp\/v2\/media?parent=54930"}],"wp:term":[{"taxonomy":"product_cat","embeddable":true,"href":"https:\/\/donaulife-new.ogrisdigital.at\/it\/wp-json\/wp\/v2\/product_cat?post=54930"},{"taxonomy":"product_tag","embeddable":true,"href":"https:\/\/donaulife-new.ogrisdigital.at\/it\/wp-json\/wp\/v2\/product_tag?post=54930"}],"curies":[{"name":"wp","href":"https:\/\/api.w.org\/{rel}","templated":true}]}}