{"id":54909,"date":"2023-09-06T10:18:05","date_gmt":"2023-09-06T10:18:05","guid":{"rendered":"https:\/\/donaulife-new.ogrisdigital.at\/produkt\/krush-kube-3-0-3-teilig-o-55-mm\/"},"modified":"2024-07-01T01:10:21","modified_gmt":"2024-07-01T01:10:21","slug":"krush-kube-3-0-3-teilig-o-55-mm","status":"publish","type":"product","link":"https:\/\/donaulife-new.ogrisdigital.at\/it\/krush-kube-3-0-3-teilig-o-55-mm\/","title":{"rendered":"KRUSH Kube 3.0 3-teilig | \u00d8 55 mm"},"content":{"rendered":"<h2><strong><span style=\"font-size: 23.04px;\">Krush 3.0 Grinder<\/span><\/strong><\/h2>\n<p>Wenn du genug hast von billig hergestellten Grindern, die schon nach wenigen Eins\u00e4tzen kaputt gehen oder zusammenkleben, dann bestelle noch heute den Krush Kube 3.0 Aluminium Grinder. Dieser Grinder ist aus hochwertigem Aluminium gefertigt und f\u00fcr eine lange Lebensdauer ausgelegt. Ausgestattet mit einem Metallmahlwerk, das selbst die dichtesten Bl\u00fcten verarbeiten kann, sowie einem Kief-Sammler f\u00fcr deine F\u00e4nge, ist der Kube 3.0 f\u00fcr alles bereit. Du wirst auch seine konturierten Kanten lieben, die ihm einen tadellosen Griff verleihen und ihn leicht von anderen Grindern unterscheiden lassen.<\/p>\n<div id=\"block-yui_3_17_2_3_1441928423324_6106\" class=\"sqs-block code-block sqs-block-code\" data-block-type=\"23\">\n<div class=\"sqs-block-content\">\n<div id=\"block-yui_3_17_2_5_1441928423324_8877\" class=\"sqs-block code-block sqs-block-code\" data-block-type=\"23\">\n<h3>\u00dcber Krush Grinder:<\/h3>\n<p>NVGRINDER arbeitet st\u00e4ndig daran, die beste Qualit\u00e4t f\u00fcr ihre Produkte zu erzielen.<br \/>\nWir haben immer wieder neue Ideen und arbeiten eng mit den besten Herstellern der Welt zusammen.<br \/>\nUnsere Qualit\u00e4tsstandards sind sehr hoch, egal welches Material, und unser Ziel wird es immer sein, die besten und innovativsten Grinder f\u00fcr dich herzustellen!<\/p>\n<h4><strong>Was macht unsere Produkte\u00a0 besonders?<\/strong><\/h4>\n<h4>Jeder Grinder Typ der von uns produziert wird durchl\u00e4uft ein Testverfahren, um sicherzustellen, dass er den hohen Bed\u00fcrfnissen eines Rauchers entspricht, bevor wir ihn offiziell releasen.<\/h4>\n<\/div>\n<\/div>\n<\/div>\n","protected":false},"excerpt":{"rendered":"<p>Krush 3.0 Grinder Wenn du genug hast von billig hergestellten Grindern, die schon nach wenigen Eins\u00e4tzen kaputt gehen oder zusammenkleben,<\/p>\n","protected":false},"featured_media":41016,"comment_status":"open","ping_status":"open","template":"","meta":{"_acf_changed":false},"product_cat":[2619,2482,2480,2451,2483],"product_tag":[2694],"acf":[],"_links":{"self":[{"href":"https:\/\/donaulife-new.ogrisdigital.at\/it\/wp-json\/wp\/v2\/product\/54909"}],"collection":[{"href":"https:\/\/donaulife-new.ogrisdigital.at\/it\/wp-json\/wp\/v2\/product"}],"about":[{"href":"https:\/\/donaulife-new.ogrisdigital.at\/it\/wp-json\/wp\/v2\/types\/product"}],"replies":[{"embeddable":true,"href":"https:\/\/donaulife-new.ogrisdigital.at\/it\/wp-json\/wp\/v2\/comments?post=54909"}],"wp:featuredmedia":[{"embeddable":true,"href":"https:\/\/donaulife-new.ogrisdigital.at\/it\/wp-json\/wp\/v2\/media\/41016"}],"wp:attachment":[{"href":"https:\/\/donaulife-new.ogrisdigital.at\/it\/wp-json\/wp\/v2\/media?parent=54909"}],"wp:term":[{"taxonomy":"product_cat","embeddable":true,"href":"https:\/\/donaulife-new.ogrisdigital.at\/it\/wp-json\/wp\/v2\/product_cat?post=54909"},{"taxonomy":"product_tag","embeddable":true,"href":"https:\/\/donaulife-new.ogrisdigital.at\/it\/wp-json\/wp\/v2\/product_tag?post=54909"}],"curies":[{"name":"wp","href":"https:\/\/api.w.org\/{rel}","templated":true}]}}