{"id":54902,"date":"2023-09-06T07:51:57","date_gmt":"2023-09-06T07:51:57","guid":{"rendered":"https:\/\/donaulife-new.ogrisdigital.at\/produkt\/minibong-wake-n-bake-22-cm\/"},"modified":"2025-01-15T07:06:54","modified_gmt":"2025-01-15T07:06:54","slug":"minibong-wake-n-bake-22-cm","status":"publish","type":"product","link":"https:\/\/donaulife-new.ogrisdigital.at\/it\/minibong-wake-n-bake-22-cm\/","title":{"rendered":"JUICE GLASS Minibong &#8216;Wake n Bake&#8217; | 22 cm"},"content":{"rendered":"<h2>Mini Bong in Trinkp\u00e4ckchenform<\/h2>\n<p>Dieses kleine Schmuckst\u00fcck ist ein Hingucker f\u00fcr alle &#8220;Wake and bake&#8221; Fans. Klein, handlich und diskret. Auf den ersten Blick sieht dass gute St\u00fcck Glaskunst n\u00e4mlich aus wie ein Trinkpackerl. Der 14,5 mm Flutschkopf bietet gen\u00fcgend Platz f\u00fcr deine Kr\u00e4uter. An der Seite ist der Hase zu sehen. Mit einer H\u00f6he von 22 cm nat\u00fcrlich auch sch\u00f6n handlich gehalten. Ansonsten bleibt nur noch zu sagen: Time wake up and bake!<\/p>\n<div>\n<div><\/div>\n<\/div>\n","protected":false},"excerpt":{"rendered":"<p>Mini Bong in Trinkp\u00e4ckchenform Dieses kleine Schmuckst\u00fcck ist ein Hingucker f\u00fcr alle &#8220;Wake and bake&#8221; Fans. Klein, handlich und diskret.<\/p>\n","protected":false},"featured_media":40973,"comment_status":"open","ping_status":"open","template":"","meta":{"_acf_changed":false},"product_cat":[2514,2459,2566,2507,2546,2506,2520],"product_tag":[],"acf":[],"_links":{"self":[{"href":"https:\/\/donaulife-new.ogrisdigital.at\/it\/wp-json\/wp\/v2\/product\/54902"}],"collection":[{"href":"https:\/\/donaulife-new.ogrisdigital.at\/it\/wp-json\/wp\/v2\/product"}],"about":[{"href":"https:\/\/donaulife-new.ogrisdigital.at\/it\/wp-json\/wp\/v2\/types\/product"}],"replies":[{"embeddable":true,"href":"https:\/\/donaulife-new.ogrisdigital.at\/it\/wp-json\/wp\/v2\/comments?post=54902"}],"wp:featuredmedia":[{"embeddable":true,"href":"https:\/\/donaulife-new.ogrisdigital.at\/it\/wp-json\/wp\/v2\/media\/40973"}],"wp:attachment":[{"href":"https:\/\/donaulife-new.ogrisdigital.at\/it\/wp-json\/wp\/v2\/media?parent=54902"}],"wp:term":[{"taxonomy":"product_cat","embeddable":true,"href":"https:\/\/donaulife-new.ogrisdigital.at\/it\/wp-json\/wp\/v2\/product_cat?post=54902"},{"taxonomy":"product_tag","embeddable":true,"href":"https:\/\/donaulife-new.ogrisdigital.at\/it\/wp-json\/wp\/v2\/product_tag?post=54902"}],"curies":[{"name":"wp","href":"https:\/\/api.w.org\/{rel}","templated":true}]}}