{"id":54899,"date":"2023-09-06T07:05:13","date_gmt":"2023-09-06T07:05:13","guid":{"rendered":"https:\/\/donaulife-new.ogrisdigital.at\/produkt\/magical-silicone-gummy-tray-8ml\/"},"modified":"2024-07-01T01:10:14","modified_gmt":"2024-07-01T01:10:14","slug":"magical-silicone-gummy-tray-8ml","status":"publish","type":"product","link":"https:\/\/donaulife-new.ogrisdigital.at\/it\/magical-silicone-gummy-tray-8ml\/","title":{"rendered":"MAGICAL BUTTER Silicone Gummy Tray | 8ml"},"content":{"rendered":"<h1 class=\"title\">MagicalButter Gummy Tray mittel<\/h1>\n<div>\n<p>Verteilen und lagern Sie ihre Backwaren, S\u00fc\u00dfigkeiten oder Pralinen mit dem Eat to Treat Gummy Tray. Dieses originale Zubeh\u00f6r des Herstellers bietet Platz f\u00fcr 15 MagicalButter S\u00fc\u00dfigkeiten. Das Premium-Silikon ist geruchs- und geschmacksfest und kann au\u00dferdem einfach in der Sp\u00fclmaschine gewaschen werden. Es sind 2 im Pack dabei \ud83d\ude42<\/p>\n<ul>\n<li>Flecken- &amp; und geruchsbest\u00e4ndig<\/li>\n<li>Sp\u00fclmaschinenfest<\/li>\n<li>Premium-Silikon<\/li>\n<\/ul>\n<\/div>\n<div>\n<p><iframe title=\"MAGICAL Gummy Trays with Lids - 2mL, 8mL &amp; 10mL sizes!\" width=\"500\" height=\"281\" src=\"https:\/\/www.youtube.com\/embed\/5KM8E81tDLg?feature=oembed\" frameborder=\"0\" allow=\"accelerometer; autoplay; clipboard-write; encrypted-media; gyroscope; picture-in-picture; web-share\" referrerpolicy=\"strict-origin-when-cross-origin\" allowfullscreen><\/iframe><\/p>\n<\/div>\n","protected":false},"excerpt":{"rendered":"<p>MagicalButter Gummy Tray mittel Verteilen und lagern Sie ihre Backwaren, S\u00fc\u00dfigkeiten oder Pralinen mit dem Eat to Treat Gummy Tray.<\/p>\n","protected":false},"featured_media":40962,"comment_status":"open","ping_status":"open","template":"","meta":{"_acf_changed":false},"product_cat":[2489,2451,3487,3488],"product_tag":[3489],"acf":[],"_links":{"self":[{"href":"https:\/\/donaulife-new.ogrisdigital.at\/it\/wp-json\/wp\/v2\/product\/54899"}],"collection":[{"href":"https:\/\/donaulife-new.ogrisdigital.at\/it\/wp-json\/wp\/v2\/product"}],"about":[{"href":"https:\/\/donaulife-new.ogrisdigital.at\/it\/wp-json\/wp\/v2\/types\/product"}],"replies":[{"embeddable":true,"href":"https:\/\/donaulife-new.ogrisdigital.at\/it\/wp-json\/wp\/v2\/comments?post=54899"}],"wp:featuredmedia":[{"embeddable":true,"href":"https:\/\/donaulife-new.ogrisdigital.at\/it\/wp-json\/wp\/v2\/media\/40962"}],"wp:attachment":[{"href":"https:\/\/donaulife-new.ogrisdigital.at\/it\/wp-json\/wp\/v2\/media?parent=54899"}],"wp:term":[{"taxonomy":"product_cat","embeddable":true,"href":"https:\/\/donaulife-new.ogrisdigital.at\/it\/wp-json\/wp\/v2\/product_cat?post=54899"},{"taxonomy":"product_tag","embeddable":true,"href":"https:\/\/donaulife-new.ogrisdigital.at\/it\/wp-json\/wp\/v2\/product_tag?post=54899"}],"curies":[{"name":"wp","href":"https:\/\/api.w.org\/{rel}","templated":true}]}}