{"id":54873,"date":"2023-08-25T08:49:18","date_gmt":"2023-08-25T08:49:18","guid":{"rendered":"https:\/\/donaulife-new.ogrisdigital.at\/produkt\/c-cell-cartridge-th2-05ml\/"},"modified":"2024-07-01T01:09:58","modified_gmt":"2024-07-01T01:09:58","slug":"c-cell-cartridge-th2-05ml","status":"publish","type":"product","link":"https:\/\/donaulife-new.ogrisdigital.at\/it\/c-cell-cartridge-th2-05ml\/","title":{"rendered":"C-CELL Cartridge TH2 | 0,5ml"},"content":{"rendered":"<h2>C-Cell Kartusche mit 0,5 ml<\/h2>\n<p>Die TH2-Serie ist das Symbol f\u00fcr pr\u00e4zise Dichtheit und luxuri\u00f6se Benutzererfahrung. Glas wird als Geh\u00e4usematerial verwendet, um eine bessere Korrosionsbest\u00e4ndigkeit und eine bessere Flie\u00dff\u00e4higkeit des \u00d6ls zu gew\u00e4hrleisten. Das eingeschraubte Mundst\u00fcck mit Silikonboden sch\u00fctzt vor jeder Form des Auslaufens.<\/p>\n","protected":false},"excerpt":{"rendered":"<p>C-Cell Kartusche mit 0,5 ml Die TH2-Serie ist das Symbol f\u00fcr pr\u00e4zise Dichtheit und luxuri\u00f6se Benutzererfahrung. Glas wird als Geh\u00e4usematerial<\/p>\n","protected":false},"featured_media":40734,"comment_status":"open","ping_status":"open","template":"","meta":{"_acf_changed":false},"product_cat":[2549,3355,2623],"product_tag":[],"acf":[],"_links":{"self":[{"href":"https:\/\/donaulife-new.ogrisdigital.at\/it\/wp-json\/wp\/v2\/product\/54873"}],"collection":[{"href":"https:\/\/donaulife-new.ogrisdigital.at\/it\/wp-json\/wp\/v2\/product"}],"about":[{"href":"https:\/\/donaulife-new.ogrisdigital.at\/it\/wp-json\/wp\/v2\/types\/product"}],"replies":[{"embeddable":true,"href":"https:\/\/donaulife-new.ogrisdigital.at\/it\/wp-json\/wp\/v2\/comments?post=54873"}],"wp:featuredmedia":[{"embeddable":true,"href":"https:\/\/donaulife-new.ogrisdigital.at\/it\/wp-json\/wp\/v2\/media\/40734"}],"wp:attachment":[{"href":"https:\/\/donaulife-new.ogrisdigital.at\/it\/wp-json\/wp\/v2\/media?parent=54873"}],"wp:term":[{"taxonomy":"product_cat","embeddable":true,"href":"https:\/\/donaulife-new.ogrisdigital.at\/it\/wp-json\/wp\/v2\/product_cat?post=54873"},{"taxonomy":"product_tag","embeddable":true,"href":"https:\/\/donaulife-new.ogrisdigital.at\/it\/wp-json\/wp\/v2\/product_tag?post=54873"}],"curies":[{"name":"wp","href":"https:\/\/api.w.org\/{rel}","templated":true}]}}