{"id":54842,"date":"2023-08-14T14:26:35","date_gmt":"2023-08-14T14:26:35","guid":{"rendered":"https:\/\/donaulife-new.ogrisdigital.at\/produkt\/raw-classic-cones-1-1-4-75-stueck\/"},"modified":"2025-01-15T07:07:04","modified_gmt":"2025-01-15T07:07:04","slug":"raw-classic-cones-1-1-4-75-stueck","status":"publish","type":"product","link":"https:\/\/donaulife-new.ogrisdigital.at\/it\/raw-classic-cones-1-1-4-75-stueck\/","title":{"rendered":"RAW Classic Cones 1 1\/4 | 75 St\u00fcck"},"content":{"rendered":"<h2>RAW Classic Cones im 75er Pack<\/h2>\n<p>Die RAW Classic 1 1\/4 Cones sind genau das Richtige wenn du schnell sein musst. Das Zigarettenpapier besteht aus einer Mischung von chlorfreien, nat\u00fcrlichen Rohfasern und hat eine Hanfgummierung. Alle Cones sind bereits mit einem Filter versehen und warten nur darauf gef\u00fcllt und geraucht zu werden.<\/p>\n<ul>\n<li>Herstellung mit Windkraft gewonnener Energie<\/li>\n<li>Ohne genetisch modifizierte Organismen<\/li>\n<li>Glutenfrei<\/li>\n<li>Veganer-freundliches Produkt<\/li>\n<\/ul>\n<p>L\u00e4nge: ca. 83 mm<br \/>\nDurchmesser: ca. 6\u00a0&#8211; 11 mm<br \/>\nL\u00e4nge des Tips: ca. 26 mm<\/p>\n<h3>\u00dcber RAW:<\/h3>\n<p>RAW \u2013 Die nat\u00fcrliche Art zu rollen.<br \/>\nSeit dem 1. Tag hat RAW den Auftrag, die F\u00fchrungsrolle in der Papierrollenindustrie zu \u00fcbernehmen. RAW hat die Welt des Rauchens revolutioniert, indem sie Produkte geschaffen hat, die von Natur aus genial gestaltet sind, um das Raucherlebnis zu verbessern.<br \/>\nRAW stellt nur qualitativ hochwertige und umweltfreundliche Produkte her, die Ihr Raucherlebnis verbessern, und wir werden das wof\u00fcr wir stehen niemals \u00e4ndern. Wir genie\u00dfen es, unser unraffiniertes Papier jeden Tag zu rauchen, und wir werden es immer komplett rein also \u201cRAW\u201d belassen \u2013 f\u00fcr dich und uns!<\/p>\n","protected":false},"excerpt":{"rendered":"<p>RAW Classic Cones im 75er Pack Die RAW Classic 1 1\/4 Cones sind genau das Richtige wenn du schnell sein<\/p>\n","protected":false},"featured_media":40599,"comment_status":"open","ping_status":"open","template":"","meta":{"_acf_changed":false},"product_cat":[2456,2489,2451,2452,2724,2490],"product_tag":[2493],"acf":[],"_links":{"self":[{"href":"https:\/\/donaulife-new.ogrisdigital.at\/it\/wp-json\/wp\/v2\/product\/54842"}],"collection":[{"href":"https:\/\/donaulife-new.ogrisdigital.at\/it\/wp-json\/wp\/v2\/product"}],"about":[{"href":"https:\/\/donaulife-new.ogrisdigital.at\/it\/wp-json\/wp\/v2\/types\/product"}],"replies":[{"embeddable":true,"href":"https:\/\/donaulife-new.ogrisdigital.at\/it\/wp-json\/wp\/v2\/comments?post=54842"}],"wp:featuredmedia":[{"embeddable":true,"href":"https:\/\/donaulife-new.ogrisdigital.at\/it\/wp-json\/wp\/v2\/media\/40599"}],"wp:attachment":[{"href":"https:\/\/donaulife-new.ogrisdigital.at\/it\/wp-json\/wp\/v2\/media?parent=54842"}],"wp:term":[{"taxonomy":"product_cat","embeddable":true,"href":"https:\/\/donaulife-new.ogrisdigital.at\/it\/wp-json\/wp\/v2\/product_cat?post=54842"},{"taxonomy":"product_tag","embeddable":true,"href":"https:\/\/donaulife-new.ogrisdigital.at\/it\/wp-json\/wp\/v2\/product_tag?post=54842"}],"curies":[{"name":"wp","href":"https:\/\/api.w.org\/{rel}","templated":true}]}}