{"id":54791,"date":"2023-07-27T14:35:53","date_gmt":"2023-07-27T14:35:53","guid":{"rendered":"https:\/\/donaulife-new.ogrisdigital.at\/produkt\/avalanche-honeycombbong-gruener-honig-42-cm\/"},"modified":"2024-02-20T13:30:26","modified_gmt":"2024-02-20T13:30:26","slug":"avalanche-honeycombbong-gruener-honig-42-cm","status":"publish","type":"product","link":"https:\/\/donaulife-new.ogrisdigital.at\/it\/avalanche-honeycombbong-gruener-honig-42-cm\/","title":{"rendered":"AVALANCHE Honeycombbong &#8216;Honey&#8217;  | 42 cm"},"content":{"rendered":"<h3>AVALANCHE Honeycombbong<\/h3>\n<p>Die Avalanche Percolatorbong ist mit einer Gr\u00f6\u00dfe von 42 cm in der mittleren Gefechtsklasse einzuordnen. Gek\u00fchlt wird der Rauch durch eine Honeycomb Scheibe. Mit dem Rund fu\u00df ist ein stabiler Stand garantiert. Auf der Vorderseite ist die Bong mit dem Avalanche Logo bedruckt. Beim Schliff handelt es sich um 18,8 mm.<\/p>\n<h3>\u00dcber Avalanche:<\/h3>\n<p>Die Bong Schmiede aus Deutschland kreiert kleine sowie fette Bongs mit ausgefallenen Percolatoren und stabilen F\u00fc\u00dfen. Au\u00dferdem geizen Sie nicht mit einer gro\u00dfen Auswahl an coolem Zubeh\u00f6r. Bong K\u00f6pfchen, Vork\u00fchler oder sogar Chillums mit K\u00fchlgel gibt es. Damit ist ein high wie von der Lawine erfasst vorprogrammiert.<\/p>\n","protected":false},"excerpt":{"rendered":"<p>AVALANCHE Honeycombbong Die Avalanche Percolatorbong ist mit einer Gr\u00f6\u00dfe von 42 cm in der mittleren Gefechtsklasse einzuordnen. Gek\u00fchlt wird der<\/p>\n","protected":false},"featured_media":40400,"comment_status":"open","ping_status":"closed","template":"","meta":{"_acf_changed":false},"product_cat":[2514,2533,2459,2510,2507,2737,2506,2463,2520],"product_tag":[2511,2474,2466],"acf":[],"_links":{"self":[{"href":"https:\/\/donaulife-new.ogrisdigital.at\/it\/wp-json\/wp\/v2\/product\/54791"}],"collection":[{"href":"https:\/\/donaulife-new.ogrisdigital.at\/it\/wp-json\/wp\/v2\/product"}],"about":[{"href":"https:\/\/donaulife-new.ogrisdigital.at\/it\/wp-json\/wp\/v2\/types\/product"}],"replies":[{"embeddable":true,"href":"https:\/\/donaulife-new.ogrisdigital.at\/it\/wp-json\/wp\/v2\/comments?post=54791"}],"wp:featuredmedia":[{"embeddable":true,"href":"https:\/\/donaulife-new.ogrisdigital.at\/it\/wp-json\/wp\/v2\/media\/40400"}],"wp:attachment":[{"href":"https:\/\/donaulife-new.ogrisdigital.at\/it\/wp-json\/wp\/v2\/media?parent=54791"}],"wp:term":[{"taxonomy":"product_cat","embeddable":true,"href":"https:\/\/donaulife-new.ogrisdigital.at\/it\/wp-json\/wp\/v2\/product_cat?post=54791"},{"taxonomy":"product_tag","embeddable":true,"href":"https:\/\/donaulife-new.ogrisdigital.at\/it\/wp-json\/wp\/v2\/product_tag?post=54791"}],"curies":[{"name":"wp","href":"https:\/\/api.w.org\/{rel}","templated":true}]}}