{"id":54774,"date":"2023-07-24T11:00:34","date_gmt":"2023-07-24T11:00:34","guid":{"rendered":"https:\/\/donaulife-new.ogrisdigital.at\/produkt\/rosintech-big-smash-rosin-presse-hydraulik-36-tonnen-5x15-cm\/"},"modified":"2024-07-01T01:09:03","modified_gmt":"2024-07-01T01:09:03","slug":"rosintech-big-smash-rosin-presse-hydraulik-36-tonnen-5x15-cm","status":"publish","type":"product","link":"https:\/\/donaulife-new.ogrisdigital.at\/it\/rosintech-big-smash-rosin-presse-hydraulik-36-tonnen-5x15-cm\/","title":{"rendered":"ROSINTECH BIG Smash Rosin Presse Hydraulik 3,6 Tonnen | 5&#215;15 cm"},"content":{"rendered":"<h2>EINFACH ZU BENUTZEN<\/h2>\n<p>Dein gew\u00fcnschter Druck, Temperatur, Pressdauer &#8211; alles in einer einzigen einfachen Maschine.<br \/>\nVon allen Mitgliedern des #teamSHO als &#8220;Plug-in und Pressmodell&#8221; bezeichnet. Mit einer einfachen Handpumpe, \u00e4hnlich wie bei einem Wagenheber oder einer Hydraulikpumpe, werden die Platten jedes Mal mit der gew\u00fcnschten Geschwindigkeit geschlossen. Dies erm\u00f6glicht eine vollst\u00e4ndige Druck- und Geschwindigkeitskontrolle bei jeder Art von Material. Wir empfehlen diese Presse f\u00fcr Anwender, die eine Presse suchen, die auf eine Arbeitsplatte passt, und f\u00fcr diejenigen, die keinen Luftkompressor anschlie\u00dfen m\u00f6chten.<\/p>\n<p><img fetchpriority=\"high\" decoding=\"async\" class=\"alignnone size-medium wp-image-48466\" src=\"https:\/\/www.donaulife.com\/wp-content\/uploads\/2023\/07\/IMG_7552_large-300x169.webp\" alt=\"\" width=\"300\" height=\"169\" \/><\/p>\n<h2>PRODUKTION<\/h2>\n<p>Dr\u00fccken und pressen Sie jede Art von Material. Volle Kontrolle \u00fcber Geschwindigkeit und Druck.<br \/>\nEntwickelt, um dem Benutzer die volle Kontrolle \u00fcber die Geschwindigkeit des hydraulischen Hebers mit einer einfachen Handpumpe zu geben, um ein Ausblasen zu verhindern. Das Ger\u00e4t ist sowohl f\u00fcr private als auch f\u00fcr kommerzielle Anwendungen geeignet und kann transportiert werden. Mit einem Gewicht von 60 Pfund, einem Druck von vier Tonnen und einer doppelt beheizten 6&#8243; x 2&#8243;-Plattengr\u00f6\u00dfe eignet es sich zum Pressen aller Arten von Material.<\/p>\n<p><strong>Funktionsweise des Rosin-tech:<\/strong><\/p>\n<p>Die beiden Hauptfaktoren von Rosin-tech f\u00fcr das Dabbing sind Hitze und Druck.<\/p>\n<p>Die Kombination aus diesen beiden Faktoren vereint, f\u00fchrt dazu, dass die Trichome beginnen zu schmelzen und sich diese dann auf dem Pergamentpapier sammeln.<br \/>\nDas daraus resultierende Ergebnis ist ein wachsartiges Produkt.<\/p>\n<p><strong>Die Gr\u00fcnde daf\u00fcr liegen auf der Hand:<\/strong><\/p>\n<p>Es gibt kein ungewolltes Pflanzenmaterial in dem Produkt, da der Verbrennungspunkt bei 932-1292 \u00b0F liegt und der Rosin-Tech-Prozess nicht einmal ann\u00e4hernd an diesen Wert herankommt.<br \/>\nIm Gegensatz zu \u00d6len und Wachsen, die mit Hilfe von L\u00f6sungsmitteln extrahiert wurden, gibt es bei dieser Methode keine L\u00f6sungsmittel, welche sich in dem Resultat befinden. Somit kann ausgeschlossen werden, dass irgendwelche L\u00f6sungsmittel in dem Extrakt vorhanden sind. Somit kann auch garantiert werden, dass bei dem Konsum von diesem \u201epuren\u201c Extrakt, L\u00f6sungsmittel irgendeiner Art f\u00e4lschlicherweise konsumiert werden.<\/p>\n<p><strong>Bevorzugte Beutelgr\u00f6\u00dfen:<\/strong> 1,25&#8221; x 3,25&#8221; Beutel oder 2&#8221; x 3,5&#8221; Beutel<\/p>\n<p><strong>Empfohlenes Zubeh\u00f6r:<\/strong> Mini Pre-Press | RTP Pergamentpapier<\/p>\n<h3>Rosin Tech BIG Smash\u2122 Merkmale<\/h3>\n<ul>\n<li>Druck: 3,6 Metrische Tonnen<\/li>\n<li><span style=\"color: #555555; font-size: 14.4px;\">15 cm x 5 cm massive Aluminium-Doppelheizplatten<\/span><\/li>\n<li>Gleichm\u00e4\u00dfige W\u00e4rmeverteilung mit Mikroprozessor-Pr\u00e4zisions-Temperaturanzeige;<\/li>\n<li>Temperaturbereich: 0\u00b0c &#8211; 200 \u00b0c;<\/li>\n<li>Digitale Temperaturkontrolle und digitaler automatischer Timer;<\/li>\n<\/ul>\n<h3>Spezifikationen:<\/h3>\n<ul>\n<li>Elektrisch: 220 Volt | 800 Watt | 10A<\/li>\n<li>Versandabmessungen: 34,5 cm x 34,5 cm x 58,5 cm; Gewicht: 25kg<\/li>\n<li>Inklusive RTP-Bedienungsanleitung<\/li>\n<li>*Versand am n\u00e4chsten Tag, au\u00dfer an Feiertagen und Wochenenden.<\/li>\n<\/ul>\n<p>R\u00fcckgabe- und Gew\u00e4hrleistungsbestimmungen: Alle Pressen werden mit einer einj\u00e4hrigen Garantie geliefert, die mit der Lieferung des Produkts beginnt. W\u00e4hrend dieser Zeit liefern wir kostenlos Ersatzteile f\u00fcr alles, was kaputt geht.<\/p>\n<p>Defekte Produkte m\u00fcssen innerhalb von 30 Tagen nach der urspr\u00fcnglichen Lieferung an unser Lager zur\u00fcckgeschickt werden und dort eingehen. Nach Ablauf der 30-Tage-Frist sind die Kunden f\u00fcr den Versand defekter Produkte verantwortlich. Wir \u00fcbernehmen die Kosten f\u00fcr den Versand von Ersatzprodukten an unsere Kunden.<\/p>\n<p><strong>Bitte beachte wir haben nicht alle Pressen lagernd. Diese werden direkt vom Hersteller an dich versendet. Die Lieferzeit betr\u00e4gt 1-2 Wochen innerhalb Europas.<\/strong><\/p>\n","protected":false},"excerpt":{"rendered":"<p>EINFACH ZU BENUTZEN Dein gew\u00fcnschter Druck, Temperatur, Pressdauer &#8211; alles in einer einzigen einfachen Maschine. Von allen Mitgliedern des #teamSHO<\/p>\n","protected":false},"featured_media":40302,"comment_status":"open","ping_status":"closed","template":"","meta":{"_acf_changed":false},"product_cat":[2549,2571],"product_tag":[],"acf":[],"_links":{"self":[{"href":"https:\/\/donaulife-new.ogrisdigital.at\/it\/wp-json\/wp\/v2\/product\/54774"}],"collection":[{"href":"https:\/\/donaulife-new.ogrisdigital.at\/it\/wp-json\/wp\/v2\/product"}],"about":[{"href":"https:\/\/donaulife-new.ogrisdigital.at\/it\/wp-json\/wp\/v2\/types\/product"}],"replies":[{"embeddable":true,"href":"https:\/\/donaulife-new.ogrisdigital.at\/it\/wp-json\/wp\/v2\/comments?post=54774"}],"wp:featuredmedia":[{"embeddable":true,"href":"https:\/\/donaulife-new.ogrisdigital.at\/it\/wp-json\/wp\/v2\/media\/40302"}],"wp:attachment":[{"href":"https:\/\/donaulife-new.ogrisdigital.at\/it\/wp-json\/wp\/v2\/media?parent=54774"}],"wp:term":[{"taxonomy":"product_cat","embeddable":true,"href":"https:\/\/donaulife-new.ogrisdigital.at\/it\/wp-json\/wp\/v2\/product_cat?post=54774"},{"taxonomy":"product_tag","embeddable":true,"href":"https:\/\/donaulife-new.ogrisdigital.at\/it\/wp-json\/wp\/v2\/product_tag?post=54774"}],"curies":[{"name":"wp","href":"https:\/\/api.w.org\/{rel}","templated":true}]}}