{"id":54768,"date":"2023-07-10T14:11:29","date_gmt":"2023-07-10T14:11:29","guid":{"rendered":"https:\/\/donaulife-new.ogrisdigital.at\/produkt\/clipper-metall-feuerzeug-northern-lights\/"},"modified":"2024-07-01T01:08:59","modified_gmt":"2024-07-01T01:08:59","slug":"clipper-metall-feuerzeug-northern-lights","status":"publish","type":"product","link":"https:\/\/donaulife-new.ogrisdigital.at\/it\/clipper-metall-feuerzeug-northern-lights\/","title":{"rendered":"CLIPPER Metall Feuerzeug &#8216;Northern Lights&#8217;"},"content":{"rendered":"<h2>Clipper Metall Feuerzeug im Northern Lights Design<\/h2>\n<p>Hier siehst du ein CLIPPER Feuerzeug, perfekt daf\u00fcr geeignet den Inhalt von Bongk\u00f6pfchen zu entz\u00fcnden, da sich die Flamme vergr\u00f6\u00dfert wenn es Kopf\u00fcber gehalten wird. Hier 3 neue Designs der CLIPPER Serie &#8216;Northern Lights&#8217;.<\/p>\n<p>Clipper k\u00f6nnen au\u00dferdem als Flaschenst\u00f6psel dienen oder du nutzt den Feuerstein Stift zum stopfen. \ud83d\ude09<\/p>\n<p>Inklusive hochwertiger Clipper Metall Box<\/p>\n<h3>\u00dcber Clipper:<\/h3>\n<p>Clipper ist ein Synonym f\u00fcr Zuverl\u00e4ssigkeit und dieses Modell ist keine Ausnahme! Das erste Clipper-Feuerzeug wurde 1972 hergestellt, und jetzt das weltweite Niveau der Produktion ist rund 450 Millionen Einheiten pro Jahr. Eines der Merkmale in Clipper Feuerzeuge, die es genial macht, ist das abnehmbare Feuerstein-System, das es einfach erm\u00f6glicht selbst Zigaretten zu rollen.<\/p>\n","protected":false},"excerpt":{"rendered":"<p>Clipper Metall Feuerzeug im Northern Lights Design Hier siehst du ein CLIPPER Feuerzeug, perfekt daf\u00fcr geeignet den Inhalt von Bongk\u00f6pfchen<\/p>\n","protected":false},"featured_media":40265,"comment_status":"open","ping_status":"open","template":"","meta":{"_acf_changed":false},"product_cat":[2494,2489,2774,2775,2566,2451],"product_tag":[2776],"acf":[],"_links":{"self":[{"href":"https:\/\/donaulife-new.ogrisdigital.at\/it\/wp-json\/wp\/v2\/product\/54768"}],"collection":[{"href":"https:\/\/donaulife-new.ogrisdigital.at\/it\/wp-json\/wp\/v2\/product"}],"about":[{"href":"https:\/\/donaulife-new.ogrisdigital.at\/it\/wp-json\/wp\/v2\/types\/product"}],"replies":[{"embeddable":true,"href":"https:\/\/donaulife-new.ogrisdigital.at\/it\/wp-json\/wp\/v2\/comments?post=54768"}],"wp:featuredmedia":[{"embeddable":true,"href":"https:\/\/donaulife-new.ogrisdigital.at\/it\/wp-json\/wp\/v2\/media\/40265"}],"wp:attachment":[{"href":"https:\/\/donaulife-new.ogrisdigital.at\/it\/wp-json\/wp\/v2\/media?parent=54768"}],"wp:term":[{"taxonomy":"product_cat","embeddable":true,"href":"https:\/\/donaulife-new.ogrisdigital.at\/it\/wp-json\/wp\/v2\/product_cat?post=54768"},{"taxonomy":"product_tag","embeddable":true,"href":"https:\/\/donaulife-new.ogrisdigital.at\/it\/wp-json\/wp\/v2\/product_tag?post=54768"}],"curies":[{"name":"wp","href":"https:\/\/api.w.org\/{rel}","templated":true}]}}