{"id":54734,"date":"2023-07-10T08:57:43","date_gmt":"2023-07-10T08:57:43","guid":{"rendered":"https:\/\/donaulife-new.ogrisdigital.at\/produkt\/black-leaf-beakerbong-trippy-rasta-32-cm\/"},"modified":"2025-01-15T07:07:19","modified_gmt":"2025-01-15T07:07:19","slug":"black-leaf-beakerbong-trippy-rasta-32-cm","status":"publish","type":"product","link":"https:\/\/donaulife-new.ogrisdigital.at\/it\/black-leaf-beakerbong-trippy-rasta-32-cm\/","title":{"rendered":"BLACK LEAF Beakerbong &#8216;Trippy Rasta&#8217;| 32 cm"},"content":{"rendered":"<h2>Black Leaf Beakerbong &#8216;Trippy Rasta&#8217;<\/h2>\n<div>Die von Hand bemalte Ice-Bong von Black Leaf\u00ae hat eine Wandst\u00e4rke von 7 mm und einen bistabilen Schliff. Die Farbe ist hitzebest\u00e4ndig und leuchtet im Dunkeln hervorragend. F\u00fcr eine optimale Abk\u00fchlung des Rauches sorgt der Adapter mit Diffusorschlitzen und die gro\u00dfz\u00fcgige Eiskammer.<\/div>\n<div><\/div>\n<div>Es gibt kein Sieb f\u00fcr das Kr\u00e4uterk\u00f6pfchen, das einen breiten Griff hat. Auch als Rollstopper dient er. Ein Stopfen verschlie\u00dft das Kickloch und erleichtert die Reinigung.<\/div>\n<div><\/div>\n<div>Die Kolbenbong hat ein abgerundetes Mundst\u00fcck und aufgrund ihrer enormen Schwere ist sie vollst\u00e4ndig standfest.<\/div>\n<h3><span style=\"font-size: 20.16px;\">\u00dcber Black Leaf:<\/span><\/h3>\n<div>\n<p>In Weed We Trust ? Smoking\u00a0<em>Paraphernalia<\/em> seit 1988: Bongs, Pfeifen, Vaporizer, Grinder, Dabbing Zubeh\u00f6r, Paper &amp; Filter, Lifestyle Produkte. Es gibt viele Innovative Produkte der Marke die auch die ein oder andere Weltneuheit erschaffen haben. Im Shop bieten wir von allen Produkten die beste Auswahl.<\/p>\n<\/div>\n","protected":false},"excerpt":{"rendered":"<p>Black Leaf Beakerbong &#8216;Trippy Rasta&#8217; Die von Hand bemalte Ice-Bong von Black Leaf\u00ae hat eine Wandst\u00e4rke von 7 mm und<\/p>\n","protected":false},"featured_media":40119,"comment_status":"open","ping_status":"open","template":"","meta":{"_acf_changed":false},"product_cat":[2514,2548,2459,2515,2635,2506,2463],"product_tag":[2521],"acf":[],"_links":{"self":[{"href":"https:\/\/donaulife-new.ogrisdigital.at\/it\/wp-json\/wp\/v2\/product\/54734"}],"collection":[{"href":"https:\/\/donaulife-new.ogrisdigital.at\/it\/wp-json\/wp\/v2\/product"}],"about":[{"href":"https:\/\/donaulife-new.ogrisdigital.at\/it\/wp-json\/wp\/v2\/types\/product"}],"replies":[{"embeddable":true,"href":"https:\/\/donaulife-new.ogrisdigital.at\/it\/wp-json\/wp\/v2\/comments?post=54734"}],"wp:featuredmedia":[{"embeddable":true,"href":"https:\/\/donaulife-new.ogrisdigital.at\/it\/wp-json\/wp\/v2\/media\/40119"}],"wp:attachment":[{"href":"https:\/\/donaulife-new.ogrisdigital.at\/it\/wp-json\/wp\/v2\/media?parent=54734"}],"wp:term":[{"taxonomy":"product_cat","embeddable":true,"href":"https:\/\/donaulife-new.ogrisdigital.at\/it\/wp-json\/wp\/v2\/product_cat?post=54734"},{"taxonomy":"product_tag","embeddable":true,"href":"https:\/\/donaulife-new.ogrisdigital.at\/it\/wp-json\/wp\/v2\/product_tag?post=54734"}],"curies":[{"name":"wp","href":"https:\/\/api.w.org\/{rel}","templated":true}]}}