{"id":54714,"date":"2023-07-04T13:15:33","date_gmt":"2023-07-04T13:15:33","guid":{"rendered":"https:\/\/donaulife-new.ogrisdigital.at\/produkt\/shire-pipes-der-herr-der-ringe-saurons-pfeife-14-cm\/"},"modified":"2024-07-01T01:08:18","modified_gmt":"2024-07-01T01:08:18","slug":"shire-pipes-der-herr-der-ringe-saurons-pfeife-14-cm","status":"publish","type":"product","link":"https:\/\/donaulife-new.ogrisdigital.at\/it\/shire-pipes-der-herr-der-ringe-saurons-pfeife-14-cm\/","title":{"rendered":"SHIRE PIPES Der Herr der Ringe &#8216;Sauron\u00b4s Pfeife&#8217; | 14 cm"},"content":{"rendered":"<h2>Shire Pipes Sauron\u00b4s Pfeife<\/h2>\n<div>\n<p>Von seinem Turm tief in Mordor aus durchstreift das Auge von Sauron das Land auf der Suche nach dem Einen Ring. Mit diesem m\u00e4chtigen Artefakt plant Sauron, das Land in einer Herrschaft der Finsternis zu regieren. Doch der dunkle K\u00f6nig ahnt nicht, wie viel Mut in den Herzen der Hobbits schlummert. Die Macht des Guten zu untersch\u00e4tzen, war sein wahres Verh\u00e4ngnis.<\/p>\n<p>Mit der Sauron-Pfeife kannst du den Glanz der Macht sp\u00fcren, w\u00e4hrend du diese Macht mit einem Gef\u00fchl der Demut aus\u00fcbst. Diese Handpfeife im Stil eines gebogenen Apfels ist aus hochwertigem Kirschholz gefertigt und zeigt das Auge Saurons, das in Gold flammt. Perfekt f\u00fcr die Planung von Erfolgen in deiner unermesslichen Festung.<\/p>\n<\/div>\n<h3>\u00dcber Shire Pipes:<\/h3>\n<div>\n<p><strong>Deine Reise kann beginnen<\/strong><\/p>\n<p>Die Reise geht weiter und weiter, aber das Warten hat ein Ende &#8211; wir sind stolz darauf, dir die offiziell lizenzierte Der Herr der Ringe-Kollektion von Shire Pipes pr\u00e4sentieren zu k\u00f6nnen.<\/p>\n<p>Schnapp dir dein Longbottom Leaf und mach dich auf den Weg mit deinen Lieblingshobbits, Waldl\u00e4ufern und Zauberern. Diese voll funktionsf\u00e4higen Holzpfeifen sind eine vielseitige Erg\u00e4nzung f\u00fcr jeden Tolkien-Fan, die zu Hause auf einem St\u00e4nder ebenso gut zur Geltung kommen wie auf Abenteuern, wo sie in die Gew\u00e4nder gesteckt werden.<\/p>\n<p>Setzen Sie Ihre unerwartete Reise mit dem Selbstvertrauen eines Helden fort. Mit ihren individuellen, k\u00fchnen und auff\u00e4lligen Designs ist bei dieser herausragenden Erg\u00e4nzung des Shire Pipes Sortiments sicher f\u00fcr jeden eine Pfeife dabei.<\/p>\n<p>Wenn du dich danach sehnst, die H\u00fcgel des Auenlandes zu durchqueren, dich in die Tiefen von Moria zu wagen und deinen Weg \u00fcber die Felder von Pelennor zu k\u00e4mpfen&#8230;<\/p>\n<p>Beginnen Sie Ihr Abenteuer mit der Der Herr der Ringe-Kollektion.<\/p>\n<p>Egal, wohin du wanderst, mit einer Auenlandpfeife in der Hand wirst du dich nie verloren f\u00fchlen.<\/p>\n<\/div>\n","protected":false},"excerpt":{"rendered":"<p>Shire Pipes Sauron\u00b4s Pfeife Von seinem Turm tief in Mordor aus durchstreift das Auge von Sauron das Land auf der<\/p>\n","protected":false},"featured_media":39998,"comment_status":"open","ping_status":"open","template":"","meta":{"_acf_changed":false},"product_cat":[2451,2805,2501],"product_tag":[3681],"acf":[],"_links":{"self":[{"href":"https:\/\/donaulife-new.ogrisdigital.at\/it\/wp-json\/wp\/v2\/product\/54714"}],"collection":[{"href":"https:\/\/donaulife-new.ogrisdigital.at\/it\/wp-json\/wp\/v2\/product"}],"about":[{"href":"https:\/\/donaulife-new.ogrisdigital.at\/it\/wp-json\/wp\/v2\/types\/product"}],"replies":[{"embeddable":true,"href":"https:\/\/donaulife-new.ogrisdigital.at\/it\/wp-json\/wp\/v2\/comments?post=54714"}],"wp:featuredmedia":[{"embeddable":true,"href":"https:\/\/donaulife-new.ogrisdigital.at\/it\/wp-json\/wp\/v2\/media\/39998"}],"wp:attachment":[{"href":"https:\/\/donaulife-new.ogrisdigital.at\/it\/wp-json\/wp\/v2\/media?parent=54714"}],"wp:term":[{"taxonomy":"product_cat","embeddable":true,"href":"https:\/\/donaulife-new.ogrisdigital.at\/it\/wp-json\/wp\/v2\/product_cat?post=54714"},{"taxonomy":"product_tag","embeddable":true,"href":"https:\/\/donaulife-new.ogrisdigital.at\/it\/wp-json\/wp\/v2\/product_tag?post=54714"}],"curies":[{"name":"wp","href":"https:\/\/api.w.org\/{rel}","templated":true}]}}