{"id":54671,"date":"2023-06-28T08:32:45","date_gmt":"2023-06-28T08:32:45","guid":{"rendered":"https:\/\/donaulife-new.ogrisdigital.at\/produkt\/jcase-medical-case-wasserdichte-huelle\/"},"modified":"2024-07-01T01:07:57","modified_gmt":"2024-07-01T01:07:57","slug":"jcase-medical-case-wasserdichte-huelle","status":"publish","type":"product","link":"https:\/\/donaulife-new.ogrisdigital.at\/it\/jcase-medical-case-wasserdichte-huelle\/","title":{"rendered":"JCASE &#8216;Medical Case&#8217; BIG wasserdichte H\u00fclle"},"content":{"rendered":"<h2>Jcase Medizinische H\u00fclle wasserdicht<\/h2>\n<p>Aufbewahrungsbox f\u00fcr Stinky Things:<\/p>\n<h3><span class=\"a-list-item\">GERUCHSDICHT<\/span><\/h3>\n<p><span class=\"a-list-item\">Dank des eingearbeiteten Dichtungsrings in das CNC-Feingewinde k\u00f6nnen keinerlei Ger\u00fcchte aus der Box entweichen.<\/span><\/p>\n<h3><span class=\"a-list-item\">WASSERDICHT<\/span><\/h3>\n<p><span class=\"a-list-item\">Sie k\u00f6nnen Ihre Kr\u00e4uter oder Pillen bedenkenlos mit and den Stand oder Badesee nehmen. Der Inhalt bleibt auch unter Wasser zu 100% trocken.<\/span><\/p>\n<h3><span class=\"a-list-item\">UV SCHUTZ<\/span><\/h3>\n<p><span class=\"a-list-item\">Das hochwertige lichtundurchl\u00e4ssige Material sch\u00fctzt den Inhalt vor sch\u00e4dlichem UV Licht und Hitze. Dies sorgt f\u00fcr lange Frische des Stauraums.<\/span><\/p>\n<h3><span class=\"a-list-item\">STABIL<\/span><\/h3>\n<p><span class=\"a-list-item\">Eine erstklassige Verarbeitung aus eloxiertem Aluminium macht unseren Container zu einer langfristigen Anschaffung.<\/span><\/p>\n<h3><span class=\"a-list-item\">STYLISH<\/span><\/h3>\n<p><span class=\"a-list-item\">Ergonomisch entworfen, um Ihre Aufbewahrung zu verstauen, h\u00e4lt sie frisch und f\u00fcr eine lange Zeit. Die stylishe Box ist f\u00fcr bewusste Verbraucher gedacht, die Ihre Inhalte stilvoll verstauen m\u00f6chten.<\/span><\/p>\n<p>&nbsp;<\/p>\n<p>Mit der JCase hast du nie wieder Probleme mit geruchsintensiven Material in der freien Wildbahn. Geruchs dicht und m\u00f6glichst unauff\u00e4llig kannst du bis zu 10g verstauen.<\/p>\n","protected":false},"excerpt":{"rendered":"<p>Jcase Medizinische H\u00fclle wasserdicht Aufbewahrungsbox f\u00fcr Stinky Things: GERUCHSDICHT Dank des eingearbeiteten Dichtungsrings in das CNC-Feingewinde k\u00f6nnen keinerlei Ger\u00fcchte aus<\/p>\n","protected":false},"featured_media":39791,"comment_status":"open","ping_status":"closed","template":"","meta":{"_acf_changed":false},"product_cat":[2607,2489,2566,2451,3255,2826],"product_tag":[3256],"acf":[],"_links":{"self":[{"href":"https:\/\/donaulife-new.ogrisdigital.at\/it\/wp-json\/wp\/v2\/product\/54671"}],"collection":[{"href":"https:\/\/donaulife-new.ogrisdigital.at\/it\/wp-json\/wp\/v2\/product"}],"about":[{"href":"https:\/\/donaulife-new.ogrisdigital.at\/it\/wp-json\/wp\/v2\/types\/product"}],"replies":[{"embeddable":true,"href":"https:\/\/donaulife-new.ogrisdigital.at\/it\/wp-json\/wp\/v2\/comments?post=54671"}],"wp:featuredmedia":[{"embeddable":true,"href":"https:\/\/donaulife-new.ogrisdigital.at\/it\/wp-json\/wp\/v2\/media\/39791"}],"wp:attachment":[{"href":"https:\/\/donaulife-new.ogrisdigital.at\/it\/wp-json\/wp\/v2\/media?parent=54671"}],"wp:term":[{"taxonomy":"product_cat","embeddable":true,"href":"https:\/\/donaulife-new.ogrisdigital.at\/it\/wp-json\/wp\/v2\/product_cat?post=54671"},{"taxonomy":"product_tag","embeddable":true,"href":"https:\/\/donaulife-new.ogrisdigital.at\/it\/wp-json\/wp\/v2\/product_tag?post=54671"}],"curies":[{"name":"wp","href":"https:\/\/api.w.org\/{rel}","templated":true}]}}