{"id":54627,"date":"2023-06-07T08:47:08","date_gmt":"2023-06-07T08:47:08","guid":{"rendered":"https:\/\/donaulife-new.ogrisdigital.at\/produkt\/native-leaf-co-the-lucy-3er-pack\/"},"modified":"2025-01-15T07:07:38","modified_gmt":"2025-01-15T07:07:38","slug":"native-leaf-co-the-lucy-3er-pack","status":"publish","type":"product","link":"https:\/\/donaulife-new.ogrisdigital.at\/it\/native-leaf-co-the-lucy-3er-pack\/","title":{"rendered":"NATIVE LEAF CO. The Lucy | 3er Pack"},"content":{"rendered":"<h2>Native Leaf Co. echte Cannabis Bl\u00e4tter<\/h2>\n<h3>Was ist LUCY?<\/h3>\n<p>3 doppelte Hanfbl\u00e4tter. 30 Tage lang langsam gereift f\u00fcr den am besten schmeckenden, nat\u00fcrlichsten Hanfwickel. Wickeln Sie Ihr Kraut in Kraut.<\/p>\n<p>Hydratation erforderlich.<\/p>\n<h3>Ist nicht jedes Hanfpapier nat\u00fcrlich?<\/h3>\n<p>F*ck nein. Es ist Hanf, der abgebaut und zu Papier verarbeitet wird. Unser Blatt bleibt ein Blatt. Das bedeutet: KEINE Bleiche. Keine Farbstoffe. Kein Quatsch! So wie es die Natur vorgesehen hat.<\/p>\n<h3>Was ist in meiner wiederverwendbaren Tasche enthalten?<\/h3>\n<ul>\n<li>3 doppelte Hanfbl\u00e4tter &#8211; gestapelt zum einfachen Rollen<\/li>\n<li>3 Filter &#8211; keine unerw\u00fcnschten Bl\u00fctenreste<\/li>\n<li>Hanfdocht &#8211; zum Anz\u00fcnden, ohne den Geschmack Deines Krauts zu ver\u00e4ndern<\/li>\n<li>Rolling Glue auf Pflanzenbasis &#8211; versiegelt Deinen Wrap mit der Natur<\/li>\n<li>Boveda &#8211; um deine Bl\u00e4tter frisch zu halten<\/li>\n<\/ul>\n<p>Wie hydratisiere ich ein Native Leaf?<br \/>\nUm Ihr Blatt zu hydratisieren, f\u00fcllen Sie zun\u00e4chst eine Tasse mit warmem, hei\u00dfem Wasser. Tauchen Sie Ihr Blatt vorsichtig f\u00fcr 1-10 Sekunden in das Wasser ein. Wenn das Blatt vollst\u00e4ndig geschmeidig ist, tupfen Sie es vorsichtig mit einem Handtuch trocken, um \u00fcbersch\u00fcssige Feuchtigkeit zu entfernen, bevor Sie es rollen.<\/p>\n<p>Alle Bl\u00e4tter stammen von U.S. Farmen.<\/p>\n<h3>\u00dcber Native Leaf Co.:<\/h3>\n<p>Die Native Leaf Co. wurde von Sidney Quitorio in Leben gerufen um enthusiastischen Rauchern den puren Geschmack von echten Hanfbl\u00e4ttern zu erm\u00f6glichen.<\/p>\n","protected":false},"excerpt":{"rendered":"<p>Native Leaf Co. echte Cannabis Bl\u00e4tter Was ist LUCY? 3 doppelte Hanfbl\u00e4tter. 30 Tage lang langsam gereift f\u00fcr den am<\/p>\n","protected":false},"featured_media":39582,"comment_status":"open","ping_status":"open","template":"","meta":{"_acf_changed":false},"product_cat":[2456,2489,2451,2453,2452],"product_tag":[],"acf":[],"_links":{"self":[{"href":"https:\/\/donaulife-new.ogrisdigital.at\/it\/wp-json\/wp\/v2\/product\/54627"}],"collection":[{"href":"https:\/\/donaulife-new.ogrisdigital.at\/it\/wp-json\/wp\/v2\/product"}],"about":[{"href":"https:\/\/donaulife-new.ogrisdigital.at\/it\/wp-json\/wp\/v2\/types\/product"}],"replies":[{"embeddable":true,"href":"https:\/\/donaulife-new.ogrisdigital.at\/it\/wp-json\/wp\/v2\/comments?post=54627"}],"wp:featuredmedia":[{"embeddable":true,"href":"https:\/\/donaulife-new.ogrisdigital.at\/it\/wp-json\/wp\/v2\/media\/39582"}],"wp:attachment":[{"href":"https:\/\/donaulife-new.ogrisdigital.at\/it\/wp-json\/wp\/v2\/media?parent=54627"}],"wp:term":[{"taxonomy":"product_cat","embeddable":true,"href":"https:\/\/donaulife-new.ogrisdigital.at\/it\/wp-json\/wp\/v2\/product_cat?post=54627"},{"taxonomy":"product_tag","embeddable":true,"href":"https:\/\/donaulife-new.ogrisdigital.at\/it\/wp-json\/wp\/v2\/product_tag?post=54627"}],"curies":[{"name":"wp","href":"https:\/\/api.w.org\/{rel}","templated":true}]}}