{"id":54543,"date":"2023-05-19T10:40:49","date_gmt":"2023-05-19T10:40:49","guid":{"rendered":"https:\/\/donaulife-new.ogrisdigital.at\/produkt\/pax-plus-vaporizer-fuer-kraeuter-extrakte\/"},"modified":"2024-07-01T01:06:43","modified_gmt":"2024-07-01T01:06:43","slug":"pax-plus-vaporizer-fuer-kraeuter-extrakte","status":"publish","type":"product","link":"https:\/\/donaulife-new.ogrisdigital.at\/it\/pax-plus-vaporizer-fuer-kraeuter-extrakte\/","title":{"rendered":"PAX Plus Vaporizer f\u00fcr Kr\u00e4uter + Extrakte"},"content":{"rendered":"<h2 class=\"h-large\"><strong>PAX Plus by PAXLabs &#8211; Der ultimative tragbare Verdampfer<\/strong><\/h2>\n<p>Der PAX Plus vereint eine Vielzahl von Funktionen in einem schlanken, intelligenten und einfachen Design. Mit den neuen, eingebauten Erlebnismodi k\u00f6nnen Sie mit einem einfachen Tastendruck verschiedene Kombinationen von Geschmack und Dampf w\u00e4hlen. Zu den raffinierten Designverbesserungen geh\u00f6ren eine gr\u00f6\u00dfere LED Anzeige, eine weiche, matte Beschichtung, neue, farblich angepasste Mundst\u00fccke und abgerundete Kanten, die den PAX Plus leichter in der Hand liegen lassen.<\/p>\n<h3>Mehr Flexibilit\u00e4t und Mehr Geschmack<\/h3>\n<p>PAX Plus liefert volle Bl\u00fcten- und starke Konzentrat- Erfahrungen mit demselben Ger\u00e4t. PAX Plus wird mit 0.25g und 0.5g Kr\u00e4uterkammern geliefert, um Ihnen mehr Flexibilit\u00e4t f\u00fcr Solo-Sessions und gemeinsame Sessions zu bieten. Der mitgelieferte Konzentrat Adapter erm\u00f6glicht den problemlosen Genuss von wachsartigen und festen Konzentraten und sorgt f\u00fcr gleichbleibende Geschmacksrichtungen, Aromen und Potenz, ohne dass die patentierte Temperaturregelung zu hartem Rauch f\u00fchrt.<\/p>\n<div style=\"width: 1400px;\" class=\"wp-video\"><!--[if lt IE 9]><script>document.createElement('video');<\/script><![endif]-->\n<video class=\"wp-video-shortcode\" id=\"video-54543-1\" width=\"1400\" height=\"1400\" loop=\"1\" autoplay=\"1\" preload=\"auto\" controls=\"controls\"><source type=\"video\/mp4\" src=\"https:\/\/www.donaulife.com\/wp-content\/uploads\/2023\/05\/Pax_Plus_concentrate.mp4?_=1\" \/><a href=\"https:\/\/www.donaulife.com\/wp-content\/uploads\/2023\/05\/Pax_Plus_concentrate.mp4\" target=\"_blank\" rel=\"noopener\">https:\/\/www.donaulife.com\/wp-content\/uploads\/2023\/05\/Pax_Plus_concentrate.mp4<\/a><\/video><\/div>\n<h3>Experience Made Easy<\/h3>\n<p>PAX Plus verf\u00fcgt \u00fcber vier integrierte Erlebnismodi, die Ihnen mehr Kontrolle \u00fcber Ihre Sitzungen geben. Es ist keine App erforderlich und ein Knopf gibt Ihnen vier Optionen, um Ihre ideale Kombination aus Dampf und Geschmack zu w\u00e4hlen.<\/p>\n<div style=\"width: 1400px;\" class=\"wp-video\"><video class=\"wp-video-shortcode\" id=\"video-54543-2\" width=\"1400\" height=\"1400\" loop=\"1\" autoplay=\"1\" preload=\"auto\" controls=\"controls\"><source type=\"video\/mp4\" src=\"https:\/\/www.donaulife.com\/wp-content\/uploads\/2023\/05\/Pax_Plus_modes.mp4?_=2\" \/><a href=\"https:\/\/www.donaulife.com\/wp-content\/uploads\/2023\/05\/Pax_Plus_modes.mp4\" target=\"_blank\" rel=\"noopener\">https:\/\/www.donaulife.com\/wp-content\/uploads\/2023\/05\/Pax_Plus_modes.mp4<\/a><\/video><\/div>\n<h3>Merkmale:<\/h3>\n<ul>\n<li>Stealth-Modus: Minimiert den Dampf und dimmt die LEDs f\u00fcr ultimative Diskretion.<\/li>\n<li>Effizienz-Modus: Optimiert die Dampferzeugung und schont das Material.<\/li>\n<li>Geschmacksmodus: Hebt die Geschmacksnuancen mit bedarfsgerechtem Dampfen hervor.<\/li>\n<li>Boost-Modus: Ideal f\u00fcr Konzentrate und liefert maximalen Dampf.<\/li>\n<\/ul>\n<h3>Less Gunk. More Funk.<\/h3>\n<p>Der PAX Plus verf\u00fcgt \u00fcber ein neues 3D-Ofengitter und ein verbessertes Multi-Tool-Design, das die Reinigung vereinfacht. Das 3D-Gitter l\u00e4sst sich leichter entfernen, und die mitgelieferte Drahtb\u00fcrste erm\u00f6glicht eine schnelle Reinigung des PAX Plus. Das mitgelieferte Multitool hat abgerundete Kanten, die das Entleeren und Reinigen Ihres Ofens einfacher denn je machen.<\/p>\n<div style=\"width: 1400px;\" class=\"wp-video\"><video class=\"wp-video-shortcode\" id=\"video-54543-3\" width=\"1400\" height=\"1400\" loop=\"1\" autoplay=\"1\" preload=\"auto\" controls=\"controls\"><source type=\"video\/mp4\" src=\"https:\/\/www.donaulife.com\/wp-content\/uploads\/2023\/05\/Pax_Plus_sieb.mp4?_=3\" \/><a href=\"https:\/\/www.donaulife.com\/wp-content\/uploads\/2023\/05\/Pax_Plus_sieb.mp4\" target=\"_blank\" rel=\"noopener\">https:\/\/www.donaulife.com\/wp-content\/uploads\/2023\/05\/Pax_Plus_sieb.mp4<\/a><\/video><\/div>\n<h3>Das Kraftpaket im Taschenformat<\/h3>\n<p>Den PAX Plus k\u00f6nnen Sie einfach bepacken und mitnehmen. Mit einer Akkulaufzeit von mehr als zwei Stunden und einer Aufheizzeit von 22 Sekunden k\u00f6nnen Sie schnelle und einfache Sitzungen genie\u00dfen. Dank des magnetischen Ofendeckels ist der PAX Plus immer und \u00fcberall einsatzbereit.<\/p>\n<p><img fetchpriority=\"high\" decoding=\"async\" class=\"alignnone wp-image-49938\" src=\"https:\/\/www.donaulife.com\/wp-content\/uploads\/2023\/05\/Plus_PocketSized_720x-300x300.webp\" alt=\"\" width=\"643\" height=\"643\" \/><\/p>\n<h3>Diskrete Nutzung<\/h3>\n<p>PAX Plus bietet eine Menge Funktionen in einem Ger\u00e4t, das leicht in Ihre Tasche passt. Schalten Sie ihn einfach ein, nehmen Sie einen Zug und schalten Sie ihn wieder aus. PAX Plus produziert keinen Rauch und weit weniger Geruch als Verbrennungsprodukte, so dass Sie einen Zug nehmen k\u00f6nnen, wann und wo Sie wollen. Zusammen mit der 10-Jahres-Garantie ist der PAX Plus die ideale Kombination aus Leistung, Mobilit\u00e4t und Seelenfrieden. Wenn Sie Ihre Flower- und Konzentrat-Sessions auf die n\u00e4chste Stufe heben wollen, k\u00f6nnte der PAX Plus genau der richtige tragbare Kr\u00e4uter- und Konzentrat Verdampfer f\u00fcr Sie sein.<\/p>\n<h3>Lieferumfang<\/h3>\n<ul>\n<li>1x Pax PLUS Vaporizer<\/li>\n<li>Drahtb\u00fcrste<\/li>\n<li>Magnetisches USB Ladekabel<\/li>\n<li>Flaches Mundst\u00fcck<\/li>\n<li>Erh\u00f6htes Mundst\u00fcck<\/li>\n<li>3D Siebe<\/li>\n<li>Standard Ofendeckel<\/li>\n<li>Tiefer Ofendeckel<\/li>\n<li>Konzentrateinsatz<\/li>\n<li>Multi-Tool<\/li>\n<\/ul>\n<h3>\u00dcber Pax Labs:<\/h3>\n<p>UNSERE MISSION IST ES, DAS LEBEN DER MENSCHEN ZU VERBESSERN<br \/>\nUnsere Gemeinschaften sind f\u00fcr ihr Wohlbefinden auf Cannabis angewiesen. Deshalb arbeiten wir jeden Tag daran, das Beste aus der Blume herauszuholen, damit sie das Beste aus uns herausholen kann.<\/p>\n<p>Es treibt unsere unerm\u00fcdliche Innovation und unseren Respekt f\u00fcr die zeitlosen Vorteile von Cannabis an.<\/p>\n<p>Das ist der Grund, warum PAX-Ger\u00e4te erhitzen und niemals verbrennen, damit jede Session, jedes Mal, bl\u00fctengetreu und besser f\u00fcr Sie ist. Und es ist der Grund, warum alles, was wir machen, mit reinem, nat\u00fcrlichem, 100%igem Cannabis beginnt.<\/p>\n","protected":false},"excerpt":{"rendered":"<p>PAX Plus by PAXLabs &#8211; Der ultimative tragbare Verdampfer Der PAX Plus vereint eine Vielzahl von Funktionen in einem schlanken,<\/p>\n","protected":false},"featured_media":39293,"comment_status":"open","ping_status":"closed","template":"","meta":{"_acf_changed":false},"product_cat":[2489,2566,2625,3664,2623],"product_tag":[3665],"acf":[],"_links":{"self":[{"href":"https:\/\/donaulife-new.ogrisdigital.at\/it\/wp-json\/wp\/v2\/product\/54543"}],"collection":[{"href":"https:\/\/donaulife-new.ogrisdigital.at\/it\/wp-json\/wp\/v2\/product"}],"about":[{"href":"https:\/\/donaulife-new.ogrisdigital.at\/it\/wp-json\/wp\/v2\/types\/product"}],"replies":[{"embeddable":true,"href":"https:\/\/donaulife-new.ogrisdigital.at\/it\/wp-json\/wp\/v2\/comments?post=54543"}],"wp:featuredmedia":[{"embeddable":true,"href":"https:\/\/donaulife-new.ogrisdigital.at\/it\/wp-json\/wp\/v2\/media\/39293"}],"wp:attachment":[{"href":"https:\/\/donaulife-new.ogrisdigital.at\/it\/wp-json\/wp\/v2\/media?parent=54543"}],"wp:term":[{"taxonomy":"product_cat","embeddable":true,"href":"https:\/\/donaulife-new.ogrisdigital.at\/it\/wp-json\/wp\/v2\/product_cat?post=54543"},{"taxonomy":"product_tag","embeddable":true,"href":"https:\/\/donaulife-new.ogrisdigital.at\/it\/wp-json\/wp\/v2\/product_tag?post=54543"}],"curies":[{"name":"wp","href":"https:\/\/api.w.org\/{rel}","templated":true}]}}