{"id":54540,"date":"2023-05-19T10:32:57","date_gmt":"2023-05-19T10:32:57","guid":{"rendered":"https:\/\/donaulife-new.ogrisdigital.at\/produkt\/pax-mini-vaporizer-fuer-kraeuter\/"},"modified":"2024-07-01T01:06:41","modified_gmt":"2024-07-01T01:06:41","slug":"pax-mini-vaporizer-fuer-kraeuter","status":"publish","type":"product","link":"https:\/\/donaulife-new.ogrisdigital.at\/it\/pax-mini-vaporizer-fuer-kraeuter\/","title":{"rendered":"PAX Mini Vaporizer f\u00fcr Kr\u00e4uter"},"content":{"rendered":"<h2 class=\"h-large\"><strong>PAX Mini by PAXLabs<\/strong><\/h2>\n<p>PAX Mini ist das Ergebnis von mehr als einem Jahrzehnt an Innovation. Dieses PAX-Ger\u00e4t der n\u00e4chsten Generation wurde entwickelt, um das Beste aus Kr\u00e4utern und Konzentraten herauszuholen, mit einer patentierten Temperaturregelung, die heizt und nie brennt. PAX Mini ist der bisher kleinste PAX, der f\u00fcr schnelle und einfache Kr\u00e4utersessions unterwegs entwickelt wurde.<\/p>\n<h3>Better Than A Bowl:<\/h3>\n<p>Der PAX-Mini ist ein Trockenkrautverdampfer im Taschenformat, der ein komplettes Kr\u00e4utererlebnis bietet. Du wirst mehr von den nat\u00fcrlichen Terpenen und Cannabinoiden genie\u00dfen, ohne harten Rauch und weniger verschwendete Kr\u00e4uter. Mit einer Akkulaufzeit von mehr als zwei Stunden k\u00f6nnen Sie Ihre Sessions auf die n\u00e4chste Stufe bringen, wo immer Sie wollen. Zu den neuen Design-Updates geh\u00f6ren eine gr\u00f6\u00dfere LED, eine weiche, matte Oberfl\u00e4che und abgerundete Kanten, die den PAX-Mini leichter in der Hand liegen lassen.<\/p>\n<h3>Einschalten und Losdampfen:<\/h3>\n<p>Der PAX Mini heizt in nur 22 Sekunden auf und liefert schnell hochwertigen Dampf. Ohne Einstellungen zu \u00e4ndern und mit nur einem Knopf ist der PAX Mini elegant, raffiniert und super einfach. Nehmen Sie ihn mit, schalten Sie ihn ein und genie\u00dfen Sie jeden Zug.<\/p>\n<h3>Gro\u00dfartiger Genuss. Geringer Wartungsaufwand:<\/h3>\n<p>Der PAX Mini verf\u00fcgt \u00fcber ein neues Ofendesign f\u00fcr eine gleichm\u00e4\u00dfigere Erw\u00e4rmung und hat mit seiner Gr\u00f6\u00dfe von 0,25 g die perfekte Gr\u00f6\u00dfe f\u00fcr Solo-Kr\u00e4uter-Sessions. Ein neuer 3D-Bildschirm und eine mitgelieferte Drahtb\u00fcrste machen die Reinigung des PAX-Mini schnell und einfach.<\/p>\n<h3>Diskreter als eine Pfeife:<\/h3>\n<p>Mit einer H\u00f6he von nur 93 mm ist der PAX-Mini der bisher kleinste PAX Verdampfer f\u00fcr trockene Kr\u00e4uter. Das Design im Taschenformat verf\u00fcgt \u00fcber einen magnetischen Ofendeckel, der Ihr Verdampfungsmaterial erw\u00e4rmt und sicher h\u00e4lt. Sie werden jederzeit saubere Hits und saubere Taschen genie\u00dfen, wenn Sie Ihre Kr\u00e4utersessions unterwegs m\u00f6gen.<\/p>\n<h3>Diskretion trifft auf Langlebigkeit:<\/h3>\n<p>Ein gro\u00dfer Vorteil des PAX-Mini ist, dass er keinen Rauch und deutlich weniger Geruch erzeugt als herk\u00f6mmliche Verbrennungsmethoden. Das bedeutet, dass Sie das Ger\u00e4t einschalten, einen Zug nehmen und es wieder ausschalten k\u00f6nnen, um Ihre Sessions praktisch \u00fcberall zu genie\u00dfen. Wenn Sie sich vom klassischen Rauchen verabschieden m\u00f6chten, ist der PAX Mini der perfekte Verdampfer f\u00fcr trockene Kr\u00e4uter, um das Beste aus Ihrem Lieblingkraut herauszuholen.<\/p>\n<h3>Lieferumfang<\/h3>\n<ul>\n<li>1x Pax Mini Vaporizer<\/li>\n<li>Drahtb\u00fcrste<\/li>\n<li>Magnetisches USB Ladekabel<\/li>\n<li>Flaches Mundst\u00fcck<\/li>\n<li>Erh\u00f6htes Mundst\u00fcck<\/li>\n<li>3D Siebe<\/li>\n<li>Standard Ofendeckel<\/li>\n<\/ul>\n<p>&nbsp;<\/p>\n","protected":false},"excerpt":{"rendered":"<p>PAX Mini by PAXLabs PAX Mini ist das Ergebnis von mehr als einem Jahrzehnt an Innovation. Dieses PAX-Ger\u00e4t der n\u00e4chsten<\/p>\n","protected":false},"featured_media":39288,"comment_status":"open","ping_status":"closed","template":"","meta":{"_acf_changed":false},"product_cat":[2489,2566,2625,3664,2623],"product_tag":[3665],"acf":[],"_links":{"self":[{"href":"https:\/\/donaulife-new.ogrisdigital.at\/it\/wp-json\/wp\/v2\/product\/54540"}],"collection":[{"href":"https:\/\/donaulife-new.ogrisdigital.at\/it\/wp-json\/wp\/v2\/product"}],"about":[{"href":"https:\/\/donaulife-new.ogrisdigital.at\/it\/wp-json\/wp\/v2\/types\/product"}],"replies":[{"embeddable":true,"href":"https:\/\/donaulife-new.ogrisdigital.at\/it\/wp-json\/wp\/v2\/comments?post=54540"}],"wp:featuredmedia":[{"embeddable":true,"href":"https:\/\/donaulife-new.ogrisdigital.at\/it\/wp-json\/wp\/v2\/media\/39288"}],"wp:attachment":[{"href":"https:\/\/donaulife-new.ogrisdigital.at\/it\/wp-json\/wp\/v2\/media?parent=54540"}],"wp:term":[{"taxonomy":"product_cat","embeddable":true,"href":"https:\/\/donaulife-new.ogrisdigital.at\/it\/wp-json\/wp\/v2\/product_cat?post=54540"},{"taxonomy":"product_tag","embeddable":true,"href":"https:\/\/donaulife-new.ogrisdigital.at\/it\/wp-json\/wp\/v2\/product_tag?post=54540"}],"curies":[{"name":"wp","href":"https:\/\/api.w.org\/{rel}","templated":true}]}}