{"id":54510,"date":"2023-05-09T14:09:47","date_gmt":"2023-05-09T14:09:47","guid":{"rendered":"https:\/\/donaulife-new.ogrisdigital.at\/produkt\/groove-ripster-elektischer-grinder-155-cm\/"},"modified":"2025-01-15T07:07:56","modified_gmt":"2025-01-15T07:07:56","slug":"groove-ripster-elektischer-grinder-155-cm","status":"publish","type":"product","link":"https:\/\/donaulife-new.ogrisdigital.at\/it\/groove-ripster-elektischer-grinder-155-cm\/","title":{"rendered":"GROOVE Ripster elektischer Grinder | 15,5 cm"},"content":{"rendered":"<h2>Groove\u00b4s elektrischer Grinder<\/h2>\n<div>Wir stellen den Groove Ripster Grinder vor, eine leistungsstarke und effiziente L\u00f6sung f\u00fcr alle Ihre Mahlanforderungen. Mit seinem gro\u00dfen Fassungsverm\u00f6gen fasst der Groove Ripster Grinder bis zu 10-mal mehr als ein herk\u00f6mmlicher Grinder, was ihn ideal f\u00fcr den gewerblichen Einsatz macht.<\/div>\n<div><\/div>\n<div>Ausgestattet mit einem leistungsstarken Motor mit 30.000 Umdrehungen pro Minute, arbeitet dieser Grinder mit hoher Effizienz und liefert jedes Mal schnelle und konsistente Ergebnisse. Mit der Mahlgradkontrolle k\u00f6nnen Sie die Grobheit Ihres Materials einstellen, mit Optionen f\u00fcr grobes Mahlen in nur 3 bis 5 Sekunden oder feines Mahlen in 8 bis 15 Sekunden.<\/div>\n<div><\/div>\n<div>Das Groove Ripster Mahlwerk ist vielseitig einsetzbar und eignet sich zum Mahlen von trockenen Kr\u00e4utern, Gew\u00fcrzen und sogar Kaffeebohnen. Er verf\u00fcgt \u00fcber eine Ein-Knopf-Startfunktion f\u00fcr m\u00fchelose Bedienung, w\u00e4hrend die hochwertige Edelstahlkonstruktion f\u00fcr Haltbarkeit und Langlebigkeit sorgt. Das transparente Sichtfenster erm\u00f6glicht die \u00dcberwachung des Mahlvorgangs, w\u00e4hrend das abnehmbare Netzkabel f\u00fcr Komfort und Vielseitigkeit sorgt.<\/div>\n<h3>\u00dcber Groove Glass:<\/h3>\n<p>Hochwertige Glasprodukte, die einfach, funktionell und zuverl\u00e4ssig sind. Die Groove Glass Line besteht aus hochwertigen Materialien mit einem klaren und klassischen Look. Klares Glas mit schwarzen Akzenten macht diese Produkte zeitlos und auf lange Sicht stilvoll.<\/p>\n","protected":false},"excerpt":{"rendered":"<p>Groove\u00b4s elektrischer Grinder Wir stellen den Groove Ripster Grinder vor, eine leistungsstarke und effiziente L\u00f6sung f\u00fcr alle Ihre Mahlanforderungen. Mit<\/p>\n","protected":false},"featured_media":39090,"comment_status":"open","ping_status":"open","template":"","meta":{"_acf_changed":false},"product_cat":[2881,2480,2451],"product_tag":[3659],"acf":[],"_links":{"self":[{"href":"https:\/\/donaulife-new.ogrisdigital.at\/it\/wp-json\/wp\/v2\/product\/54510"}],"collection":[{"href":"https:\/\/donaulife-new.ogrisdigital.at\/it\/wp-json\/wp\/v2\/product"}],"about":[{"href":"https:\/\/donaulife-new.ogrisdigital.at\/it\/wp-json\/wp\/v2\/types\/product"}],"replies":[{"embeddable":true,"href":"https:\/\/donaulife-new.ogrisdigital.at\/it\/wp-json\/wp\/v2\/comments?post=54510"}],"wp:featuredmedia":[{"embeddable":true,"href":"https:\/\/donaulife-new.ogrisdigital.at\/it\/wp-json\/wp\/v2\/media\/39090"}],"wp:attachment":[{"href":"https:\/\/donaulife-new.ogrisdigital.at\/it\/wp-json\/wp\/v2\/media?parent=54510"}],"wp:term":[{"taxonomy":"product_cat","embeddable":true,"href":"https:\/\/donaulife-new.ogrisdigital.at\/it\/wp-json\/wp\/v2\/product_cat?post=54510"},{"taxonomy":"product_tag","embeddable":true,"href":"https:\/\/donaulife-new.ogrisdigital.at\/it\/wp-json\/wp\/v2\/product_tag?post=54510"}],"curies":[{"name":"wp","href":"https:\/\/api.w.org\/{rel}","templated":true}]}}