{"id":54442,"date":"2023-02-22T15:44:47","date_gmt":"2023-02-22T15:44:47","guid":{"rendered":"https:\/\/donaulife-new.ogrisdigital.at\/produkt\/purize-xtra-slim-aktivkohlefilter-10-stueck\/"},"modified":"2024-07-01T01:05:30","modified_gmt":"2024-07-01T01:05:30","slug":"purize-xtra-slim-aktivkohlefilter-10-stueck","status":"publish","type":"product","link":"https:\/\/donaulife-new.ogrisdigital.at\/it\/purize-xtra-slim-aktivkohlefilter-10-stueck\/","title":{"rendered":"PURIZE\u00ae Xtra slim Aktivkohlefilter | 10 St\u00fcck"},"content":{"rendered":"<h2>Purize Xtra slim Aktivkohle Filter 10 St\u00fcck<\/h2>\n<div>\n<div>Das PURIZE\u00ae-Original: Unser XTRA Slim Size Filter im 10er-Pack!<\/div>\n<div><\/div>\n<div>Perfekt zum teilen mit Deinen Freunden und immer f\u00fcr unterwegs ready sein &#8211; unsere neuen 10 PURIZE\u00ae XTRA Slim Size Aktivkohlefilter Kartons sind nun im 20er Bundle erh\u00e4ltlich!<\/div>\n<div>Durch unsere hochqualitativen Aktivkohlefilter \u201eMade in Germany\u201c kannst Du Dir sicher sein, dass Du nicht nur Dir und Deiner Gesundheit, sondern auch Deiner Umwelt einen Gefallen tust.<\/div>\n<div><\/div>\n<div><b>Vorteile:<\/b><\/div>\n<div>\n<ul>\n<li>Hochqualitative Aktivkohlefilter<\/li>\n<li>Guter Schutz vor \u00e4u\u00dferen Einfl\u00fcssen<\/li>\n<li>Umweltfreundlich und nachhaltig<\/li>\n<\/ul>\n<\/div>\n<\/div>\n<h3>\u00dcber Purize:<\/h3>\n<p>PURIZE\u00ae Filters verfolgt die Vision, genussorientierten Rauchern \u2013 mit Hilfe eines PURIZE\u00ae Aktivkohlefilters \u2013 ein deutlich schadstoffreduziertes und angenehmeres Raucherlebnis aufzuzeigen.<\/p>\n<p><a href=\"https:\/\/www.donaulife.com\/beliebte-marken\/purize-filters\/\" target=\"_blank\" rel=\"noopener\"><img decoding=\"async\" class=\"wp-image-31747 alignleft\" src=\"https:\/\/www.donaulife.com\/wp-content\/uploads\/2021\/02\/Purize-filter-300x206.png\" alt=\"\" width=\"262\" height=\"180\" \/><\/a><\/p>\n<p>Mit den zwei Gr\u00f6\u00dfenvarianten und den verschiedenen Farb-Specials kommt jeder auf seine Kosten. Die XTRA Slim Size-Aktivkohlefilter haben einen Durchmesser von 5,9 mm und waren damit Vorreiter in Bezug auf Design und Gr\u00f6\u00dfe. Unsere Regular-Version besticht durch ihren sauberen Durchzug, der durch den Durchmesser von 9 mm garantiert wird.So kommen auch nur die Wirkstoffe und Aromen die Ihr Euch beim Rauchen w\u00fcnscht,letzten Endes auch in der Lunge an. Kratzige Mischungen schmecken deutlich milder, selbst das Pur rauchen wird sp\u00fcrbar angenehmer und milder. Egal wie herum Ihr unsere Filter eindreht oder einsetzt, es gibt keine Verwechslungen mehr, ob richtig oder falsch, PURIZE\u00ae passt immer! L\u00e4stiges Halskratzen &amp; Husten geh\u00f6rt ab jetzt zur Vergangenheit.<\/p>\n<div><\/div>\n<p><strong>Egal ob XTRA Slim oder Regular such dir einfach eine Farbe deiner Wahl aus und genie\u00dfe k\u00fchlen, milden Rauchgenuss!<\/strong><\/p>\n<p>&nbsp;<\/p>\n","protected":false},"excerpt":{"rendered":"<p>Purize Xtra slim Aktivkohle Filter 10 St\u00fcck Das PURIZE\u00ae-Original: Unser XTRA Slim Size Filter im 10er-Pack! Perfekt zum teilen mit<\/p>\n","protected":false},"featured_media":38867,"comment_status":"open","ping_status":"open","template":"","meta":{"_acf_changed":false},"product_cat":[2652,2489,2499,2451,2861],"product_tag":[],"acf":[],"_links":{"self":[{"href":"https:\/\/donaulife-new.ogrisdigital.at\/it\/wp-json\/wp\/v2\/product\/54442"}],"collection":[{"href":"https:\/\/donaulife-new.ogrisdigital.at\/it\/wp-json\/wp\/v2\/product"}],"about":[{"href":"https:\/\/donaulife-new.ogrisdigital.at\/it\/wp-json\/wp\/v2\/types\/product"}],"replies":[{"embeddable":true,"href":"https:\/\/donaulife-new.ogrisdigital.at\/it\/wp-json\/wp\/v2\/comments?post=54442"}],"wp:featuredmedia":[{"embeddable":true,"href":"https:\/\/donaulife-new.ogrisdigital.at\/it\/wp-json\/wp\/v2\/media\/38867"}],"wp:attachment":[{"href":"https:\/\/donaulife-new.ogrisdigital.at\/it\/wp-json\/wp\/v2\/media?parent=54442"}],"wp:term":[{"taxonomy":"product_cat","embeddable":true,"href":"https:\/\/donaulife-new.ogrisdigital.at\/it\/wp-json\/wp\/v2\/product_cat?post=54442"},{"taxonomy":"product_tag","embeddable":true,"href":"https:\/\/donaulife-new.ogrisdigital.at\/it\/wp-json\/wp\/v2\/product_tag?post=54442"}],"curies":[{"name":"wp","href":"https:\/\/api.w.org\/{rel}","templated":true}]}}