{"id":54410,"date":"2023-02-17T14:56:03","date_gmt":"2023-02-17T14:56:03","guid":{"rendered":"https:\/\/donaulife-new.ogrisdigital.at\/produkt\/clean-u-spezialunterwaesche-mit-geheimfach-groesse-l-xl\/"},"modified":"2024-07-01T01:05:12","modified_gmt":"2024-07-01T01:05:12","slug":"clean-u-spezialunterwaesche-mit-geheimfach-groesse-l-xl","status":"publish","type":"product","link":"https:\/\/donaulife-new.ogrisdigital.at\/it\/clean-u-spezialunterwaesche-mit-geheimfach-groesse-l-xl\/","title":{"rendered":"CLEAN U Unterhose anliegend mit Geheimfach"},"content":{"rendered":"<h2 align=\"left\">Clean U Fruit of the Loom Spezialunterw\u00e4sche<\/h2>\n<p>&#8220;Ich bin deine Spezial-Unterw\u00e4sche mit dem weltbesten &amp; sichersten Geheimversteck. Ich verstecke deine Wertsachen an der sichersten Stelle \u2013 deiner privaten Safety-Zone \u2013 hier darf n\u00e4mlich selbst bei Kontrollen nicht durchsucht werden. Auf Festivals, Reisen und Partys h\u00fcte ich ALLE deine Geheimnisse. Ich gebe dir ein sicheres Gef\u00fchl, auf das du nie mehr verzichten m\u00f6chtest. So sch\u00fctze ich deine Privatsph\u00e4re!&#8221;<\/p>\n<p>Auf der Innenseite der Unterw\u00e4sche befindet sich im Genitalbereich eine kleine Tasche, die sich bestens zum Erw\u00e4rmen und Warmhalten von unserem\u00a0synthetischen Urin &#8220;CleanUrin&#8221;\u00a0eignet. Dies ist der einzige Bereich am K\u00f6rper, der bei Kontrollen nicht \u00fcberpr\u00fcft werden darf. Auch R\u00e4uber werden hier nicht nach Wertgegenst\u00e4nden suchen. Hier sind Kreditkarten, Geld oder anderen Wertsachen sicher untergebracht. Daher ist die Unterw\u00e4sche auch perfekt f\u00fcr Reisende geeignet.<\/p>\n<p><strong>Fakten &amp; Vorteile:<\/strong><\/p>\n<ul>\n<li>Weltweit bestes Geheimversteck \u2013 die einzige Stelle, die nicht abgetastet werden darf<\/li>\n<li>Unsere\u00a0CleanUrin-Beutel\u00a0oder Wertsachen bleiben auch beim Ausziehen sicher im Geheimversteck und werden somit nicht gesehen<\/li>\n<li>Sch\u00fctzt vor Taschendiebstahl (Pick-Pocket-Protection)<\/li>\n<li>Die eingen\u00e4hte Tasche ist sehr anschmiegsam und auch mit Inhalt nicht sp\u00fcrbar<\/li>\n<li>Wir verwenden Handels\u00fcbliche Unterhosen von bekannten Herstellern als Grundmodell, welche in unserer hauseigenen Schneiderei umgen\u00e4ht werden. Dies tr\u00e4gt nochmals zu einer Erh\u00f6hung des \u201eTarn-Effektes\u201c bei<\/li>\n<li>Die eingen\u00e4hte Tasche ist aus hautfreundlichem Stoff, das garantiert langes Tragen ohne Irritation der Haut<\/li>\n<li>Unterw\u00e4sche mit Tasche ist bei 60\u00b0C waschbar\u00a0\/ B\u00fcgeln erlaubt \/ Trockner geeignet<\/li>\n<li><strong>ACHTUNG:<\/strong>\u00a0Inhalt des Geheimfachs vor dem Waschen \/ B\u00fcgeln herausnehmen<\/li>\n<li>Durch die k\u00f6rpereigene W\u00e4rme erreicht der Clean Urin nach maximal 15 Minuten die optimale Temperatur (33-34\u00b0C) zum Einsatz<\/li>\n<\/ul>\n<p align=\"left\">\u00a0\u00a0<a href=\"https:\/\/www.donaulife.com\/wp-content\/uploads\/2023\/02\/sum_fotl_1060x596.jpg\" target=\"_blank\" rel=\"noopener\"><img fetchpriority=\"high\" decoding=\"async\" class=\"alignnone size-medium wp-image-47015\" src=\"https:\/\/www.donaulife.com\/wp-content\/uploads\/2023\/02\/sum_fotl_1060x596-300x169.jpg\" alt=\"\" width=\"300\" height=\"169\" \/><\/a> <a href=\"https:\/\/www.donaulife.com\/wp-content\/uploads\/2023\/02\/anwendung_test_finale_AF2_1060x596.jpg\" target=\"_blank\" rel=\"noopener\"><img decoding=\"async\" class=\"alignnone size-medium wp-image-47016\" src=\"https:\/\/www.donaulife.com\/wp-content\/uploads\/2023\/02\/anwendung_test_finale_AF2_1060x596-300x200.jpg\" alt=\"\" width=\"300\" height=\"200\" \/><\/a> <a href=\"https:\/\/www.donaulife.com\/wp-content\/uploads\/2023\/02\/UOMO-FOL-BoxerVJfDmwPrEXrZC_1060x596.png\" target=\"_blank\" rel=\"noopener\"><img decoding=\"async\" class=\"alignnone size-medium wp-image-47017\" src=\"https:\/\/www.donaulife.com\/wp-content\/uploads\/2023\/02\/UOMO-FOL-BoxerVJfDmwPrEXrZC_1060x596-300x169.png\" alt=\"\" width=\"300\" height=\"169\" \/><\/a><\/p>\n<p><iframe title=\"Mai von Rotzepiml erkl\u00e4rt den Anti-Paranoia-Pack von CleanU\" width=\"500\" height=\"281\" src=\"https:\/\/www.youtube.com\/embed\/lqRs1F_2byU?feature=oembed\" frameborder=\"0\" allow=\"accelerometer; autoplay; clipboard-write; encrypted-media; gyroscope; picture-in-picture; web-share\" referrerpolicy=\"strict-origin-when-cross-origin\" allowfullscreen><\/iframe><\/p>\n<h3 align=\"left\">\u00dcber Clean U:<\/h3>\n<p>Der Erfinder hatte das Ziel, den weltbesten und zuverl\u00e4ssigsten Fake-Penis auf den Markt zu bringen. Als Orientierung diente ihm die Kalaschnikow, die durch ihre hohe Zuverl\u00e4ssigkeit unter widrigsten Bedingungen ber\u00fchmt wurde. Daf\u00fcr gab er sein bestes St\u00fcck als Vorlage, um damit m\u00f6glichst viele Menschen zu begl\u00fccken.<\/p>\n<h3>FAQ:<\/h3>\n<h3>Besteht CleanUrin einen Urin-Verf\u00e4lschungstest?<\/h3>\n<p>Ja, er besteht alle g\u00e4ngigen Verf\u00e4lschungstests!<\/p>\n<h3>Kann man feststellen, dass es synthetischer Urin ist?<\/h3>\n<p>Seit 2008 ist uns noch kein Fall bekannt.<\/p>\n<h3>Kann der Befund das Geschlecht oder eine Schwangerschaft anzeigen?<\/h3>\n<p>Nein, CleanUrin ist vollsynthetisch und kommt aus dem Labor. Unterschiede bei den Geschlechtern bestehen nur in der Pubert\u00e4t oder bei Schwangerschaft. Danach gibt es einen Schnittwert, den Frauen &amp; M\u00e4nner haben k\u00f6nnen.<\/p>\n<h3>Mit welcher Temperatur kommt echter Urin aus dem K\u00f6rper?<\/h3>\n<p>Die Temperatur von echtem Urin liegt beim verlassen des K\u00f6rpers zwischen 33 und 34\u00b0.<\/p>\n<h3>Was bedeutet pH-Wert?<\/h3>\n<p>Der pH-Wert ist ein Ma\u00df f\u00fcr den sauren oder basischen Charakter einer Fl\u00fcssigkeit. Je nach Ern\u00e4hrung \u00e4ndert sich dieser Wert im menschlichen Urin.<\/p>\n<h3>Was ist der Kreatinin-Wert?<\/h3>\n<p>Kreatinin ist ein Stoffwechselprodukt, welches durch den Harn ausgeschieden werden muss. Dieser Wert schwankt durch Faktoren wie Ern\u00e4hrung und Nierenleistung.<\/p>\n<h3>Wie ist die Haltbarkeit und Aufbewahrung, wenn der Beutel angebrochen und bereits erw\u00e4rmt wurde?<\/h3>\n<p>&#8211;\u00a0<strong>Clean Urin (25ml)<\/strong>\u00a0ist originalverschlossen und ungek\u00fchlt mindestens 3 Jahre haltbar. Der Beutel kann problemlos mehrfach erw\u00e4rmt und abgek\u00fchlt werden. Nach dem \u00d6ffnen sollte der Urin z\u00fcgig verwendet werden.<\/p>\n<p>&#8211;\u00a0<strong>Screen Urin (80 ml)<\/strong>\u00a0sollte nach dem \u00d6ffnen mit m\u00f6glichst wenig Luftkontakt im K\u00fchlschrank lagern. Bei Wiederbenutzung: Sichtpr\u00fcfung, wenn der Urin tr\u00fcb ist oder Flocken sichtbar sind, ist er verdorben. Erf\u00fcllt der Screen Urin all diese Kriterien, ist er ohne Bedenken wiederbenutzbar.<\/p>\n<h3>Lassen sich CleanUrin Beutel leicht \u00f6ffnen?<\/h3>\n<p>Ja, sie haben zwei \u00d6ffnungen an den Seiten, die sich auch mit schwitzigen H\u00e4nden leicht \u00f6ffnen lassen.<\/p>\n<h3>Ist CleanUrin und dessen Besitz illegal?<\/h3>\n<p>Nein, das Mitf\u00fchren von CleanUrin ist nicht strafbar.<\/p>\n<h3>Wann Anti-Paranoia-Pack und wann ScreenyWeeny?<\/h3>\n<p>Der Anti-Paranoia-Pack wurde f\u00fcr den t\u00e4glichen mobilen Gebrauch und zur Vorsorge entwickelt. Der ScreenyWeeny ist praktisch zur Nachsorge.<\/p>\n<h3>Warum ist der ScreenyWeeny in der Farbe white\/mulatte dunkler als die normale Hautfarbe?<\/h3>\n<p>Weil Penisse im nicht erigierten Zustand dunkler sind.<\/p>\n<div style=\"position: static !important;\"><\/div>\n","protected":false},"excerpt":{"rendered":"<p>Clean U Fruit of the Loom Spezialunterw\u00e4sche &#8220;Ich bin deine Spezial-Unterw\u00e4sche mit dem weltbesten &amp; sichersten Geheimversteck. Ich verstecke deine<\/p>\n","protected":false},"featured_media":38716,"comment_status":"open","ping_status":"open","template":"","meta":{"_acf_changed":false},"product_cat":[2489,2872,2451],"product_tag":[2873,2874],"acf":[],"_links":{"self":[{"href":"https:\/\/donaulife-new.ogrisdigital.at\/it\/wp-json\/wp\/v2\/product\/54410"}],"collection":[{"href":"https:\/\/donaulife-new.ogrisdigital.at\/it\/wp-json\/wp\/v2\/product"}],"about":[{"href":"https:\/\/donaulife-new.ogrisdigital.at\/it\/wp-json\/wp\/v2\/types\/product"}],"replies":[{"embeddable":true,"href":"https:\/\/donaulife-new.ogrisdigital.at\/it\/wp-json\/wp\/v2\/comments?post=54410"}],"wp:featuredmedia":[{"embeddable":true,"href":"https:\/\/donaulife-new.ogrisdigital.at\/it\/wp-json\/wp\/v2\/media\/38716"}],"wp:attachment":[{"href":"https:\/\/donaulife-new.ogrisdigital.at\/it\/wp-json\/wp\/v2\/media?parent=54410"}],"wp:term":[{"taxonomy":"product_cat","embeddable":true,"href":"https:\/\/donaulife-new.ogrisdigital.at\/it\/wp-json\/wp\/v2\/product_cat?post=54410"},{"taxonomy":"product_tag","embeddable":true,"href":"https:\/\/donaulife-new.ogrisdigital.at\/it\/wp-json\/wp\/v2\/product_tag?post=54410"}],"curies":[{"name":"wp","href":"https:\/\/api.w.org\/{rel}","templated":true}]}}