{"id":54380,"date":"2023-02-16T09:11:03","date_gmt":"2023-02-16T09:11:03","guid":{"rendered":"https:\/\/donaulife-new.ogrisdigital.at\/produkt\/lauren-rose-the-collection-snapback-flat-cap-prix-d-ami\/"},"modified":"2024-07-01T01:04:54","modified_gmt":"2024-07-01T01:04:54","slug":"lauren-rose-the-collection-snapback-flat-cap-prix-d-ami","status":"publish","type":"product","link":"https:\/\/donaulife-new.ogrisdigital.at\/it\/lauren-rose-the-collection-snapback-flat-cap-prix-d-ami\/","title":{"rendered":"LAUREN ROSE The Collection Snapback Flat Cap | Prix d&#8217; ami"},"content":{"rendered":"<h2>Lauren Rose Flat Snapback Cap<\/h2>\n<p>Lauren Rose hat einen Wake &amp; Bake-Hut f\u00fcr 420-Liebhaber entworfen. Viele von uns Cannabis-Liebhabern haben bestimmte Routinen und Rituale. Eines davon ist das ber\u00fcchtigte Wake &#8216;n&#8217; Bake-Ritual. Wenn Du also einer von ihnen bist, ist dies Dein n\u00e4chster Hut. Was ist der beste Ort f\u00fcr ein Festmahl nach dem Wake &#8216;n&#8217; Bake, Amsterdam?<\/p>\n<p>Wir f\u00fcgen unserer Kollektion regelm\u00e4\u00dfig neue 420er H\u00fcte hinzu, so dass es schwer sein kann, mit all den neuen Cannabis-Trends Schritt zu halten.<\/p>\n<p>Es ist sehr wahrscheinlich, dass Sie schon von Amsterdam geh\u00f6rt haben und alles, was Sie geh\u00f6rt haben, ist wahrscheinlich wahr. In Amsterdam gibt es etwa 250 Coffeeshops und legale Apotheken. Amsterdam nutzt diese entspannten Gesetze als Mittel, um den Drogenhandel auf dem Schwarzmarkt einzud\u00e4mmen und die Kriminalit\u00e4tsrate niedrig zu halten &#8211; und so die Dinge so sanft zu halten, wenn man so will.<\/p>\n<p>Der Prix d&#8217;ami ist der gr\u00f6\u00dfte Platz im Zentrum. Es gibt Coffeeshops von psychedelisch bis hipsterm\u00e4\u00dfig, aber auch sehr lokale bis hin zu eher touristischen Orten, jeder der Amsterdamer Coffeeshops hat seine eigene Atmosph\u00e4re, Prix ist der beste! Die Coffeeshops sind nicht nur zum Kiffen da. Sie sind echte soziale Orte, wo man leicht Leute treffen und einige gute Zeiten verbringen kann.<\/p>\n<p>Dieser Wake &amp; Bake Hut von Prix D&#8217;ami hat eine Besonderheit: eine HIDDEN POCKET! Dein Gras in einer stylischen Tasche verschwinden zu lassen, ist definitiv eine der besten M\u00f6glichkeiten, es zu verstecken. Das ist m\u00f6glich durch die versteckte Tasche im Inneren des Hutes. Das macht diesen Hut zu einem Mary Jane-Sammlerst\u00fcck.<\/p>\n<p>Wenn Du ein Cannabis-Sammler oder ein Kiffer-Enthusiast bist, darfst Du Dir diese tollen Mary Jane 420 H\u00fcte auf keinen Fall entgehen lassen. Unterst\u00fctze deinen Kiffer-Stil mit diesem unbestrittenen All-Over-Print-Hut der 420er-Szene. Alle Geschichten erz\u00e4hlt, der Hut ist eine gro\u00dfe Erg\u00e4nzung zu Laurens 420 Sammlung.<\/p>\n<p><strong>Hut:<\/strong> Schwarzer Hut mit einem lila-pinkfarbenen Wake &amp; Bake-Logo<br \/>\n<strong>Vorderseite Logo:<\/strong> Purple Pink Wake &amp; Bake Prix D&#8217;ami-Logo mit wei\u00dfer 3D-Stickerei<br \/>\n<strong>Seitliches Logo:<\/strong> Das ber\u00fchmte Lauren Rose 420-Logo<br \/>\n<strong>Besonderheit 1:<\/strong> Versteckte Tasche<br \/>\n<strong>R\u00fcckseite der M\u00fctze:<\/strong> Dies ist ein Snapback, Amsterdam&#8217;s finest!<br \/>\n<strong>Innenseite der M\u00fctze:<\/strong> Die Innenseite besteht aus einem Seidenstoff mit einem Prix Dami Druck. Das macht diese M\u00fctze zu einem exklusiven High-End Lauren Rose Snapback!<br \/>\n<strong>Visier:<\/strong> Gerades Visier, die Amsterdamer Grachten sind unter dem Visier aufgedruckt.<\/p>\n<h3>\u00dcber Lauren Rose:<\/h3>\n<p>Das Label Lauren Rose wurde in Amsterdam gegr\u00fcndet. Das LR Unternehmen startete eine kleine Eigenmarke. Ihr Ursprung liegt im BMX-, Skateboard- und Snowboard-Lifestyle und sie f\u00fchrten Performance-Basics wie T-Shirts, Crew&#8217;s und Hoody&#8217;s sowie kreative Headwear.<br \/>\nAus diesem Schmelztiegel aus Clubszene, Rennstrecken und Attit\u00fcde entstand 2009 die LR-Bewegung, die den Stil der Lauren Rose Styles entwickelte, wie wir ihn heute kennen.<br \/>\nUm den Erwartungen an hochwertige Kopfbedeckungen gerecht zu werden, gr\u00fcndeten sie eine junge Gruppe von Designern, die ihrem Image gerecht werden und unsere Gesellschaft und gemischten Kulturen widerspiegeln.<br \/>\nDie Designs, die Auswahl der Materialien und die Passform sprechen viele junge Leute an. Die Kollektionen sind vielf\u00e4ltig, wechselnd und richtungsweisend.<\/p>\n","protected":false},"excerpt":{"rendered":"<p>Lauren Rose Flat Snapback Cap Lauren Rose hat einen Wake &amp; Bake-Hut f\u00fcr 420-Liebhaber entworfen. Viele von uns Cannabis-Liebhabern haben<\/p>\n","protected":false},"featured_media":38510,"comment_status":"open","ping_status":"open","template":"","meta":{"_acf_changed":false},"product_cat":[3180],"product_tag":[3652],"acf":[],"_links":{"self":[{"href":"https:\/\/donaulife-new.ogrisdigital.at\/it\/wp-json\/wp\/v2\/product\/54380"}],"collection":[{"href":"https:\/\/donaulife-new.ogrisdigital.at\/it\/wp-json\/wp\/v2\/product"}],"about":[{"href":"https:\/\/donaulife-new.ogrisdigital.at\/it\/wp-json\/wp\/v2\/types\/product"}],"replies":[{"embeddable":true,"href":"https:\/\/donaulife-new.ogrisdigital.at\/it\/wp-json\/wp\/v2\/comments?post=54380"}],"wp:featuredmedia":[{"embeddable":true,"href":"https:\/\/donaulife-new.ogrisdigital.at\/it\/wp-json\/wp\/v2\/media\/38510"}],"wp:attachment":[{"href":"https:\/\/donaulife-new.ogrisdigital.at\/it\/wp-json\/wp\/v2\/media?parent=54380"}],"wp:term":[{"taxonomy":"product_cat","embeddable":true,"href":"https:\/\/donaulife-new.ogrisdigital.at\/it\/wp-json\/wp\/v2\/product_cat?post=54380"},{"taxonomy":"product_tag","embeddable":true,"href":"https:\/\/donaulife-new.ogrisdigital.at\/it\/wp-json\/wp\/v2\/product_tag?post=54380"}],"curies":[{"name":"wp","href":"https:\/\/api.w.org\/{rel}","templated":true}]}}