{"id":54352,"date":"2023-02-10T14:58:54","date_gmt":"2023-02-10T14:58:54","guid":{"rendered":"https:\/\/donaulife-new.ogrisdigital.at\/produkt\/restash-glasdose-mit-silikonhuelle-235ml\/"},"modified":"2024-07-01T01:04:33","modified_gmt":"2024-07-01T01:04:33","slug":"restash-glasdose-mit-silikonhuelle-235ml","status":"publish","type":"product","link":"https:\/\/donaulife-new.ogrisdigital.at\/it\/restash-glasdose-mit-silikonhuelle-235ml\/","title":{"rendered":"RE:STASH Glasdose mit Silikonh\u00fclle | 235ml"},"content":{"rendered":"<h2>RE:STASH Glasdose mit Silikonschutz<\/h2>\n<p>Die Re:STASH-Gl\u00e4ser sind die ultimativen Beh\u00e4lter f\u00fcr Ihre Kr\u00e4uter. Sie kombinieren auf wunderbare Weise das klassische Mason-Glas mit einer patentierten Silikonh\u00fclle, die Licht von Ihrem Vorrat fernh\u00e4lt und ihn vor Temperaturschwankungen sch\u00fctzt.<\/p>\n<p>Die Re:stash-Gl\u00e4ser verf\u00fcgen au\u00dferdem \u00fcber einen patentierten kindersicheren Deckel aus FDA-Polypropylen, das zu 30 % aus wiederverwerteten landwirtschaftlichen Abf\u00e4llen und Hanffasern besteht.<\/p>\n<p>Merkmale:<\/p>\n<ul>\n<li>BPA-frei<\/li>\n<li>Verhindert Sch\u00e4den durch Sonnenlicht<\/li>\n<li>Umweltfreundliche Materialien<\/li>\n<li>CPSC-zertifiziert kindersicher<\/li>\n<li>Geruchssicher<\/li>\n<li>Deckel hergestellt in Portland, OR<\/li>\n<li>Patentiert<\/li>\n<li>235ml-Glas: perfekt f\u00fcr 14 g trockenes Kraut<\/li>\n<\/ul>\n<p><strong>Achtung: Das schwarze Runtz Glas hat einen schwarzen Deckel, nicht braun wie auf dem Bild zu sehen.<\/strong><\/p>\n<h3>\u00dcber RE:STASH:<\/h3>\n<div class=\"elementor-element elementor-element-96e4633 elementor-widget elementor-widget-text-editor\" data-id=\"96e4633\" data-element_type=\"widget\" data-widget_type=\"text-editor.default\">\n<div class=\"elementor-widget-container\">\n<div class=\"elementor-text-editor elementor-clearfix\">\n<p>Wir bei Mason-re glauben, dass wahre Nachhaltigkeit darin besteht, weniger Dinge f\u00fcr mehr Dinge zu verwenden. Unabh\u00e4ngig davon, wie viel recycelten oder Post-Consumer-Inhalt ein Produkt hat, braucht es immer noch ENERGIE und Ressourcen, um es herzustellen.<\/p>\n<p>Deshalb konzentrieren wir uns auf das Einmachglas &#8211; eines der vielseitigsten und am besten wiederverwendbaren Produkte, die es gibt. Von Einmachgl\u00e4sern \u00fcber Haushaltsdekoration und Trinkgef\u00e4\u00dfe bis hin zur Aufbewahrung von Kr\u00e4utern &#8211; das Einmachglas hat Hunderte von Verwendungsm\u00f6glichkeiten.<\/p>\n<\/div>\n<\/div>\n<\/div>\n","protected":false},"excerpt":{"rendered":"<p>RE:STASH Glasdose mit Silikonschutz Die Re:STASH-Gl\u00e4ser sind die ultimativen Beh\u00e4lter f\u00fcr Ihre Kr\u00e4uter. Sie kombinieren auf wunderbare Weise das klassische<\/p>\n","protected":false},"featured_media":38326,"comment_status":"open","ping_status":"closed","template":"","meta":{"_acf_changed":false},"product_cat":[2607,2566,3142,2451],"product_tag":[],"acf":[],"_links":{"self":[{"href":"https:\/\/donaulife-new.ogrisdigital.at\/it\/wp-json\/wp\/v2\/product\/54352"}],"collection":[{"href":"https:\/\/donaulife-new.ogrisdigital.at\/it\/wp-json\/wp\/v2\/product"}],"about":[{"href":"https:\/\/donaulife-new.ogrisdigital.at\/it\/wp-json\/wp\/v2\/types\/product"}],"replies":[{"embeddable":true,"href":"https:\/\/donaulife-new.ogrisdigital.at\/it\/wp-json\/wp\/v2\/comments?post=54352"}],"wp:featuredmedia":[{"embeddable":true,"href":"https:\/\/donaulife-new.ogrisdigital.at\/it\/wp-json\/wp\/v2\/media\/38326"}],"wp:attachment":[{"href":"https:\/\/donaulife-new.ogrisdigital.at\/it\/wp-json\/wp\/v2\/media?parent=54352"}],"wp:term":[{"taxonomy":"product_cat","embeddable":true,"href":"https:\/\/donaulife-new.ogrisdigital.at\/it\/wp-json\/wp\/v2\/product_cat?post=54352"},{"taxonomy":"product_tag","embeddable":true,"href":"https:\/\/donaulife-new.ogrisdigital.at\/it\/wp-json\/wp\/v2\/product_tag?post=54352"}],"curies":[{"name":"wp","href":"https:\/\/api.w.org\/{rel}","templated":true}]}}