{"id":54346,"date":"2023-02-03T15:12:45","date_gmt":"2023-02-03T15:12:45","guid":{"rendered":"https:\/\/donaulife-new.ogrisdigital.at\/produkt\/heisenberg-bubbler-phaser-24-cm\/"},"modified":"2025-01-15T07:08:23","modified_gmt":"2025-01-15T07:08:23","slug":"heisenberg-bubbler-phaser-24-cm","status":"publish","type":"product","link":"https:\/\/donaulife-new.ogrisdigital.at\/it\/heisenberg-bubbler-phaser-24-cm\/","title":{"rendered":"HEISENBERG Bubbler &#8216;Phaser&#8217; | 24 cm"},"content":{"rendered":"<h2>Heisenberg Bubbler mit 6-Arm Slithole Percolator<\/h2>\n<div id=\"description\" class=\"data item content\" role=\"tabpanel\" data-role=\"content\" aria-labelledby=\"tab-label-description\" aria-hidden=\"false\">\n<div class=\"product attribute description\">\n<div class=\"value\">\n<p>Die\u00a0<strong>Phaser Glaspfeife<\/strong>\u00a0von\u00a0<strong>Heisenberg\u00a0<\/strong>geh\u00f6rt ist ein\u00a0<strong>Hammer Bubbler\u00a0<\/strong>mit Innenschliff. Der zur\u00fcckgesetzte Schliff sorgt daf\u00fcr, dass eingesetzte K\u00f6pfe nicht zu weit aus dem Bubbler herausragen und macht sie dadurch nicht nur optisch ansprechender, sondern auch handlicher.<\/p>\n<p>Der Boden der Wasserkammer ist angeschr\u00e4gt, damit die Pfeife besser abgestellt werden kann. Zus\u00e4tzlich verringert sich dadurch die Gefahr, dass die\u00a0<strong>Heisenberg Phaser Glaspfeife<\/strong>\u00a0von alleine umkippt. In der Wasserkammer ist ein\u00a0<strong>6-Arm Perkolator<\/strong>\u00a0verbaut. Jeder der sechs Arme ist mit einem\u00a0<strong>Schlitzdiffusor<\/strong>\u00a0ausgestattet, der den Rauch gro\u00dfz\u00fcgig durch das Wasser zieht um ihn auf ein angenehmes Ma\u00df herunterzuk\u00fchlen.<\/p>\n<\/div>\n<\/div>\n<\/div>\n<div>\n<h3>\u00dcber Heisenberg:<\/h3>\n<div>\n<p>Heisenberg \u2013 nicht nur durch Breaking Bad ein Ph\u00e4nomen. Die Marke Heisenberg ist unter anderem durch ihre Glasbongs bekannt geworden. Keine Bong der Heisenberg Serie ist wie die andere. Hier werden verschiedene Gestaltungselemente geboten, wie beispielsweise poppige Farben oder mit Glow in the dark Funktion, Pl\u00e4tzen zum Einsetzen von LED Beleuchtung und anderen Extras.<\/p>\n<p>Bei dem interessanten Sortiment an Glasbongs, ist mit Sicherheit auch was f\u00fcr dich dabei!<\/p>\n<\/div>\n<\/div>\n","protected":false},"excerpt":{"rendered":"<p>Heisenberg Bubbler mit 6-Arm Slithole Percolator Die\u00a0Phaser Glaspfeife\u00a0von\u00a0Heisenberg\u00a0geh\u00f6rt ist ein\u00a0Hammer Bubbler\u00a0mit Innenschliff. Der zur\u00fcckgesetzte Schliff sorgt daf\u00fcr, dass eingesetzte K\u00f6pfe<\/p>\n","protected":false},"featured_media":38299,"comment_status":"open","ping_status":"open","template":"","meta":{"_acf_changed":false},"product_cat":[2514,2459,2513,3404,2577,2506,2463,2520],"product_tag":[3405,2466],"acf":[],"_links":{"self":[{"href":"https:\/\/donaulife-new.ogrisdigital.at\/it\/wp-json\/wp\/v2\/product\/54346"}],"collection":[{"href":"https:\/\/donaulife-new.ogrisdigital.at\/it\/wp-json\/wp\/v2\/product"}],"about":[{"href":"https:\/\/donaulife-new.ogrisdigital.at\/it\/wp-json\/wp\/v2\/types\/product"}],"replies":[{"embeddable":true,"href":"https:\/\/donaulife-new.ogrisdigital.at\/it\/wp-json\/wp\/v2\/comments?post=54346"}],"wp:featuredmedia":[{"embeddable":true,"href":"https:\/\/donaulife-new.ogrisdigital.at\/it\/wp-json\/wp\/v2\/media\/38299"}],"wp:attachment":[{"href":"https:\/\/donaulife-new.ogrisdigital.at\/it\/wp-json\/wp\/v2\/media?parent=54346"}],"wp:term":[{"taxonomy":"product_cat","embeddable":true,"href":"https:\/\/donaulife-new.ogrisdigital.at\/it\/wp-json\/wp\/v2\/product_cat?post=54346"},{"taxonomy":"product_tag","embeddable":true,"href":"https:\/\/donaulife-new.ogrisdigital.at\/it\/wp-json\/wp\/v2\/product_tag?post=54346"}],"curies":[{"name":"wp","href":"https:\/\/api.w.org\/{rel}","templated":true}]}}