{"id":54292,"date":"2023-01-27T10:49:40","date_gmt":"2023-01-27T10:49:40","guid":{"rendered":"https:\/\/donaulife-new.ogrisdigital.at\/produkt\/heisenberg-vorkuehler-illusion-mit-schlitzdiffusor-18-8-mm\/"},"modified":"2024-07-01T01:03:58","modified_gmt":"2024-07-01T01:03:58","slug":"heisenberg-vorkuehler-illusion-mit-schlitzdiffusor-18-8-mm","status":"publish","type":"product","link":"https:\/\/donaulife-new.ogrisdigital.at\/it\/heisenberg-vorkuehler-illusion-mit-schlitzdiffusor-18-8-mm\/","title":{"rendered":"HEISENBERG Vork\u00fchler &#8216;Illusion&#8217; mit Schlitzdiffusor | 18,8>18,8 mm"},"content":{"rendered":"<h2>Heisenberg Bongvork\u00fchler in verschiedenen Farben<\/h2>\n<p>Dieser 3-teilige Vork\u00fchler bestehend aus 18.8&gt;18.8 Wasserbeh\u00e4lter, Diffusor Chillum und Bongkopf sorgt daf\u00fcr, dass der Rauch von Asche und Ru\u00df befreit wird sowie einer ersten Vorab-K\u00fchlung unterzogen wird, bevor er in die Bong selbst gelangt. Das schr\u00e4g nach unten angewinkelte Anschlussst\u00fcck zur Bong erm\u00f6glicht den bestm\u00f6glichen Einsatz des Vork\u00fchlers in Kombination mit einem Gro\u00dfteil an Bongs und Beakern mit einem Anschlusswinkel von ca. 40-50\u00b0.<br \/>\nDie Oberfl\u00e4che des Vork\u00fchlers ist mit runden Glasperlen &#8211; den Illusion Pearls &#8211; verziert, die sich nicht nur angenehm anfassen, sondern sich auch hervorragend in das Gesamtbild einer Bong einf\u00fcgen.<\/p>\n<p>Lieferumfang:<br \/>\n&#8211; 1x HNBG Illusion Vork\u00fchler 18.8&gt;18.8<br \/>\n&#8211; 1x Chillum mit Schlitzdiffusor, 18.8&gt;18.8, L: 125mm<br \/>\n&#8211; 1x Standard Bongkopf 18.8, m\u00e4nnlich<\/p>\n<p><span style=\"font-size: 20.16px; color: #333333;\">\u00dcber Heisenberg:<\/span><\/p>\n<div>\n<div>\n<p>Heisenberg \u2013 nicht nur durch Breaking Bad ein Ph\u00e4nomen. Die Marke Heisenberg ist unter anderem durch ihre Glasbongs bekannt geworden. Keine Bong der Heisenberg Serie ist wie die andere. Hier werden verschiedene Gestaltungselemente geboten, wie beispielsweise poppige Farben oder mit Glow in the dark Funktion, Pl\u00e4tzen zum Einsetzen von LED Beleuchtung und anderen Extras.<\/p>\n<p>Bei dem interessanten Sortiment an Glasbongs, ist mit Sicherheit auch was f\u00fcr dich dabei!<\/p>\n<\/div>\n<\/div>\n","protected":false},"excerpt":{"rendered":"<p>Heisenberg Bongvork\u00fchler in verschiedenen Farben Dieser 3-teilige Vork\u00fchler bestehend aus 18.8&gt;18.8 Wasserbeh\u00e4lter, Diffusor Chillum und Bongkopf sorgt daf\u00fcr, dass der<\/p>\n","protected":false},"featured_media":37993,"comment_status":"open","ping_status":"open","template":"","meta":{"_acf_changed":false},"product_cat":[2591,2459,3404,2463,2582,2460],"product_tag":[3405,2466],"acf":[],"_links":{"self":[{"href":"https:\/\/donaulife-new.ogrisdigital.at\/it\/wp-json\/wp\/v2\/product\/54292"}],"collection":[{"href":"https:\/\/donaulife-new.ogrisdigital.at\/it\/wp-json\/wp\/v2\/product"}],"about":[{"href":"https:\/\/donaulife-new.ogrisdigital.at\/it\/wp-json\/wp\/v2\/types\/product"}],"replies":[{"embeddable":true,"href":"https:\/\/donaulife-new.ogrisdigital.at\/it\/wp-json\/wp\/v2\/comments?post=54292"}],"wp:featuredmedia":[{"embeddable":true,"href":"https:\/\/donaulife-new.ogrisdigital.at\/it\/wp-json\/wp\/v2\/media\/37993"}],"wp:attachment":[{"href":"https:\/\/donaulife-new.ogrisdigital.at\/it\/wp-json\/wp\/v2\/media?parent=54292"}],"wp:term":[{"taxonomy":"product_cat","embeddable":true,"href":"https:\/\/donaulife-new.ogrisdigital.at\/it\/wp-json\/wp\/v2\/product_cat?post=54292"},{"taxonomy":"product_tag","embeddable":true,"href":"https:\/\/donaulife-new.ogrisdigital.at\/it\/wp-json\/wp\/v2\/product_tag?post=54292"}],"curies":[{"name":"wp","href":"https:\/\/api.w.org\/{rel}","templated":true}]}}