{"id":54278,"date":"2023-01-24T13:57:08","date_gmt":"2023-01-24T13:57:08","guid":{"rendered":"https:\/\/donaulife-new.ogrisdigital.at\/produkt\/raw-x-stand\/"},"modified":"2025-01-15T07:08:36","modified_gmt":"2025-01-15T07:08:36","slug":"raw-x-stand","status":"publish","type":"product","link":"https:\/\/donaulife-new.ogrisdigital.at\/it\/raw-x-stand\/","title":{"rendered":"RAW X Stand Bauunterlage"},"content":{"rendered":"<h2>RAW Aschef\u00e4nger f\u00fcr den Jay<\/h2>\n<p>Der RAW X Stand ist ein Rollwerkzeug, das deine Papiere in der &#8220;f\u00fcllbereiten&#8221; Position h\u00e4lt. Lege einfach deine Bl\u00e4ttchen und Filter ein und sortiere alles, bevor du es aus der Halterung heben und rollen kannst. Hergestellt aus Bambuspulver, gemischt mit PP-Kunststoff und einem Bio-Zusatz, um es umweltfreundlicher zu machen  <\/p>\n<h3>\u00dcber RAW:<\/h3>\n<p>RAW \u2013 Die nat\u00fcrliche Art zu rollen.<br \/>\nSeit dem 1. Tag hat RAW den Auftrag, die F\u00fchrungsrolle in der Papierrollenindustrie zu \u00fcbernehmen. RAW hat die Welt des Rauchens revolutioniert, indem sie Produkte geschaffen hat, die von Natur aus genial gestaltet sind, um das Raucherlebnis zu verbessern.<br \/>\nRAW stellt nur qualitativ hochwertige und umweltfreundliche Produkte her, die Ihr Raucherlebnis verbessern, und wir werden das wof\u00fcr wir stehen niemals \u00e4ndern. Wir genie\u00dfen es, unser unraffiniertes Papier jeden Tag zu rauchen, und wir werden es immer komplett rein also \u201cRAW\u201d belassen \u2013 f\u00fcr dich und uns!<\/p>\n","protected":false},"excerpt":{"rendered":"<p>RAW Aschef\u00e4nger f\u00fcr den Jay Der RAW X Stand ist ein Rollwerkzeug, das deine Papiere in der &#8220;f\u00fcllbereiten&#8221; Position h\u00e4lt.<\/p>\n","protected":false},"featured_media":37951,"comment_status":"open","ping_status":"open","template":"","meta":{"_acf_changed":false},"product_cat":[2489,2566,2451,2490],"product_tag":[3518,2493],"acf":[],"_links":{"self":[{"href":"https:\/\/donaulife-new.ogrisdigital.at\/it\/wp-json\/wp\/v2\/product\/54278"}],"collection":[{"href":"https:\/\/donaulife-new.ogrisdigital.at\/it\/wp-json\/wp\/v2\/product"}],"about":[{"href":"https:\/\/donaulife-new.ogrisdigital.at\/it\/wp-json\/wp\/v2\/types\/product"}],"replies":[{"embeddable":true,"href":"https:\/\/donaulife-new.ogrisdigital.at\/it\/wp-json\/wp\/v2\/comments?post=54278"}],"wp:featuredmedia":[{"embeddable":true,"href":"https:\/\/donaulife-new.ogrisdigital.at\/it\/wp-json\/wp\/v2\/media\/37951"}],"wp:attachment":[{"href":"https:\/\/donaulife-new.ogrisdigital.at\/it\/wp-json\/wp\/v2\/media?parent=54278"}],"wp:term":[{"taxonomy":"product_cat","embeddable":true,"href":"https:\/\/donaulife-new.ogrisdigital.at\/it\/wp-json\/wp\/v2\/product_cat?post=54278"},{"taxonomy":"product_tag","embeddable":true,"href":"https:\/\/donaulife-new.ogrisdigital.at\/it\/wp-json\/wp\/v2\/product_tag?post=54278"}],"curies":[{"name":"wp","href":"https:\/\/api.w.org\/{rel}","templated":true}]}}