{"id":54202,"date":"2022-11-30T19:55:21","date_gmt":"2022-11-30T19:55:21","guid":{"rendered":"https:\/\/donaulife-new.ogrisdigital.at\/produkt\/jcase-edelstahl-dabber\/"},"modified":"2024-07-01T01:03:22","modified_gmt":"2024-07-01T01:03:22","slug":"jcase-edelstahl-dabber","status":"publish","type":"product","link":"https:\/\/donaulife-new.ogrisdigital.at\/it\/jcase-edelstahl-dabber\/","title":{"rendered":"JCASE Edelstahl Dabber"},"content":{"rendered":"<p><strong><span class=\"a-list-item\">H\u00d6CHSTE VERARBEITUNGSQUALIT\u00c4T: <\/span><\/strong><\/p>\n<p><span class=\"a-list-item\">Schneidefl\u00e4chen genau geschliffen, somit keine sch\u00e4dlichen Metallabriebe im Extrakt.<\/span><\/p>\n<p><strong><span class=\"a-list-item\">CHIRURGISCHER EDELSTAHL: <\/span><\/strong><\/p>\n<p><span class=\"a-list-item\">Aus medizinischem Edelstahl mit hoher Dichte gefertigt, macht es langlebig und rostfrei. Eine glatte Oberfl\u00e4che verhindert das verkleben des Tools und erm\u00f6glicht eine einfache Reinigung.<\/span><\/p>\n<p><strong><span class=\"a-list-item\">EINFACHE BEDIENBARKEIT: <\/span><\/strong><\/p>\n<p><span class=\"a-list-item\">Der schlanke Holzgriff ist ergonomisch geformt und bietet ein geringes Gewicht und einen festen Griff.<\/span><\/p>\n<p><strong><span class=\"a-list-item\">F\u00dcR JEDES EXTRAKT GEEIGNET: <\/span><\/strong><\/p>\n<p><span class=\"a-list-item\">Dank der Spitze ist ein sauberes Portionieren der Dabs m\u00f6glich. Egal ob Rosin, Wax oder Budder, mit dem Tool lassen sich jegliche Arten von Extrakten leicht verarbeiten.<\/span><\/p>\n","protected":false},"excerpt":{"rendered":"<p>H\u00d6CHSTE VERARBEITUNGSQUALIT\u00c4T: Schneidefl\u00e4chen genau geschliffen, somit keine sch\u00e4dlichen Metallabriebe im Extrakt. CHIRURGISCHER EDELSTAHL: Aus medizinischem Edelstahl mit hoher Dichte gefertigt,<\/p>\n","protected":false},"featured_media":37635,"comment_status":"open","ping_status":"closed","template":"","meta":{"_acf_changed":false},"product_cat":[2579,2549],"product_tag":[3256],"acf":[],"_links":{"self":[{"href":"https:\/\/donaulife-new.ogrisdigital.at\/it\/wp-json\/wp\/v2\/product\/54202"}],"collection":[{"href":"https:\/\/donaulife-new.ogrisdigital.at\/it\/wp-json\/wp\/v2\/product"}],"about":[{"href":"https:\/\/donaulife-new.ogrisdigital.at\/it\/wp-json\/wp\/v2\/types\/product"}],"replies":[{"embeddable":true,"href":"https:\/\/donaulife-new.ogrisdigital.at\/it\/wp-json\/wp\/v2\/comments?post=54202"}],"wp:featuredmedia":[{"embeddable":true,"href":"https:\/\/donaulife-new.ogrisdigital.at\/it\/wp-json\/wp\/v2\/media\/37635"}],"wp:attachment":[{"href":"https:\/\/donaulife-new.ogrisdigital.at\/it\/wp-json\/wp\/v2\/media?parent=54202"}],"wp:term":[{"taxonomy":"product_cat","embeddable":true,"href":"https:\/\/donaulife-new.ogrisdigital.at\/it\/wp-json\/wp\/v2\/product_cat?post=54202"},{"taxonomy":"product_tag","embeddable":true,"href":"https:\/\/donaulife-new.ogrisdigital.at\/it\/wp-json\/wp\/v2\/product_tag?post=54202"}],"curies":[{"name":"wp","href":"https:\/\/api.w.org\/{rel}","templated":true}]}}