{"id":54161,"date":"2022-11-08T14:20:24","date_gmt":"2022-11-08T14:20:24","guid":{"rendered":"https:\/\/donaulife-new.ogrisdigital.at\/produkt\/grannys-weed-wood-tube-o-18-mm\/"},"modified":"2024-07-01T01:02:58","modified_gmt":"2024-07-01T01:02:58","slug":"grannys-weed-wood-tube-o-18-mm","status":"publish","type":"product","link":"https:\/\/donaulife-new.ogrisdigital.at\/it\/grannys-weed-wood-tube-o-18-mm\/","title":{"rendered":"GRANNY\u00b4S WEED Wood-Tube | \u00d8 18 mm"},"content":{"rendered":"<h2>Grannys Joint H\u00fclle aus Holz<\/h2>\n<ul>\n<li><span class=\"a-list-item\">QUALIT\u00c4T: In sorgf\u00e4ltiger Handarbeit in Deutschland gefr\u00e4ste Joint Tube aus Holz. Mit gro\u00dfm\u00fctterlicher F\u00fcrsorge hergestellt, mit Hanf\u00f6l poliert und verpackt. GRANNY\u2019S Naturprodukt \u00fcberzeugt mit einer langj\u00e4hrigen Einsatzbereitschaft.<\/span><\/li>\n<li><span class=\"a-list-item\">EFFIZIENZ: Unsere Joint-Huelle ist die ideale Kombination aus gefr\u00e4sten Holz und eingebautem Holzdeckel mit Gummi-Dichtung. Durch eine einfache Drehbewegungen kann GRANNYS-Tube luftdicht verschlossen werden. Diese sorgt f\u00fcr einen geruchslosen Transport und optimalem Schutz des Inhaltes.<\/span><\/li>\n<li><span class=\"a-list-item\">TRANSPORTABEL: GRANNYS J-Tube passt in jede Hosentasche und ist mit 14cm f\u00fcr alle Longpapers Gr\u00f6\u00dfen geeignet. Ideal auch f\u00fcr Rauchunterbrechungen: Die glimmende Zigarette ist in max. 5 Sekunden im Case erloschen!<\/span><\/li>\n<li><span class=\"a-list-item\">NACHHALTIGKEIT: Bei der Herstellung wurde auf die Verwendung von Holz aus nachhaltiger Forstwirtschaft geachtet. Durch die Herstellung -Made in Germany- ist auch der Transportweg sehr kurz gehalten. Das bei der Produktion entstandene CO\u2082 wurde durch Zertifikate neutralisiert, au\u00dferdem unterst\u00fctzt du den DHV auf dem Weg zur Legalisierung.<\/span><\/li>\n<li><span class=\"a-list-item\">LIEFERUMFANG: 1x GRANNY\u2019S 14 cm Joint Tube aus Walnuss, Handmade in Germany, inkl. 1x GRANNY\u2019S Joint tube Beutel<\/span><\/li>\n<\/ul>\n<h3>\u00dcber Granny\u00b4s Weed:<\/h3>\n<div>\n<p>Moin, wir sind Constantin und Pablo von GRANNY\u2019S WEED! Wir haben dieses Start-Up gegr\u00fcndet, weil wir mit unserer Marke die Entkriminalisierung von Hanf in Deutschland f\u00f6rdern und auf den medizinischen Nutzen aufmerksam machen wollen.<\/p>\n<p>Auch wenn wir bisher nur ein Start-Up sind, m\u00f6chten wir etwas Gutes tun. Wir werden langfristig 5% unseres Gewinns an Organisationen, die sich f\u00fcr die Legalisierung von Hanf in Europa einsetzen, spenden. Auch Organisationen, welche dessen medizinischen Nutzen f\u00f6rdern und vorantreiben, gilt es zu unterst\u00fctzen.<\/p>\n<p>Unsere Produkte werden mit gro\u00dfm\u00fctterlicher F\u00fcrsorge hergestellt und verpackt. Wir arbeiten stets an neuen Produktideen, um euch den positiven Gebrauch und Nutzen von Hanf n\u00e4her zu bringen. Hanf geh\u00f6rt zu den nachhaltigsten Pflanzen, die unsere Erde zu bieten hat.<\/p>\n<\/div>\n","protected":false},"excerpt":{"rendered":"<p>Grannys Joint H\u00fclle aus Holz QUALIT\u00c4T: In sorgf\u00e4ltiger Handarbeit in Deutschland gefr\u00e4ste Joint Tube aus Holz. Mit gro\u00dfm\u00fctterlicher F\u00fcrsorge hergestellt,<\/p>\n","protected":false},"featured_media":37464,"comment_status":"open","ping_status":"closed","template":"","meta":{"_acf_changed":false},"product_cat":[2607,2489,2566,3238,2451,3244],"product_tag":[3239],"acf":[],"_links":{"self":[{"href":"https:\/\/donaulife-new.ogrisdigital.at\/it\/wp-json\/wp\/v2\/product\/54161"}],"collection":[{"href":"https:\/\/donaulife-new.ogrisdigital.at\/it\/wp-json\/wp\/v2\/product"}],"about":[{"href":"https:\/\/donaulife-new.ogrisdigital.at\/it\/wp-json\/wp\/v2\/types\/product"}],"replies":[{"embeddable":true,"href":"https:\/\/donaulife-new.ogrisdigital.at\/it\/wp-json\/wp\/v2\/comments?post=54161"}],"wp:featuredmedia":[{"embeddable":true,"href":"https:\/\/donaulife-new.ogrisdigital.at\/it\/wp-json\/wp\/v2\/media\/37464"}],"wp:attachment":[{"href":"https:\/\/donaulife-new.ogrisdigital.at\/it\/wp-json\/wp\/v2\/media?parent=54161"}],"wp:term":[{"taxonomy":"product_cat","embeddable":true,"href":"https:\/\/donaulife-new.ogrisdigital.at\/it\/wp-json\/wp\/v2\/product_cat?post=54161"},{"taxonomy":"product_tag","embeddable":true,"href":"https:\/\/donaulife-new.ogrisdigital.at\/it\/wp-json\/wp\/v2\/product_tag?post=54161"}],"curies":[{"name":"wp","href":"https:\/\/api.w.org\/{rel}","templated":true}]}}