{"id":54149,"date":"2022-11-02T19:52:35","date_gmt":"2022-11-02T19:52:35","guid":{"rendered":"https:\/\/donaulife-new.ogrisdigital.at\/produkt\/grannys-weed-aktivkohlefilter-50-stueck-o-59-mm\/"},"modified":"2024-07-01T01:02:48","modified_gmt":"2024-07-01T01:02:48","slug":"grannys-weed-aktivkohlefilter-50-stueck-o-59-mm","status":"publish","type":"product","link":"https:\/\/donaulife-new.ogrisdigital.at\/it\/grannys-weed-aktivkohlefilter-50-stueck-o-59-mm\/","title":{"rendered":"GRANNY\u00b4S WEED Aktivkohlefilter 50 St\u00fcck | \u00d8 5,9 mm"},"content":{"rendered":"<h2>Granny\u00b4s Weed Aktivkohlefilter mit 5,9 mm Durchmesser<\/h2>\n<ul class=\"public-DraftStyleDefault-ul\">\n<li id=\"viewer-4ebee\" class=\"_247b9 _1cCz9 _1BJwx public-DraftStyleDefault-unorderedListItem public-DraftStyleDefault-depth0 public-DraftStyleDefault-list-ltr public-DraftStyleDefault-reset _2QAo- _25MYV eaHbJ _247b9\">\n<ul class=\"a-unordered-list a-vertical a-spacing-mini\">\n<li><span class=\"a-list-item\">WENIGER SCHADSTOFFE: Die Filterung durch Kokoskohle erm\u00f6glicht ein schadstoff\u00e4rmeres und sanfteres Raucherlebnis. Es entsteht ein angenehmeres Rauchgef\u00fchl und auch das Kratzen im Hals wird deutlich reduziert. Wir achten dabei auf einen m\u00f6glichst hohen Kohleanteil.<\/span><\/li>\n<li><span class=\"a-list-item\">QUALIT\u00c4T: Bei diesem Produkt steht die hohe Qualit\u00e4t unserer Aktivkohlefilter f\u00fcr uns an erster Stelle. Aus diesem Grund werden in der Herstellung ausschlie\u00dflich hochwertige und umweltbewusste Materialien verwendet- mehr Aktivkohle in Filtern kriegst du nirgendwo anders!<\/span><\/li>\n<li><span class=\"a-list-item\">NUTZBARKEIT: Diese Aktivkohlefilter slim eignen sich perfekt zum Eindrehen in beide Richtungen- dank der robusten Keramikkappen an den Filterenden. Dabei k\u00f6nnen auch Neueinsteiger und Anf\u00e4nger leicht mit diesem Produkt arbeiten. Die Verpackung l\u00e4sst sich leicht \u00f6ffnen und ist gut wiederverschlie\u00dfbar dank der integrierten Magnet\u00f6ffnung!<\/span><\/li>\n<li><span class=\"a-list-item\">NACHHALTIGKEIT: Bei der Herstellung wurde auf die Verwendung von Umweltfreundlichen Materialien geachtet. Au\u00dferdem wurden die Filter CO\u2082 neutral produziert und transportiert. Au\u00dferdem unterst\u00fctzt du den DHV auf dem Weg zur Legalisierung.<\/span><\/li>\n<li><span class=\"a-list-item\">LIEFERUMFANG: \u00f8 5,9 mm x 26,5 mm, Aktivkohlefilter mit Keramikkappen, 50 St\u00fcck aus veganer Aktivkohle aus Kokosnussschalen. Mit diesem Produkt erweitern wir unser Produktsortiment um ein essenzielles Produkt f\u00fcr jeden Selbstdreher.<\/span><\/li>\n<\/ul>\n<\/li>\n<\/ul>\n<p>&nbsp;<\/p>\n<h3>\u00dcber Granny\u00b4s Weed:<\/h3>\n<div>\n<p>Moin, wir sind Constantin und Pablo von GRANNY\u2019S WEED! Wir haben dieses Start-Up gegr\u00fcndet, weil wir mit unserer Marke die Entkriminalisierung von Hanf in Deutschland f\u00f6rdern und auf den medizinischen Nutzen aufmerksam machen wollen.<\/p>\n<p>Auch wenn wir bisher nur ein Start-Up sind, m\u00f6chten wir etwas Gutes tun. Wir werden langfristig 5% unseres Gewinns an Organisationen, die sich f\u00fcr die Legalisierung von Hanf in Europa einsetzen, spenden. Auch Organisationen, welche dessen medizinischen Nutzen f\u00f6rdern und vorantreiben, gilt es zu unterst\u00fctzen.<\/p>\n<p>Unsere Produkte werden mit gro\u00dfm\u00fctterlicher F\u00fcrsorge hergestellt und verpackt. Wir arbeiten stets an neuen Produktideen, um euch den positiven Gebrauch und Nutzen von Hanf n\u00e4her zu bringen. Hanf geh\u00f6rt zu den nachhaltigsten Pflanzen, die unsere Erde zu bieten hat.<\/p>\n<\/div>\n","protected":false},"excerpt":{"rendered":"<p>Granny\u00b4s Weed Aktivkohlefilter mit 5,9 mm Durchmesser WENIGER SCHADSTOFFE: Die Filterung durch Kokoskohle erm\u00f6glicht ein schadstoff\u00e4rmeres und sanfteres Raucherlebnis. Es<\/p>\n","protected":false},"featured_media":37391,"comment_status":"open","ping_status":"open","template":"","meta":{"_acf_changed":false},"product_cat":[2652,2489,2499,3238,2451],"product_tag":[3239],"acf":[],"_links":{"self":[{"href":"https:\/\/donaulife-new.ogrisdigital.at\/it\/wp-json\/wp\/v2\/product\/54149"}],"collection":[{"href":"https:\/\/donaulife-new.ogrisdigital.at\/it\/wp-json\/wp\/v2\/product"}],"about":[{"href":"https:\/\/donaulife-new.ogrisdigital.at\/it\/wp-json\/wp\/v2\/types\/product"}],"replies":[{"embeddable":true,"href":"https:\/\/donaulife-new.ogrisdigital.at\/it\/wp-json\/wp\/v2\/comments?post=54149"}],"wp:featuredmedia":[{"embeddable":true,"href":"https:\/\/donaulife-new.ogrisdigital.at\/it\/wp-json\/wp\/v2\/media\/37391"}],"wp:attachment":[{"href":"https:\/\/donaulife-new.ogrisdigital.at\/it\/wp-json\/wp\/v2\/media?parent=54149"}],"wp:term":[{"taxonomy":"product_cat","embeddable":true,"href":"https:\/\/donaulife-new.ogrisdigital.at\/it\/wp-json\/wp\/v2\/product_cat?post=54149"},{"taxonomy":"product_tag","embeddable":true,"href":"https:\/\/donaulife-new.ogrisdigital.at\/it\/wp-json\/wp\/v2\/product_tag?post=54149"}],"curies":[{"name":"wp","href":"https:\/\/api.w.org\/{rel}","templated":true}]}}