{"id":54128,"date":"2022-11-02T11:37:06","date_gmt":"2022-11-02T11:37:06","guid":{"rendered":"https:\/\/donaulife-new.ogrisdigital.at\/produkt\/bioflame-hemp-wick-rolle-aus-biohanf-420-cm\/"},"modified":"2024-07-01T01:02:34","modified_gmt":"2024-07-01T01:02:34","slug":"bioflame-hemp-wick-rolle-aus-biohanf-420-cm","status":"publish","type":"product","link":"https:\/\/donaulife-new.ogrisdigital.at\/it\/bioflame-hemp-wick-rolle-aus-biohanf-420-cm\/","title":{"rendered":"BIOFLAME Hemp Wick Rolle aus Biohanf | 420 cm"},"content":{"rendered":"<p><img decoding=\"async\" class=\"alignnone wp-image-19424\" style=\"font-size: 14.4px;\" src=\"https:\/\/www.donaulife.com\/wp-content\/uploads\/2018\/07\/Logo1000-300x92.png\" alt=\"\" width=\"401\" height=\"123\" \/> <img fetchpriority=\"high\" decoding=\"async\" class=\"alignnone wp-image-19425\" src=\"https:\/\/www.donaulife.com\/wp-content\/uploads\/2018\/07\/info3-300x84.png\" alt=\"\" width=\"500\" height=\"140\" \/><\/p>\n<h2>Der nat\u00fcrliche Anz\u00fcnder aus Bienenwachs und Hanffasern.<\/h2>\n<ul>\n<li>Damit kannst du es vermeiden das sch\u00e4dliche Butangas der Feuerzeuge miteinzuatmen.<\/li>\n<li>Weniger Aroma &amp; Wirkstoffverlust durch niedrigere Flammentemperatur als bei Feuerzeugen.<\/li>\n<li>F\u00fcr ein angenehmeres, entspannteres &amp; stilechtes Rauchen.<\/li>\n<li>100% nat\u00fcrlich und umweltfreundlich.<\/li>\n<li>Dank der flexiblen Form eignet sich die Hemp Wick auch hervorragend zum Entz\u00fcnden von schwer erreichbaren Kerzen, Gasherden, Kaminen &amp; R\u00e4ucherwaren.<\/li>\n<li>Ebenfalls als nat\u00fcrlicher Bindedraht einsetzbar.<\/li>\n<li>Umweltfreundliche Verpackung und das Etikett ist aus 100% recyceltem Altpapier.<\/li>\n<li>Hergestellt in Deutschland.<\/li>\n<\/ul>\n<p>&nbsp;<\/p>\n<p><img decoding=\"async\" class=\"alignnone wp-image-42627\" src=\"https:\/\/www.donaulife.com\/wp-content\/uploads\/2022\/11\/info4-284x300.png\" alt=\"\" width=\"594\" height=\"627\" \/><\/p>\n","protected":false},"excerpt":{"rendered":"<p>Der nat\u00fcrliche Anz\u00fcnder aus Bienenwachs und Hanffasern. Damit kannst du es vermeiden das sch\u00e4dliche Butangas der Feuerzeuge miteinzuatmen. Weniger Aroma<\/p>\n","protected":false},"featured_media":37299,"comment_status":"open","ping_status":"open","template":"","meta":{"_acf_changed":false},"product_cat":[2494,2489,2904,2451,2495],"product_tag":[],"acf":[],"_links":{"self":[{"href":"https:\/\/donaulife-new.ogrisdigital.at\/it\/wp-json\/wp\/v2\/product\/54128"}],"collection":[{"href":"https:\/\/donaulife-new.ogrisdigital.at\/it\/wp-json\/wp\/v2\/product"}],"about":[{"href":"https:\/\/donaulife-new.ogrisdigital.at\/it\/wp-json\/wp\/v2\/types\/product"}],"replies":[{"embeddable":true,"href":"https:\/\/donaulife-new.ogrisdigital.at\/it\/wp-json\/wp\/v2\/comments?post=54128"}],"wp:featuredmedia":[{"embeddable":true,"href":"https:\/\/donaulife-new.ogrisdigital.at\/it\/wp-json\/wp\/v2\/media\/37299"}],"wp:attachment":[{"href":"https:\/\/donaulife-new.ogrisdigital.at\/it\/wp-json\/wp\/v2\/media?parent=54128"}],"wp:term":[{"taxonomy":"product_cat","embeddable":true,"href":"https:\/\/donaulife-new.ogrisdigital.at\/it\/wp-json\/wp\/v2\/product_cat?post=54128"},{"taxonomy":"product_tag","embeddable":true,"href":"https:\/\/donaulife-new.ogrisdigital.at\/it\/wp-json\/wp\/v2\/product_tag?post=54128"}],"curies":[{"name":"wp","href":"https:\/\/api.w.org\/{rel}","templated":true}]}}