{"id":54124,"date":"2022-10-20T07:57:51","date_gmt":"2022-10-20T07:57:51","guid":{"rendered":"https:\/\/donaulife-new.ogrisdigital.at\/produkt\/hybrid-supreme-filters-aktivkohle-filter-zellstoff-64-mm\/"},"modified":"2024-02-04T18:53:15","modified_gmt":"2024-02-04T18:53:15","slug":"hybrid-supreme-filters-aktivkohle-filter-zellstoff-64-mm","status":"publish","type":"product","link":"https:\/\/donaulife-new.ogrisdigital.at\/it\/hybrid-supreme-filters-aktivkohle-filter-zellstoff-64-mm\/","title":{"rendered":"HYBRID Aktivkohle Filter + Zellstoff  | 6,4 mm | 50 St\u00fcck"},"content":{"rendered":"<h2>HYBRID Supreme Filters Aktivkohle Filter + Zellstoff<\/h2>\n<p>Ein bisschen stolz sind wir schon auf unsere Filter Tips. Es hat schlie\u00dflich auch \u00fcber 3 Jahre Entwicklung in Anspruch genommen um die richtige Kombination, Dosis und vor allem das perfekte Material zu finden &#8211; und das alles zum g\u00fcnstigen Preis.<\/p>\n<p>Tausende Testfilter mussten dabei im wahrsten Sinne des Wortes ins Gras bei\u00dfen um das h\u00f6chste Gut, n\u00e4mlich die richtige Balance zu finden.<\/p>\n<p><img fetchpriority=\"high\" decoding=\"async\" class=\"alignnone size-medium wp-image-42556\" src=\"https:\/\/www.donaulife.com\/wp-content\/uploads\/2022\/10\/Hero-55er-300x200.jpg\" alt=\"\" width=\"300\" height=\"200\" \/> <img decoding=\"async\" class=\"alignnone wp-image-42557\" src=\"https:\/\/www.donaulife.com\/wp-content\/uploads\/2022\/10\/Hero-55er-Display-Right-Align-300x192.jpg\" alt=\"\" width=\"312\" height=\"199\" \/><\/p>\n<p>Aber genug der sch\u00f6nen Phrasen &#8211; ab jetzt gibts Hardfacts:<\/p>\n<h3><b>Weniger Schadstoffe<\/b><\/h3>\n<p>Es ist offiziell. Im Labor getestet hat es unser Hybrid Supreme Filter auf\u00a0<strong>38% weniger Schadstoffe\u00a0<\/strong>im Vergleich zu herk\u00f6mmliche Aktivkohlefilter ohne Zellstoff gebracht. Eure Lunge, Schleimh\u00e4ute euer ganzer K\u00f6rper werden es euch danken.<\/p>\n<h3><b>Kein Aktivkohlestaub.<\/b><\/h3>\n<p>Jeder der mit herk\u00f6mmlichen Aktivkohlefiltern geraucht hat kennt es: Kohle-Partikel auf der Zunge, das Kratzen im Hals und der leichte Kohlegeschmack am Gaumen. Hinzu kommt der kaum sichtbare Feinkohlestaub der sich mit Schadstoffen vollsaugt und diese direkt in die Lunge bringt.<\/p>\n<p>Nicht so mit unseren Hybrid Filtern die Aktivkohlestaub fast zur G\u00e4nze rausfiltern. Was bleibt ist optimaler Rauchgenuss.<\/p>\n<h3><b>Kein Verstopfen.<\/b><\/h3>\n<p>Auch beim Verstopfen k\u00f6nnen wir gr\u00fcnes Licht geben. Hybrid Filter verstopfen auch dann nicht, wenn bei anderen l\u00e4ngst der Saft aus dem D\u00fcbel fliest. M\u00f6glich macht das die spezielle Anordnung und Kombination der Hybrid Komponenten.<\/p>\n<h3><b>Geschmacksneutral.<\/b><\/h3>\n<p>Probier es selbst aus oder glaub uns einfach &#8211; kein Eigengeschmack, kein zus\u00e4tzlicher Geschmack und kein Verf\u00e4lschen des urspr\u00fcnglichen Aromas.<\/p>\n<h3><b>Voller 420 Effekt.<\/b><\/h3>\n<p>Nach \u00fcber 3 Jahren Entwicklung k\u00f6nnen wir euch ohne mit der Wimper zu zucken garantieren: Unser Produkte filtert alles, nur nicht die Wirkstoffe eurer Mischung.<\/p>\n<div style=\"width: 1440px;\" class=\"wp-video\"><!--[if lt IE 9]><script>document.createElement('video');<\/script><![endif]-->\n<video class=\"wp-video-shortcode\" id=\"video-54124-1\" width=\"1440\" height=\"1080\" preload=\"metadata\" controls=\"controls\"><source type=\"video\/mp4\" src=\"https:\/\/www.donaulife.com\/wp-content\/uploads\/2022\/10\/NewHero-v1.3.mp4?_=1\" \/><a href=\"https:\/\/www.donaulife.com\/wp-content\/uploads\/2022\/10\/NewHero-v1.3.mp4\" target=\"_blank\" rel=\"noopener\">https:\/\/www.donaulife.com\/wp-content\/uploads\/2022\/10\/NewHero-v1.3.mp4<\/a><\/video><\/div>\n<h3>\u00dcber Hybrid Filters:<\/h3>\n<p>Hybrid, das sind drei Musketiere aus den Bereichen Medizin, Wirtschaft und der Kreativindustrie die es sich als Ziel gesetzt haben, euch, neben den besten Filtern, auch das beste Rauchzubeh\u00f6r in die Finger zu zaubern.<\/p>\n<h3 class=\"type-subheading type-subheading--1 image-bar--title\">PHILOSOPHIE<\/h3>\n<div class=\"image-bar--description\">\n<p>Unser Name &#8220;Hybrid&#8221; und unser Motto &#8220;doppelt nice&#8221; tragen es ja bereits vor: Wir wollen immer Zweierlei. Suchen die Gegenpole um die gr\u00fcne Mitte zu finden und dort die richtige Balance zu verankern.<br \/>\n<span style=\"font-size: 14.4px;\">Diese Pr\u00e4misse wenden wir in unserer Arbeit an, spiegelt sich in unseren Produkten wieder und sorgt bei euch f\u00fcr ein optimales Raucherlebnis.<\/span><\/p>\n<h3 class=\"type-subheading type-subheading--1 image-bar--title\">QUALIT\u00c4T<\/h3>\n<div class=\"image-bar--description\">\n<p>All unsere Produkte werden auf Herz, Niere und sogar auf Lunge gepr\u00fcft. Jedes Produkt wird handverpackt und deshalb kann auch mal was daneben gehen.<br \/>\n<span style=\"font-size: 14.4px;\">Aber es ist dann zumindest qualitativ daneben gegangen.<\/span><\/p>\n<h3 class=\"type-subheading type-subheading--1 image-bar--title\">NACHHALTIGKEIT<\/h3>\n<div class=\"image-bar--description\">\n<p>Selbstverst\u00e4ndlich liegt uns Mutter Natur sehr am Herzen. Wo es nur geht verwenden wir deshalb Materialien aus nachhaltigen Quellen und arbeiten ausschlie\u00dflich mit lokalen Herstellern innerhalb Europas zusammen. Verpackt werden deine Filter im \u00fcbrigen von jungen Menschen mit Beeintr\u00e4chtigung in Integrationswerkst\u00e4tten!<\/p>\n<\/div>\n<\/div>\n<\/div>\n","protected":false},"excerpt":{"rendered":"<p>HYBRID Supreme Filters Aktivkohle Filter + Zellstoff Ein bisschen stolz sind wir schon auf unsere Filter Tips. Es hat schlie\u00dflich<\/p>\n","protected":false},"featured_media":37268,"comment_status":"open","ping_status":"open","template":"","meta":{"_acf_changed":false},"product_cat":[2652,2499,2451],"product_tag":[],"acf":[],"_links":{"self":[{"href":"https:\/\/donaulife-new.ogrisdigital.at\/it\/wp-json\/wp\/v2\/product\/54124"}],"collection":[{"href":"https:\/\/donaulife-new.ogrisdigital.at\/it\/wp-json\/wp\/v2\/product"}],"about":[{"href":"https:\/\/donaulife-new.ogrisdigital.at\/it\/wp-json\/wp\/v2\/types\/product"}],"replies":[{"embeddable":true,"href":"https:\/\/donaulife-new.ogrisdigital.at\/it\/wp-json\/wp\/v2\/comments?post=54124"}],"wp:featuredmedia":[{"embeddable":true,"href":"https:\/\/donaulife-new.ogrisdigital.at\/it\/wp-json\/wp\/v2\/media\/37268"}],"wp:attachment":[{"href":"https:\/\/donaulife-new.ogrisdigital.at\/it\/wp-json\/wp\/v2\/media?parent=54124"}],"wp:term":[{"taxonomy":"product_cat","embeddable":true,"href":"https:\/\/donaulife-new.ogrisdigital.at\/it\/wp-json\/wp\/v2\/product_cat?post=54124"},{"taxonomy":"product_tag","embeddable":true,"href":"https:\/\/donaulife-new.ogrisdigital.at\/it\/wp-json\/wp\/v2\/product_tag?post=54124"}],"curies":[{"name":"wp","href":"https:\/\/api.w.org\/{rel}","templated":true}]}}