{"id":54102,"date":"2022-10-14T11:44:37","date_gmt":"2022-10-14T11:44:37","guid":{"rendered":"https:\/\/donaulife-new.ogrisdigital.at\/produkt\/ozo-versteck-haargummi-haarband\/"},"modified":"2024-07-01T01:02:17","modified_gmt":"2024-07-01T01:02:17","slug":"ozo-versteck-haargummi-haarband","status":"publish","type":"product","link":"https:\/\/donaulife-new.ogrisdigital.at\/it\/ozo-versteck-haargummi-haarband\/","title":{"rendered":"OZO Versteck Haargummi | Haarband"},"content":{"rendered":"<h2>OZO Versteck Haargummi<\/h2>\n<div class=\"cfmt\">\n<p>Das perfekte Accessoire f\u00fcr langhaarige Stoner, die viel unterwegs sind oder mal Einlasskontrollen passieren m\u00fcssen, denn der Scrunchy f\u00fcr die Haare von OZO ist gleichzeitig auch eine Verstecktasche<\/p>\n<p>\u2714\ufe0f unauff\u00e4llig und unkompliziert<\/p>\n<p>\u2714\ufe0f unsichtbarer Rei\u00dfverschluss<\/p>\n<p>\u2714\ufe0funterschiedliche Designs<\/p>\n<p>Das Scrunchy-Haargummi l\u00e4sst sich mit einem unsichtbaren Rei\u00dfverschluss \u00f6ffnen. Innen gibt es genug Platz f\u00fcr ein Feuerzeug, einen Schl\u00fcssel, Kleingeld oder andere, unverzichtbare Dinge, die versteckt werden m\u00fcssen. Wenn du joggen gehst, den Tag am Strand verbringst, reist oder auf ein Festival gehst, ist das Secret Stash Scrunchy von OZO unverzichtbar<\/p>\n<\/div>\n<h3>\u00dcber OZO:<\/h3>\n<p>Ich bin Ozo, ein Unternehmer aus Barcelona, der sich auf die Entwicklung innovativer Produkte f\u00fcr die High Society konzentriert. Ich gr\u00fcndete Ozo World im Jahr 2019 als Reaktion auf das wachsende Interesse an dem Lebensstil, den ich \u00fcber meine Instagram-Seite @ozo420official und meinen YouTube-Kanal Ozo420 vertrete.<\/p>\n<p>Mit Ozo World m\u00f6chte ich Cannabiskonsumenten dazu ermutigen, zu zeigen, dass wir mehr sind als das, was die Gesellschaft sieht, das Stigma zu \u00fcberwinden und kreative L\u00f6sungen f\u00fcr unsere Gemeinschaft anzubieten.<\/p>\n<p><img fetchpriority=\"high\" decoding=\"async\" class=\"alignnone size-medium wp-image-42256\" src=\"https:\/\/www.donaulife.com\/wp-content\/uploads\/2022\/10\/WhatsApp-Image-2022-10-14-at-13.49.59-243x300.jpeg\" alt=\"\" width=\"243\" height=\"300\" \/><\/p>\n<p>&nbsp;<\/p>\n","protected":false},"excerpt":{"rendered":"<p>OZO Versteck Haargummi Das perfekte Accessoire f\u00fcr langhaarige Stoner, die viel unterwegs sind oder mal Einlasskontrollen passieren m\u00fcssen, denn der<\/p>\n","protected":false},"featured_media":37186,"comment_status":"open","ping_status":"closed","template":"","meta":{"_acf_changed":false},"product_cat":[2607,2566,2451,2768],"product_tag":[3623],"acf":[],"_links":{"self":[{"href":"https:\/\/donaulife-new.ogrisdigital.at\/it\/wp-json\/wp\/v2\/product\/54102"}],"collection":[{"href":"https:\/\/donaulife-new.ogrisdigital.at\/it\/wp-json\/wp\/v2\/product"}],"about":[{"href":"https:\/\/donaulife-new.ogrisdigital.at\/it\/wp-json\/wp\/v2\/types\/product"}],"replies":[{"embeddable":true,"href":"https:\/\/donaulife-new.ogrisdigital.at\/it\/wp-json\/wp\/v2\/comments?post=54102"}],"wp:featuredmedia":[{"embeddable":true,"href":"https:\/\/donaulife-new.ogrisdigital.at\/it\/wp-json\/wp\/v2\/media\/37186"}],"wp:attachment":[{"href":"https:\/\/donaulife-new.ogrisdigital.at\/it\/wp-json\/wp\/v2\/media?parent=54102"}],"wp:term":[{"taxonomy":"product_cat","embeddable":true,"href":"https:\/\/donaulife-new.ogrisdigital.at\/it\/wp-json\/wp\/v2\/product_cat?post=54102"},{"taxonomy":"product_tag","embeddable":true,"href":"https:\/\/donaulife-new.ogrisdigital.at\/it\/wp-json\/wp\/v2\/product_tag?post=54102"}],"curies":[{"name":"wp","href":"https:\/\/api.w.org\/{rel}","templated":true}]}}