{"id":54100,"date":"2022-10-14T11:19:56","date_gmt":"2022-10-14T11:19:56","guid":{"rendered":"https:\/\/donaulife-new.ogrisdigital.at\/produkt\/plastic-fantastic-versteck-kettenfluid\/"},"modified":"2024-07-01T01:02:14","modified_gmt":"2024-07-01T01:02:14","slug":"plastic-fantastic-versteck-kettenfluid","status":"publish","type":"product","link":"https:\/\/donaulife-new.ogrisdigital.at\/it\/plastic-fantastic-versteck-kettenfluid\/","title":{"rendered":"PLASTIC FANTASTIC Versteck Kettenfluid"},"content":{"rendered":"<h2>Plastic Fantastic Versteckdose Ketten\u00f6l<\/h2>\n<div class=\"cfmt\">\n<p>Mit freundlicher Zusammenarbeit und Genehmigung von<br \/>\nInnotech Consumer GmbH\u00a0<a href=\"https:\/\/www.kettenfluid105.de\/\" target=\"_blank\" rel=\"noopener\">www.kettenfluid105.de\/<\/a><\/p>\n<p>Du verl\u00e4sst den Caravan, die Garage, die Werkstatt. Auf dem Weg entsteht ein ungutes Gef\u00fchl.<\/p>\n<p>Da ist dieses Angstgef\u00fchl, dass irgendein Ganove an dein Hab und Gut gehen k\u00f6nnte, sobald Du au\u00dfer Reichweite bist. Aufgemerkt!<\/p>\n<p>Gehe gut vorbereitet und abgesichert\u00a0 und vieles entspannt sich. Sie halten Ihre Verstecke f\u00fcr einzigartig und besonders schwer zu finden? Kriminalisten wissen, dass die meisten Menschen intuitiv auch nach l\u00e4ngerer \u00dcberlegung immer gleiche bzw. sehr \u00e4hnliche Verstecke bevorzugen. Einbrecher kennen diese \u201ebeliebten\u201c Verstecke.<\/p>\n<p>Versuchen Sie besser nicht herauszufinden, ob Ihre Idee funktioniert.<\/p>\n<p>Das der Natur abgeschaute Prinzip der Tarnung, welches der\u00a0Dosensafe\u00a0(auch als Konserve erh\u00e4ltlich) aufgreift, hat sich Millionen Jahre bew\u00e4hrt: ein simpler aber sehr effektiver\u00a0<strong>Diebstahlschutz<\/strong>.<\/p>\n<ul>\n<li>Dosensafe aus Original Innotec Kettenfluid Spraydose hergestellt<\/li>\n<li>Super Volumen Geheimfach: 20 cm H\u00f6he \/ Durchmesser 6 cm<\/li>\n<li>Dose : H\u00f6he insgesamt 23 cm<\/li>\n<li>\u00dcber einen versteckt angebrachten Schraubverschluss l\u00e4sst sich die Dose \u00f6ffnen.<\/li>\n<\/ul>\n<\/div>\n<h3>\u00dcber Plastic Fantastic:<\/h3>\n<p>Plastic Fantastic macht die besten Dosensafes der Welt und bietet eine Variation an verschiedenen Dosen sodass f\u00fcr jeden was dabei ist. Egal ob Getr\u00e4nkedose, Universal\u00f6l oder Dosenravioli. Die Konservenverstecke bieten immer einen sicheren Space f\u00fcr deine wertvollen Gegenst\u00e4nde.<\/p>\n<p>&nbsp;<\/p>\n","protected":false},"excerpt":{"rendered":"<p>Plastic Fantastic Versteckdose Ketten\u00f6l Mit freundlicher Zusammenarbeit und Genehmigung von Innotech Consumer GmbH\u00a0www.kettenfluid105.de\/ Du verl\u00e4sst den Caravan, die Garage, die<\/p>\n","protected":false},"featured_media":37180,"comment_status":"open","ping_status":"closed","template":"","meta":{"_acf_changed":false},"product_cat":[2607,2451,2768],"product_tag":[2792],"acf":[],"_links":{"self":[{"href":"https:\/\/donaulife-new.ogrisdigital.at\/it\/wp-json\/wp\/v2\/product\/54100"}],"collection":[{"href":"https:\/\/donaulife-new.ogrisdigital.at\/it\/wp-json\/wp\/v2\/product"}],"about":[{"href":"https:\/\/donaulife-new.ogrisdigital.at\/it\/wp-json\/wp\/v2\/types\/product"}],"replies":[{"embeddable":true,"href":"https:\/\/donaulife-new.ogrisdigital.at\/it\/wp-json\/wp\/v2\/comments?post=54100"}],"wp:featuredmedia":[{"embeddable":true,"href":"https:\/\/donaulife-new.ogrisdigital.at\/it\/wp-json\/wp\/v2\/media\/37180"}],"wp:attachment":[{"href":"https:\/\/donaulife-new.ogrisdigital.at\/it\/wp-json\/wp\/v2\/media?parent=54100"}],"wp:term":[{"taxonomy":"product_cat","embeddable":true,"href":"https:\/\/donaulife-new.ogrisdigital.at\/it\/wp-json\/wp\/v2\/product_cat?post=54100"},{"taxonomy":"product_tag","embeddable":true,"href":"https:\/\/donaulife-new.ogrisdigital.at\/it\/wp-json\/wp\/v2\/product_tag?post=54100"}],"curies":[{"name":"wp","href":"https:\/\/api.w.org\/{rel}","templated":true}]}}