{"id":54079,"date":"2022-09-28T14:20:07","date_gmt":"2022-09-28T14:20:07","guid":{"rendered":"https:\/\/donaulife-new.ogrisdigital.at\/produkt\/plastic-fantastic-versteckdose-energy-drink-effect\/"},"modified":"2024-07-01T01:02:03","modified_gmt":"2024-07-01T01:02:03","slug":"plastic-fantastic-versteckdose-energy-drink-effect","status":"publish","type":"product","link":"https:\/\/donaulife-new.ogrisdigital.at\/it\/plastic-fantastic-versteckdose-energy-drink-effect\/","title":{"rendered":"PLASTIC FANTASTIC Versteckdose Energy Drink | Effect"},"content":{"rendered":"<h2>Plastic Fantastic Versteckdose im Energy Drink Design<\/h2>\n<p>Auf den ersten Blick erwartet man einen normalen Effect Energy Drink, doch nach n\u00e4herer Inspektion wirst du entdecken, dass es sich hierbei um ein Geheimversteck handelt. Die Dose sind eine superdiskrete L\u00f6sung um Geld, Schmuck, USB-Sticks, Schl\u00fcssel und andere Dinge nicht gefunden werden sollen zu verstecken. Eine Dose kann in etwa mit 75ml Inhalt gef\u00fcllt werden. Die Dosen sind tats\u00e4chlich recycelte Rockstar Dosen die nun einem neuen Zweck zugef\u00fchrt werden \ud83d\ude09<\/p>\n<p><em>Achtung: Die Dose wurde von der F\u00fcllmenge her verkleinert um Gegengewicht einzubauen und der Dose ein echtes Feeling zu geben.<\/em><\/p>\n<h3>\u00dcber Plastic Fantastic:<\/h3>\n<p>Plastic Fantastic macht die besten Dosensafes der Welt und bietet eine Variation an verschiedenen Dosen sodass f\u00fcr jeden was dabei ist. Egal ob Getr\u00e4nkedose, Universal\u00f6l oder Dosenravioli. Die Konservenverstecke bieten immer einen sicheren Space f\u00fcr deine wertvollen Gegenst\u00e4nde.<\/p>\n<p>&nbsp;<\/p>\n","protected":false},"excerpt":{"rendered":"<p>Plastic Fantastic Versteckdose im Energy Drink Design Auf den ersten Blick erwartet man einen normalen Effect Energy Drink, doch nach<\/p>\n","protected":false},"featured_media":37125,"comment_status":"open","ping_status":"closed","template":"","meta":{"_acf_changed":false},"product_cat":[2607,2451,2768],"product_tag":[2792],"acf":[],"_links":{"self":[{"href":"https:\/\/donaulife-new.ogrisdigital.at\/it\/wp-json\/wp\/v2\/product\/54079"}],"collection":[{"href":"https:\/\/donaulife-new.ogrisdigital.at\/it\/wp-json\/wp\/v2\/product"}],"about":[{"href":"https:\/\/donaulife-new.ogrisdigital.at\/it\/wp-json\/wp\/v2\/types\/product"}],"replies":[{"embeddable":true,"href":"https:\/\/donaulife-new.ogrisdigital.at\/it\/wp-json\/wp\/v2\/comments?post=54079"}],"wp:featuredmedia":[{"embeddable":true,"href":"https:\/\/donaulife-new.ogrisdigital.at\/it\/wp-json\/wp\/v2\/media\/37125"}],"wp:attachment":[{"href":"https:\/\/donaulife-new.ogrisdigital.at\/it\/wp-json\/wp\/v2\/media?parent=54079"}],"wp:term":[{"taxonomy":"product_cat","embeddable":true,"href":"https:\/\/donaulife-new.ogrisdigital.at\/it\/wp-json\/wp\/v2\/product_cat?post=54079"},{"taxonomy":"product_tag","embeddable":true,"href":"https:\/\/donaulife-new.ogrisdigital.at\/it\/wp-json\/wp\/v2\/product_tag?post=54079"}],"curies":[{"name":"wp","href":"https:\/\/api.w.org\/{rel}","templated":true}]}}