{"id":54073,"date":"2022-09-28T12:47:38","date_gmt":"2022-09-28T12:47:38","guid":{"rendered":"https:\/\/donaulife-new.ogrisdigital.at\/produkt\/bonsanto-aktivkohle-ersatz-pack\/"},"modified":"2024-02-04T18:52:47","modified_gmt":"2024-02-04T18:52:47","slug":"bonsanto-aktivkohle-ersatz-pack","status":"publish","type":"product","link":"https:\/\/donaulife-new.ogrisdigital.at\/it\/bonsanto-aktivkohle-ersatz-pack\/","title":{"rendered":"BONSANTO Aktivkohle | &#8216;Ersatz Pack&#8217;"},"content":{"rendered":"<h2>Bonsanto Aktivkohlefilter Pack<\/h2>\n<p>Der Geruchs-Killer f\u00fcr Euren Anbau!<\/p>\n<ul>\n<li>extrem hochwertige Aktivkohle<\/li>\n<li>erm\u00f6glicht auf kleinstem Raum die effektive Luftreinigung<\/li>\n<li>zum Austausch f\u00fcr das Bel\u00fcftungssystem<\/li>\n<li>haltbar f\u00fcr rund 6-9 Monate<\/li>\n<\/ul>\n<p>Der Aktivkohlefilter zum Austauschen f\u00fcr deine Mini-Grow-Box. Auch der Aktivkohlefilter wurde speziell f\u00fcr die Box entwickelt und ist jetzt bereits in einer \u00fcberarbeiteten, zweiten Version erh\u00e4ltlich, welche eine noch h\u00f6here Filterleistung besitzt.<\/p>\n<p>Dieser kleine Beutel, gef\u00fcllt mit hochqualitativer Aktivkohle, bewirkt Wunder, wenn es darum geht, Ger\u00fcche zu neutralisieren. Egal was du anbaust: Der Aktivkohlefilter wird daf\u00fcr sorgen, dass keinerlei auff\u00e4llige Ger\u00fcche von der Box nach au\u00dfen dringen. Somit brauchst du dir keine Sorgen um Haus- oder gar Mitbewohner machen.<\/p>\n<p>Wir empfehlen, den Aktivkohlefilter rund alle 6-9 Monate zu erneuern. Der Beutel wird einfach in das Geh\u00e4use des Bel\u00fcftungssystem \u2013 welches lediglich gesteckt ist \u2013 eingesetzt und fertig! Die Verwendung von Werkzeugen oder gar eines Fachmannes oder einer Fachfrau ist hier nicht von N\u00f6ten.<\/p>\n<h3>\u00dcber Bonsanto:<\/h3>\n<p>Noch nie war anbauen einfacher. Mit integrierter Bel\u00fcftung und LED Pflanzenlampe. <em>All-in-One Komplettl\u00f6sung \u2013 Getarnt als Koffer<\/em><br \/>\n<em>Kompakt, unauff\u00e4llig und leise. So baut man heute an.<\/em><\/p>\n","protected":false},"excerpt":{"rendered":"<p>Bonsanto Aktivkohlefilter Pack Der Geruchs-Killer f\u00fcr Euren Anbau! extrem hochwertige Aktivkohle erm\u00f6glicht auf kleinstem Raum die effektive Luftreinigung zum Austausch<\/p>\n","protected":false},"featured_media":37033,"comment_status":"open","ping_status":"open","template":"","meta":{"_acf_changed":false},"product_cat":[3078,3075],"product_tag":[3616,3135,3136,3137,3138],"acf":[],"_links":{"self":[{"href":"https:\/\/donaulife-new.ogrisdigital.at\/it\/wp-json\/wp\/v2\/product\/54073"}],"collection":[{"href":"https:\/\/donaulife-new.ogrisdigital.at\/it\/wp-json\/wp\/v2\/product"}],"about":[{"href":"https:\/\/donaulife-new.ogrisdigital.at\/it\/wp-json\/wp\/v2\/types\/product"}],"replies":[{"embeddable":true,"href":"https:\/\/donaulife-new.ogrisdigital.at\/it\/wp-json\/wp\/v2\/comments?post=54073"}],"wp:featuredmedia":[{"embeddable":true,"href":"https:\/\/donaulife-new.ogrisdigital.at\/it\/wp-json\/wp\/v2\/media\/37033"}],"wp:attachment":[{"href":"https:\/\/donaulife-new.ogrisdigital.at\/it\/wp-json\/wp\/v2\/media?parent=54073"}],"wp:term":[{"taxonomy":"product_cat","embeddable":true,"href":"https:\/\/donaulife-new.ogrisdigital.at\/it\/wp-json\/wp\/v2\/product_cat?post=54073"},{"taxonomy":"product_tag","embeddable":true,"href":"https:\/\/donaulife-new.ogrisdigital.at\/it\/wp-json\/wp\/v2\/product_tag?post=54073"}],"curies":[{"name":"wp","href":"https:\/\/api.w.org\/{rel}","templated":true}]}}